{"id":1282,"date":"2017-10-25T11:43:23","date_gmt":"2017-10-25T08:43:23","guid":{"rendered":"http:\/\/demo.ovathemes.com\/adventpro\/?page_id=1282"},"modified":"2024-02-13T15:22:09","modified_gmt":"2024-02-13T13:22:09","slug":"kontakt-orig-old","status":"publish","type":"page","link":"https:\/\/www.veinjapintsel.ee\/en\/kontakt-orig-old\/","title":{"rendered":"Kontakt (orig old)"},"content":{"rendered":"<div class=\"wpb-content-wrapper\" ><div data-vc-full-width=\"true\"   data-vc-full-width-init=\"false\"   data-vc-stretch-content=\"true\"   class=\"vc_row wpb_row vc_row-fluid wpb_animate_when_almost_visible wpb_fadeIn fadeIn vc_custom_1707762534280 vc_row-has-fill vc_row-no-padding\"><div class=\"logogabanner wpb_column vc_column_container vc_col-sm-12\"><div class=\"vc_column-inner vc_custom_1536539533261\"><div class=\"wpb_wrapper\">\n\t<div  class=\"wpb_single_image wpb_content_element vc_align_center wpb_content_element vc_custom_1584293252373  esilehtlogo\">\n\t\t\n\t\t<figure class=\"wpb_wrapper vc_figure\">\n\t\t\t<div class=\"vc_single_image-wrapper   vc_box_border_grey\"><img loading=\"lazy\"   decoding=\"async\"   width=\"300\"   height=\"297\"   src=\"https:\/\/www.veinjapintsel.ee\/wp-content\/uploads\/2020\/03\/VeinPintsel-logo-white-300.png\"   class=\"vc_single_image-img attachment-medium\"   alt=\"Vein &amp; Pintsel logo-(white-300)\"   title=\"\"   srcset=\"https:\/\/www.veinjapintsel.ee\/wp-content\/uploads\/2020\/03\/VeinPintsel-logo-white-300.png 300w, https:\/\/www.veinjapintsel.ee\/wp-content\/uploads\/2020\/03\/VeinPintsel-logo-white-300-150x150.png 150w, https:\/\/www.veinjapintsel.ee\/wp-content\/uploads\/2020\/03\/VeinPintsel-logo-white-300-100x100.png 100w\"   sizes=\"auto, (max-width: 300px) 100vw, 300px\" \/><\/div>\n\t\t<\/figure>\n\t<\/div>\n\n\t<div class=\"wpb_text_column wpb_content_element abouttitle\" >\n\t\t<div class=\"wpb_wrapper\">\n\t\t\t<p style=\"text-align: center;\">CONTACT US!<\/p>\n\n\t\t<\/div>\n\t<\/div>\n<div class=\"vc_empty_space  emptyspacekontakt\"     style=\"height: 200px\"><span class=\"vc_empty_space_inner\"><\/span><\/div><\/div><\/div><\/div><\/div><div class=\"vc_row-full-width vc_clearfix\"><\/div><div class=\"vc_row wpb_row vc_row-fluid ova_zindex ova_map_top vc_custom_1707762544766 vc_row-has-fill\"><div class=\"wpb_column vc_column_container vc_col-sm-12 vc_col-lg-4 vc_col-md-4\"><div class=\"vc_column-inner\"><div class=\"wpb_wrapper\"><div class=\"contact_info\"><div class=\"icon\"><i class=\"icon_pin_alt\"><\/i><\/div><div class=\"title\">Address<\/div><div class=\"desc\"><span>V\u00e4ike-Karja 12<\/span><br \/>\n<span>10140, Tallinn <\/span><\/div><\/div><\/div><\/div><\/div><div class=\"wpb_column vc_column_container vc_col-sm-12 vc_col-lg-4 vc_col-md-4\" ><div class=\"vc_column-inner\"><div class=\"wpb_wrapper\"><div class=\"contact_info\"><div class=\"icon\"><i class=\"icon_mobile\"><\/i><\/div><div class=\"title\">Phone<\/div><div class=\"desc\"><span>Tel: +372 5668 8484 <\/span><\/div><\/div><\/div><\/div><\/div><div class=\"wpb_column vc_column_container vc_col-sm-12 vc_col-lg-4 vc_col-md-4\"><div class=\"vc_column-inner\"><div class=\"wpb_wrapper\"><div class=\"contact_info\"><div class=\"icon\"><i class=\"icon_mail_alt\"><\/i><\/div><div class=\"title\">Email<\/div><div class=\"desc\" ><span>veinjapintsel@gmail.com <\/span><br \/>\n<span>Reg nr: 14551330<\/span><\/div><\/div><\/div><\/div><\/div><\/div><div data-vc-full-width=\"true\"   data-vc-full-width-init=\"false\"   data-vc-stretch-content=\"true\"   class=\"vc_row wpb_row vc_row-fluid contact_v2_map vc_custom_1696502108451 vc_row-has-fill vc_row-no-padding\"><div class=\"text-center wpb_column vc_column_container vc_col-sm-12\"><div class=\"vc_column-inner vc_custom_1696500612625\"><div class=\"wpb_wrapper\">\n\t<div  class=\"wpb_single_image wpb_content_element vc_align_center wpb_content_element  kontakt-bg\">\n\t\t\n\t\t<figure class=\"wpb_wrapper vc_figure\">\n\t\t\t<div class=\"vc_single_image-wrapper   vc_box_border_grey\"><img loading=\"lazy\"   decoding=\"async\"   width=\"1920\"   height=\"1080\"   src=\"https:\/\/www.veinjapintsel.ee\/wp-content\/uploads\/2018\/09\/maalimine.jpg\"   class=\"vc_single_image-img attachment-full\"   alt=\"\"   title=\"maalimine\"   srcset=\"https:\/\/www.veinjapintsel.ee\/wp-content\/uploads\/2018\/09\/maalimine.jpg 1920w, https:\/\/www.veinjapintsel.ee\/wp-content\/uploads\/2018\/09\/maalimine-300x169.jpg 300w, https:\/\/www.veinjapintsel.ee\/wp-content\/uploads\/2018\/09\/maalimine-768x432.jpg 768w, https:\/\/www.veinjapintsel.ee\/wp-content\/uploads\/2018\/09\/maalimine-1024x576.jpg 1024w, https:\/\/www.veinjapintsel.ee\/wp-content\/uploads\/2018\/09\/maalimine-600x338.jpg 600w\"   sizes=\"auto, (max-width: 1920px) 100vw, 1920px\" \/><\/div>\n\t\t<\/figure>\n\t<\/div>\n<\/div><\/div><\/div><\/div><div class=\"vc_row-full-width vc_clearfix\"  ><\/div><div class=\"vc_row wpb_row vc_row-fluid ova_zindex vc_custom_1536273972217 vc_row-has-fill\"><div class=\"wpb_column vc_column_container vc_col-sm-12 vc_hidden-xs\"><div class=\"vc_column-inner\"><div class=\"wpb_wrapper\"><div class=\"vc_empty_space\"     style=\"height: 0px\"><span class=\"vc_empty_space_inner\"><\/span><\/div><\/div><\/div><\/div><\/div><div class=\"vc_row wpb_row vc_row-fluid vc_custom_1536274070985 vc_row-has-fill\"><div class=\"wpb_column vc_column_container vc_col-sm-12 vc_col-lg-offset-2 vc_col-lg-8 vc_col-md-offset-2 vc_col-md-8\"><div class=\"vc_column-inner vc_custom_1508987904880\"><div class=\"wpb_wrapper\"><div class=\"ova_heading contact_heading\"><h3 class=\"title\">Register, show up and create your own masterpiece<\/h3><\/div><\/div><\/div><\/div><\/div><div class=\"vc_row wpb_row vc_row-fluid vc_row-o-content-middle vc_row-flex\" ><div class=\"wpb_column vc_column_container vc_col-sm-3 vc_col-lg-offset-2 vc_col-lg-8 vc_col-md-offset-2 vc_col-md-8\"><div class=\"vc_column-inner vc_custom_1508930766421\"><div class=\"wpb_wrapper\"><div class=\"ova_heading\"><h3 class=\"title\">Contact us<\/h3><\/div><div class=\"vc_row wpb_row vc_inner vc_row-fluid\"><div class=\"wpb_column vc_column_container vc_col-sm-12\"><div class=\"vc_column-inner\"><div class=\"wpb_wrapper\">\n<div class=\"wpcf7 no-js\"   id=\"wpcf7-f4548-o1\"   lang=\"et\"   dir=\"ltr\"   data-wpcf7-id=\"4548\">\n<div class=\"screen-reader-response\"><p role=\"status\"   aria-live=\"polite\"   aria-atomic=\"true\"><\/p> <ul><\/ul><\/div>\n<form action=\"\/en\/wp-json\/wp\/v2\/pages\/1282#wpcf7-f4548-o1\"   method=\"post\"   class=\"wpcf7-form init\"   aria-label=\"Contact form\"   novalidate=\"novalidate\"   data-status=\"init\"  data-trp-original-action=\"\/en\/wp-json\/wp\/v2\/pages\/1282#wpcf7-f4548-o1\">\n<fieldset class=\"hidden-fields-container\"><input type=\"hidden\"   name=\"_wpcf7\"   value=\"4548\" \/><input type=\"hidden\"   name=\"_wpcf7_version\"   value=\"6.1.5\" \/><input type=\"hidden\"   name=\"_wpcf7_locale\"   value=\"et\" \/><input type=\"hidden\"   name=\"_wpcf7_unit_tag\"   value=\"wpcf7-f4548-o1\" \/><input type=\"hidden\"   name=\"_wpcf7_container_post\" value=\"0\" \/><input type=\"hidden\"   name=\"_wpcf7_posted_data_hash\" value=\"\" \/><input type=\"hidden\"   name=\"_wpcf7_recaptcha_response\" value=\"\" \/>\n<\/fieldset>\n<p><label>Enter your name<br \/>\n<span class=\"wpcf7-form-control-wrap\"   data-name=\"your-name\"><input size=\"40\"   maxlength=\"400\"   class=\"wpcf7-form-control wpcf7-text wpcf7-validates-as-required\"   aria-required=\"true\"   aria-invalid=\"false\"   value=\"\"   type=\"text\"   name=\"your-name\" \/><\/span> <\/label>\n<\/p>\n<p><label>E-mail<br \/>\n<span class=\"wpcf7-form-control-wrap\"   data-name=\"your-email\"><input size=\"40\"   maxlength=\"400\"   class=\"wpcf7-form-control wpcf7-email wpcf7-validates-as-required wpcf7-text wpcf7-validates-as-email\"   aria-required=\"true\"   aria-invalid=\"false\"   value=\"\"   type=\"email\"   name=\"your-email\" \/><\/span> <\/label>\n<\/p>\n<p><label>Subject<br \/>\n<span class=\"wpcf7-form-control-wrap\"   data-name=\"your-subject\"><input size=\"40\"   maxlength=\"400\"   class=\"wpcf7-form-control wpcf7-text wpcf7-validates-as-required\"   aria-required=\"true\"   aria-invalid=\"false\"   value=\"\"   type=\"text\"   name=\"your-subject\" \/><\/span> <\/label>\n<\/p>\n<p><label>Message<br \/>\n<span class=\"wpcf7-form-control-wrap\"   data-name=\"your-message\"><textarea cols=\"40\"   rows=\"10\"   maxlength=\"2000\"   class=\"wpcf7-form-control wpcf7-textarea wpcf7-validates-as-required\"   aria-required=\"true\"   aria-invalid=\"false\"   name=\"your-message\"><\/textarea><\/span> <\/label>\n<\/p>\n<div>\n\n<\/div>\n<p><input class=\"wpcf7-form-control wpcf7-submit has-spinner\"   id=\"very-special-submit\"   type=\"submit\"   value=\"Send\" \/>\n<\/p><p style=\"display: none !important;\"   class=\"akismet-fields-container\"   data-prefix=\"_wpcf7_ak_\"><label>&#916;<textarea name=\"_wpcf7_ak_hp_textarea\"   cols=\"45\"   rows=\"8\"   maxlength=\"100\"><\/textarea><\/label><input type=\"hidden\"   id=\"ak_js_1\"   name=\"_wpcf7_ak_js\"   value=\"191\"\/><script>document.getElementById( \"ak_js_1\" ).setAttribute( \"value\", ( new Date() ).getTime() );<\/script><\/p><div class=\"wpcf7-response-output\"   aria-hidden=\"true\"><\/div>\n<input type=\"hidden\"  name=\"trp-form-language\"  value=\"en\"\/><\/form>\n<\/div>\n<\/div><\/div><\/div><\/div><div class=\"vc_empty_space\"     style=\"height: 50px\"><span class=\"vc_empty_space_inner\"><\/span><\/div><\/div><\/div><\/div><\/div><div class=\"vc_row wpb_row vc_row-fluid\" ><div class=\"wpb_column vc_column_container vc_col-sm-12\"><div class=\"vc_column-inner\"><div class=\"wpb_wrapper\"><\/div><\/div><\/div><\/div>\n<\/div>","protected":false},"excerpt":{"rendered":"V\u00f5ta meiega \u00fchendust! AadressV\u00e4ike-Karja 12 10140, Tallinn TelefonTel: +372 5668 8484 Emailveinjapintsel@gmail.com Registrikood: 14551330 Registreeri, tule kohale ja loo oma meistriteos.V\u00f5ta meiega \u00fchendust Sisesta enda nimi E-mail Teema Teade &#916;","protected":false},"author":1,"featured_media":0,"parent":0,"menu_order":0,"comment_status":"closed","ping_status":"closed","template":"","meta":{"_exactmetrics_skip_tracking":false,"_exactmetrics_sitenote_active":false,"_exactmetrics_sitenote_note":"","_exactmetrics_sitenote_category":0,"footnotes":""},"class_list":["post-1282","page","type-page","status-publish","hentry"],"yoast_head":"<!-- This site is optimized with the Yoast SEO plugin v27.3 - https:\/\/yoast.com\/product\/yoast-seo-wordpress\/ -->\n<title>Kontakt (orig old) - Vein &amp; Pintsel<\/title>\n<meta name=\"description\"  content=\"V\u00f5ta meiega \u00fchendust! veinjapintsel@gmail.com. Asume Tallinnas.\" \/>\n<meta name=\"robots\"  content=\"index, follow, max-snippet:-1, max-image-preview:large, max-video-preview:-1\" \/>\n<link rel=\"canonical\"  href=\"https:\/\/www.veinjapintsel.ee\/en\/kontakt-orig-old\/\" \/>\n<meta property=\"og:locale\"  content=\"en_US\" \/>\n<meta property=\"og:type\"  content=\"article\" \/>\n<meta property=\"og:title\"  content=\"Kontakt (orig old) - Vein &amp; Pintsel\" \/>\n<meta property=\"og:description\"  content=\"V\u00f5ta meiega \u00fchendust! veinjapintsel@gmail.com. Asume Tallinnas.\" \/>\n<meta property=\"og:url\"  content=\"https:\/\/www.veinjapintsel.ee\/en\/kontakt-orig-old\/\" \/>\n<meta property=\"og:site_name\"  content=\"Vein &amp; Pintsel\" \/>\n<meta property=\"article:modified_time\"  content=\"2024-02-13T13:22:09+00:00\" \/>\n<meta name=\"twitter:card\" content=\"summary_large_image\" \/>\n<meta name=\"twitter:label1\" content=\"Est. reading time\" \/>\n\t<meta name=\"twitter:data1\" content=\"1 minute\" \/>\n<script type=\"application\/ld+json\" class=\"yoast-schema-graph\">{\"@context\":\"https:\\\/\\\/schema.org\",\"@graph\":[{\"@type\":\"WebPage\",\"@id\":\"https:\\\/\\\/www.veinjapintsel.ee\\\/en\\\/kontakt-orig-old\\\/\",\"url\":\"https:\\\/\\\/www.veinjapintsel.ee\\\/en\\\/kontakt-orig-old\\\/\",\"name\":\"Kontakt (orig old) - Vein &amp; Pintsel\",\"isPartOf\":{\"@id\":\"https:\\\/\\\/veinjapintsel.ee\\\/#website\"},\"datePublished\":\"2017-10-25T08:43:23+00:00\",\"dateModified\":\"2024-02-13T13:22:09+00:00\",\"description\":\"V\u00f5ta meiega \u00fchendust! veinjapintsel@gmail.com. Asume Tallinnas.\",\"breadcrumb\":{\"@id\":\"https:\\\/\\\/www.veinjapintsel.ee\\\/en\\\/kontakt-orig-old\\\/#breadcrumb\"},\"inLanguage\":\"en-US\",\"potentialAction\":[{\"@type\":\"ReadAction\",\"target\":[\"https:\\\/\\\/www.veinjapintsel.ee\\\/en\\\/kontakt-orig-old\\\/\"]}]},{\"@type\":\"BreadcrumbList\",\"@id\":\"https:\\\/\\\/www.veinjapintsel.ee\\\/en\\\/kontakt-orig-old\\\/#breadcrumb\",\"itemListElement\":[{\"@type\":\"ListItem\",\"position\":1,\"name\":\"Home\",\"item\":\"https:\\\/\\\/veinjapintsel.ee\\\/\"},{\"@type\":\"ListItem\",\"position\":2,\"name\":\"Kontakt (orig old)\"}]},{\"@type\":\"WebSite\",\"@id\":\"https:\\\/\\\/veinjapintsel.ee\\\/#website\",\"url\":\"https:\\\/\\\/veinjapintsel.ee\\\/\",\"name\":\"Vein &amp; Pintsel\",\"description\":\"Lihtne, l\u00f5bus ja stressivaba elamus\",\"publisher\":{\"@id\":\"https:\\\/\\\/veinjapintsel.ee\\\/#organization\"},\"potentialAction\":[{\"@type\":\"SearchAction\",\"target\":{\"@type\":\"EntryPoint\",\"urlTemplate\":\"https:\\\/\\\/veinjapintsel.ee\\\/?s={search_term_string}\"},\"query-input\":{\"@type\":\"PropertyValueSpecification\",\"valueRequired\":true,\"valueName\":\"search_term_string\"}}],\"inLanguage\":\"en-US\"},{\"@type\":\"Organization\",\"@id\":\"https:\\\/\\\/veinjapintsel.ee\\\/#organization\",\"name\":\"Vein & Pintsel\",\"url\":\"https:\\\/\\\/veinjapintsel.ee\\\/\",\"logo\":{\"@type\":\"ImageObject\",\"inLanguage\":\"en-US\",\"@id\":\"https:\\\/\\\/veinjapintsel.ee\\\/#\\\/schema\\\/logo\\\/image\\\/\",\"url\":\"http:\\\/\\\/www.veinjapintsel.ee\\\/wp-content\\\/uploads\\\/2017\\\/10\\\/veebisaidiikoon.jpg\",\"contentUrl\":\"http:\\\/\\\/www.veinjapintsel.ee\\\/wp-content\\\/uploads\\\/2017\\\/10\\\/veebisaidiikoon.jpg\",\"width\":512,\"height\":512,\"caption\":\"Vein & Pintsel\"},\"image\":{\"@id\":\"https:\\\/\\\/veinjapintsel.ee\\\/#\\\/schema\\\/logo\\\/image\\\/\"}}]}<\/script>\n<!-- \/ Yoast SEO plugin. -->","yoast_head_json":{"title":"Kontakt (orig old) - Vein &amp; Pintsel","description":"V\u00f5ta meiega \u00fchendust! veinjapintsel@gmail.com. Asume Tallinnas.","robots":{"index":"index","follow":"follow","max-snippet":"max-snippet:-1","max-image-preview":"max-image-preview:large","max-video-preview":"max-video-preview:-1"},"canonical":"https:\/\/www.veinjapintsel.ee\/en\/kontakt-orig-old\/","og_locale":"en_US","og_type":"article","og_title":"Kontakt (orig old) - Vein &amp; Pintsel","og_description":"V\u00f5ta meiega \u00fchendust! veinjapintsel@gmail.com. Asume Tallinnas.","og_url":"https:\/\/www.veinjapintsel.ee\/en\/kontakt-orig-old\/","og_site_name":"Vein &amp; Pintsel","article_modified_time":"2024-02-13T13:22:09+00:00","twitter_card":"summary_large_image","twitter_misc":{"Est. reading time":"1 minute"},"schema":{"@context":"https:\/\/schema.org","@graph":[{"@type":"WebPage","@id":"https:\/\/www.veinjapintsel.ee\/en\/kontakt-orig-old\/","url":"https:\/\/www.veinjapintsel.ee\/en\/kontakt-orig-old\/","name":"Kontakt (orig old) - Vein &amp; Pintsel","isPartOf":{"@id":"https:\/\/veinjapintsel.ee\/#website"},"datePublished":"2017-10-25T08:43:23+00:00","dateModified":"2024-02-13T13:22:09+00:00","description":"V\u00f5ta meiega \u00fchendust! veinjapintsel@gmail.com. Asume Tallinnas.","breadcrumb":{"@id":"https:\/\/www.veinjapintsel.ee\/en\/kontakt-orig-old\/#breadcrumb"},"inLanguage":"en-US","potentialAction":[{"@type":"ReadAction","target":["https:\/\/www.veinjapintsel.ee\/en\/kontakt-orig-old\/"]}]},{"@type":"BreadcrumbList","@id":"https:\/\/www.veinjapintsel.ee\/en\/kontakt-orig-old\/#breadcrumb","itemListElement":[{"@type":"ListItem","position":1,"name":"Home","item":"https:\/\/veinjapintsel.ee\/"},{"@type":"ListItem","position":2,"name":"Kontakt (orig old)"}]},{"@type":"WebSite","@id":"https:\/\/veinjapintsel.ee\/#website","url":"https:\/\/veinjapintsel.ee\/","name":"Vein &amp; Pintsel","description":"SIMPLE, FUN AND STRESS-FREE EXPERIENCE!","publisher":{"@id":"https:\/\/veinjapintsel.ee\/#organization"},"potentialAction":[{"@type":"SearchAction","target":{"@type":"EntryPoint","urlTemplate":"https:\/\/veinjapintsel.ee\/?s={search_term_string}"},"query-input":{"@type":"PropertyValueSpecification","valueRequired":true,"valueName":"search_term_string"}}],"inLanguage":"en-US"},{"@type":"Organization","@id":"https:\/\/veinjapintsel.ee\/#organization","name":"Vein & Pintsel","url":"https:\/\/veinjapintsel.ee\/","logo":{"@type":"ImageObject","inLanguage":"en-US","@id":"https:\/\/veinjapintsel.ee\/#\/schema\/logo\/image\/","url":"http:\/\/www.veinjapintsel.ee\/wp-content\/uploads\/2017\/10\/veebisaidiikoon.jpg","contentUrl":"http:\/\/www.veinjapintsel.ee\/wp-content\/uploads\/2017\/10\/veebisaidiikoon.jpg","width":512,"height":512,"caption":"Vein & Pintsel"},"image":{"@id":"https:\/\/veinjapintsel.ee\/#\/schema\/logo\/image\/"}}]}},"_links":{"self":[{"href":"https:\/\/www.veinjapintsel.ee\/en\/wp-json\/wp\/v2\/pages\/1282","targetHints":{"allow":["GET"]}}],"collection":[{"href":"https:\/\/www.veinjapintsel.ee\/en\/wp-json\/wp\/v2\/pages"}],"about":[{"href":"https:\/\/www.veinjapintsel.ee\/en\/wp-json\/wp\/v2\/types\/page"}],"author":[{"embeddable":true,"href":"https:\/\/www.veinjapintsel.ee\/en\/wp-json\/wp\/v2\/users\/1"}],"replies":[{"embeddable":true,"href":"https:\/\/www.veinjapintsel.ee\/en\/wp-json\/wp\/v2\/comments?post=1282"}],"version-history":[{"count":5,"href":"https:\/\/www.veinjapintsel.ee\/en\/wp-json\/wp\/v2\/pages\/1282\/revisions"}],"predecessor-version":[{"id":28707,"href":"https:\/\/www.veinjapintsel.ee\/en\/wp-json\/wp\/v2\/pages\/1282\/revisions\/28707"}],"wp:attachment":[{"href":"https:\/\/www.veinjapintsel.ee\/en\/wp-json\/wp\/v2\/media?parent=1282"}],"curies":[{"name":"wp","href":"https:\/\/api.w.org\/{rel}","templated":true}]}}