{"id":16583,"date":"2020-12-14T13:15:59","date_gmt":"2020-12-14T11:15:59","guid":{"rendered":"http:\/\/www.veinjapintsel.ee\/?page_id=16583"},"modified":"2026-03-09T15:34:17","modified_gmt":"2026-03-09T13:34:17","slug":"kinkekaart","status":"publish","type":"page","link":"https:\/\/www.veinjapintsel.ee\/en\/kinkekaart\/","title":{"rendered":"Gift Card"},"content":{"rendered":"<div class=\"wpb-content-wrapper\" ><div data-vc-full-width=\"true\"   data-vc-full-width-init=\"false\"   data-vc-parallax=\"1.5\"   data-vc-parallax-image=\"https:\/\/www.veinjapintsel.ee\/wp-content\/uploads\/2018\/09\/ettevotted.jpg\"   class=\"vc_row wpb_row vc_row-fluid vc_custom_1569885870075 vc_row-has-fill vc_general vc_parallax vc_parallax-content-moving\"><div class=\"patter_bg\"   style=\"background-color:\" ><\/div><div class=\"registreerimisemainbg wpb_animate_when_almost_visible wpb_fadeIn fadeIn wpb_column vc_column_container vc_col-sm-12\" ><div class=\"vc_column-inner vc_custom_1531880247588\"><div class=\"wpb_wrapper\">\n\t<div class=\"wpb_text_column wpb_content_element wpb_animate_when_almost_visible wpb_fadeInUp fadeInUp kuidasregistreerida\" >\n\t\t<div class=\"wpb_wrapper\">\n\t\t\t<h2 style=\"text-align: center;\">Gift Card<\/h2>\n<p style=\"text-align: center;\">Vein &amp; Pintsel kinkekaart s\u00f5brale v\u00f5i kolleegile<\/p>\n\n\t\t<\/div>\n\t<\/div>\n<\/div><\/div><\/div><\/div><div class=\"vc_row-full-width vc_clearfix\"><\/div><div data-vc-full-width=\"true\"   data-vc-full-width-init=\"false\"   data-vc-stretch-content=\"true\"   class=\"vc_row wpb_row vc_row-fluid vc_custom_1531142562810 vc_row-no-padding vc_row-o-equal-height vc_row-flex\"><div class=\"kirjeldus wpb_animate_when_almost_visible wpb_fadeIn fadeIn wpb_column vc_column_container vc_col-sm-3 vc_col-has-fill\"><div class=\"vc_column-inner vc_custom_1536279048676\"><div class=\"wpb_wrapper\">\n\t<div class=\"wpb_text_column wpb_content_element kunstikogemus\" >\n\t\t<div class=\"wpb_wrapper\">\n\t\t\t<h3>Kingi kinkekaart<\/h3>\n\n\t\t<\/div>\n\t<\/div>\n\n\t<div class=\"wpb_text_column wpb_content_element vc_custom_1607946514710 kunstikogemuskirjeldus\" >\n\t\t<div class=\"wpb_wrapper\">\n\t\t\t<p>Kingitus peaks mitte ainult positiivseid emotsioone tekitama, vaid ka j\u00e4tma kingisaajale kustumatu m\u00e4lestuse. Ideaalne v\u00f5imalus kinkida oma s\u00f5brale v\u00f5i l\u00e4hedasele \u00fcks l\u00f5bus elamus.<\/p>\n\n\t\t<\/div>\n\t<\/div>\n<\/div><\/div><\/div><div class=\"kirjeldusimg wpb_animate_when_almost_visible wpb_fadeIn fadeIn wpb_column vc_column_container vc_col-sm-3 vc_col-has-fill\"><div class=\"vc_column-inner vc_custom_1536919229402\"><div class=\"wpb_wrapper\"><\/div><\/div><\/div><div class=\"eelised wpb_animate_when_almost_visible wpb_fadeIn fadeIn wpb_column vc_column_container vc_col-sm-6 vc_col-has-fill\"><div class=\"vc_column-inner vc_custom_1536279491518\"><div class=\"wpb_wrapper\"><div class=\"uavc-list-icon uavc-list-icon-wrapper ult-adjust-bottom-margin elamused\"><ul class=\"uavc-list\"><li><div class=\"uavc-list-content\"   id=\"list-icon-wrap-5461\">\n<div class=\"uavc-list-icon veinjapintseltekst\"   data-animation=\"\"   data-animation-delay=\"03\"   style=\"margin-right:5px;\"><div class=\"ult-just-icon-wrapper\"><div class=\"align-icon\"   style=\"text-align:center;\">\n<div class=\"aio-icon none\"    style=\"color:#2d2d2d;font-size:37px;display:inline-block;\">\n\t<i class=\"advantagesicon-advantagesicon\"><\/i>\n<\/div><\/div><\/div>\n<\/div><span  data-ultimate-target='#list-icon-wrap-5461 .uavc-list-desc'    data-responsive-json-new='{\"font-size\"  :\"\"  ,\"line-height\"  :\"\"  }'    class=\"uavc-list-desc ult-responsive\"   style=\"\"><\/p>\n<h3>Kingi elamus<\/h3>\n<p>&nbsp;<\/p>\n<p><strong><span style=\"color: #efc337;\">&#8211;\u00a0\u00a0<\/span><\/strong>Kinkekaarte on v\u00f5imalik osta nii rahalises v\u00e4\u00e4rtuses kui ka kindla avaliku \u00fcritusena<\/p>\n<p><strong><span style=\"color: #efc337;\" >&#8211;\u00a0\u00a0<\/span><\/strong>Kinkekaarte saab kasutada kaardil m\u00e4rgitud kehtivusaja ja summa v\u00f5i teenuse piires<\/p>\n<p><strong><span style=\"color: #efc337;\"  >&#8211;\u00a0 <\/span><\/strong>Kinkekaartide kehtivusaeg on 12 kuud<\/p>\n<p><strong><span style=\"color: #efc337;\">&#8211;\u00a0\u00a0<\/span><\/strong>Kinkekaart ei ole vahetatav rahaks<\/p>\n<p><strong><span style=\"color: #efc337;\" >&#8211;\u00a0\u00a0<\/span><\/strong>Kaduma l\u00e4inud kaarti ei asendata<\/p>\n<p><strong><span style=\"color: #efc337;\"  >&#8211;\u00a0\u00a0<\/span><\/strong>Kinkekaardiga ei saa osta teist kinkekaarti<\/p>\n<p>&nbsp;<\/p>\n<p><strong>Contact us today to host a paint party at your venue.<\/strong><\/span><\/div><\/li><\/ul><\/div><\/div><\/div><\/div><\/div><div class=\"vc_row-full-width vc_clearfix\"><\/div><div class=\"vc_row wpb_row vc_row-fluid vc_custom_1569879600271 vc_row-has-fill\"><div class=\"wpb_column vc_column_container vc_col-sm-12 vc_col-lg-offset-2 vc_col-lg-8 vc_col-md-offset-2 vc_col-md-8\"><div class=\"vc_column-inner vc_custom_1508987904880\"><div class=\"wpb_wrapper\"><div class=\"vc_empty_space\"     style=\"height: 50px\"><span class=\"vc_empty_space_inner\"><\/span><\/div><div class=\"ova_heading contact_heading\"><h3 class=\"title\">Order Gift Card<\/h3><\/div><\/div><\/div><\/div><\/div><div class=\"vc_row wpb_row vc_row-fluid vc_row-o-content-middle vc_row-flex\" ><div class=\"wpb_column vc_column_container vc_col-sm-12 vc_col-lg-offset-2 vc_col-lg-8 vc_col-md-offset-2 vc_col-md-8\"><div class=\"vc_column-inner vc_custom_1646981213211\"><div class=\"wpb_wrapper\"><div class=\"ova_heading partneritelesubtitle\"><h3 class=\"title\">Kinkekaardi tellimiseks sisesta enda kontaktandmed ja me v\u00f5tame Teiega \u00fchendust.<\/h3><\/div>\n<div class=\"wpcf7 no-js\"   id=\"wpcf7-f16588-o1\"   lang=\"et\"   dir=\"ltr\"   data-wpcf7-id=\"16588\">\n<div class=\"screen-reader-response\"><p role=\"status\"   aria-live=\"polite\"   aria-atomic=\"true\"><\/p> <ul><\/ul><\/div>\n<form action=\"\/en\/wp-json\/wp\/v2\/pages\/16583#wpcf7-f16588-o1\"   method=\"post\"   class=\"wpcf7-form init\"   aria-label=\"Contact form\"   novalidate=\"novalidate\"   data-status=\"init\"  data-trp-original-action=\"\/en\/wp-json\/wp\/v2\/pages\/16583#wpcf7-f16588-o1\">\n<fieldset class=\"hidden-fields-container\"><input type=\"hidden\"   name=\"_wpcf7\"   value=\"16588\" \/><input type=\"hidden\"   name=\"_wpcf7_version\"   value=\"6.1.5\" \/><input type=\"hidden\"   name=\"_wpcf7_locale\"  value=\"et\" \/><input type=\"hidden\"   name=\"_wpcf7_unit_tag\"   value=\"wpcf7-f16588-o1\" \/><input type=\"hidden\"   name=\"_wpcf7_container_post\" value=\"0\" \/><input type=\"hidden\"   name=\"_wpcf7_posted_data_hash\" value=\"\" \/><input type=\"hidden\"   name=\"_wpcf7_recaptcha_response\" value=\"\" \/>\n<\/fieldset>\n<p><label>Enter your name<br \/>\n<span class=\"wpcf7-form-control-wrap\"   data-name=\"your-name\"><input size=\"40\"   maxlength=\"400\"   class=\"wpcf7-form-control wpcf7-text wpcf7-validates-as-required\"   aria-required=\"true\"   aria-invalid=\"false\"   value=\"\"   type=\"text\"   name=\"your-name\" \/><\/span> <\/label>\n<\/p>\n<p><label>E-mail or phone number<br \/>\n<span class=\"wpcf7-form-control-wrap\"   data-name=\"your-contact-info\"><input size=\"40\"   maxlength=\"400\"   class=\"wpcf7-form-control wpcf7-text wpcf7-validates-as-required\"   aria-required=\"true\"   aria-invalid=\"false\"   value=\"\"   type=\"text\"   name=\"your-contact-info\" \/><\/span> <\/label>\n<\/p>\n<div class=\"contact-form-without-textbox\">\n\n<\/div>\n<p><input class=\"wpcf7-form-control wpcf7-submit has-spinner\"   id=\"very-special-submit\"   type=\"submit\"   value=\"Order Gift Card\" \/>\n<\/p><p style=\"display: none !important;\"   class=\"akismet-fields-container\"   data-prefix=\"_wpcf7_ak_\"><label>&#916;<textarea name=\"_wpcf7_ak_hp_textarea\"   cols=\"45\"   rows=\"8\"   maxlength=\"100\"><\/textarea><\/label><input type=\"hidden\"   id=\"ak_js_1\"   name=\"_wpcf7_ak_js\"   value=\"11\"\/><script>document.getElementById( \"ak_js_1\" ).setAttribute( \"value\", ( new Date() ).getTime() );<\/script><\/p><div class=\"wpcf7-response-output\"   aria-hidden=\"true\"><\/div>\n<input type=\"hidden\"  name=\"trp-form-language\"  value=\"en\"\/><\/form>\n<\/div>\n<div class=\"vc_empty_space\"     style=\"height: 50px\"><span class=\"vc_empty_space_inner\"><\/span><\/div><\/div><\/div><\/div><\/div>\n<\/div>","protected":false},"excerpt":{"rendered":"Kinkekaart Vein &amp; Pintsel kinkekaart s\u00f5brale v\u00f5i kolleegile Kingi kinkekaart Kingitus peaks mitte ainult positiivseid emotsioone tekitama, vaid ka j\u00e4tma kingisaajale kustumatu m\u00e4lestuse. Ideaalne v\u00f5imalus kinkida oma s\u00f5brale v\u00f5i l\u00e4hedasele \u00fcks l\u00f5bus elamus. Kingi elamus &nbsp; -\u00a0\u00a0Kinkekaarte on v\u00f5imalik osta nii rahalises v\u00e4\u00e4rtuses kui ka kindla avaliku \u00fcritusena -\u00a0\u00a0Kinkekaarte saab kasutada kaardil m\u00e4rgitud kehtivusaja ja [...]","protected":false},"author":70,"featured_media":0,"parent":0,"menu_order":0,"comment_status":"closed","ping_status":"closed","template":"","meta":{"_exactmetrics_skip_tracking":false,"_exactmetrics_sitenote_active":false,"_exactmetrics_sitenote_note":"","_exactmetrics_sitenote_category":0,"footnotes":""},"class_list":["post-16583","page","type-page","status-publish","hentry"],"yoast_head":"<!-- This site is optimized with the Yoast SEO plugin v27.3 - https:\/\/yoast.com\/product\/yoast-seo-wordpress\/ -->\n<title>Kinkekaart - Vein &amp; Pintsel<\/title>\n<meta name=\"description\"  content=\"Vein &amp; Pintsel kinkekaart s\u00f5brale v\u00f5i kolleegile. Lihtne, l\u00f5bus ja stressivaba elamus.\" \/>\n<meta name=\"robots\"  content=\"index, follow, max-snippet:-1, max-image-preview:large, max-video-preview:-1\" \/>\n<link rel=\"canonical\"  href=\"https:\/\/veinjapintsel.ee\/kinkekaart\/\" \/>\n<meta property=\"og:locale\"  content=\"en_US\" \/>\n<meta property=\"og:type\"  content=\"article\" \/>\n<meta property=\"og:title\"  content=\"Kinkekaart - Vein &amp; Pintsel\" \/>\n<meta property=\"og:description\"  content=\"Vein &amp; Pintsel kinkekaart s\u00f5brale v\u00f5i kolleegile. Lihtne, l\u00f5bus ja stressivaba elamus.\" \/>\n<meta property=\"og:url\"  content=\"https:\/\/veinjapintsel.ee\/kinkekaart\/\" \/>\n<meta property=\"og:site_name\"  content=\"Vein &amp; Pintsel\" \/>\n<meta property=\"article:modified_time\"  content=\"2026-03-09T13:34:17+00:00\" \/>\n<meta name=\"twitter:card\"  content=\"summary_large_image\" \/>\n<meta name=\"twitter:label1\" content=\"Est. reading time\" \/>\n\t<meta name=\"twitter:data1\" content=\"1 minute\" \/>\n<script type=\"application\/ld+json\" class=\"yoast-schema-graph\">{\"@context\":\"https:\\\/\\\/schema.org\",\"@graph\":[{\"@type\":\"WebPage\",\"@id\":\"https:\\\/\\\/veinjapintsel.ee\\\/kinkekaart\\\/\",\"url\":\"https:\\\/\\\/veinjapintsel.ee\\\/kinkekaart\\\/\",\"name\":\"Kinkekaart - Vein &amp; Pintsel\",\"isPartOf\":{\"@id\":\"https:\\\/\\\/veinjapintsel.ee\\\/#website\"},\"datePublished\":\"2020-12-14T11:15:59+00:00\",\"dateModified\":\"2026-03-09T13:34:17+00:00\",\"description\":\"Vein & Pintsel kinkekaart s\u00f5brale v\u00f5i kolleegile. Lihtne, l\u00f5bus ja stressivaba elamus.\",\"breadcrumb\":{\"@id\":\"https:\\\/\\\/veinjapintsel.ee\\\/kinkekaart\\\/#breadcrumb\"},\"inLanguage\":\"en-US\",\"potentialAction\":[{\"@type\":\"ReadAction\",\"target\":[\"https:\\\/\\\/veinjapintsel.ee\\\/kinkekaart\\\/\"]}]},{\"@type\":\"BreadcrumbList\",\"@id\":\"https:\\\/\\\/veinjapintsel.ee\\\/kinkekaart\\\/#breadcrumb\",\"itemListElement\":[{\"@type\":\"ListItem\",\"position\":1,\"name\":\"Home\",\"item\":\"https:\\\/\\\/veinjapintsel.ee\\\/\"},{\"@type\":\"ListItem\",\"position\":2,\"name\":\"Kinkekaart\"}]},{\"@type\":\"WebSite\",\"@id\":\"https:\\\/\\\/veinjapintsel.ee\\\/#website\",\"url\":\"https:\\\/\\\/veinjapintsel.ee\\\/\",\"name\":\"Vein &amp; Pintsel\",\"description\":\"Lihtne, l\u00f5bus ja stressivaba elamus\",\"publisher\":{\"@id\":\"https:\\\/\\\/veinjapintsel.ee\\\/#organization\"},\"potentialAction\":[{\"@type\":\"SearchAction\",\"target\":{\"@type\":\"EntryPoint\",\"urlTemplate\":\"https:\\\/\\\/veinjapintsel.ee\\\/?s={search_term_string}\"},\"query-input\":{\"@type\":\"PropertyValueSpecification\",\"valueRequired\":true,\"valueName\":\"search_term_string\"}}],\"inLanguage\":\"en-US\"},{\"@type\":\"Organization\",\"@id\":\"https:\\\/\\\/veinjapintsel.ee\\\/#organization\",\"name\":\"Vein & Pintsel\",\"url\":\"https:\\\/\\\/veinjapintsel.ee\\\/\",\"logo\":{\"@type\":\"ImageObject\",\"inLanguage\":\"en-US\",\"@id\":\"https:\\\/\\\/veinjapintsel.ee\\\/#\\\/schema\\\/logo\\\/image\\\/\",\"url\":\"http:\\\/\\\/www.veinjapintsel.ee\\\/wp-content\\\/uploads\\\/2017\\\/10\\\/veebisaidiikoon.jpg\",\"contentUrl\":\"http:\\\/\\\/www.veinjapintsel.ee\\\/wp-content\\\/uploads\\\/2017\\\/10\\\/veebisaidiikoon.jpg\",\"width\":512,\"height\":512,\"caption\":\"Vein & Pintsel\"},\"image\":{\"@id\":\"https:\\\/\\\/veinjapintsel.ee\\\/#\\\/schema\\\/logo\\\/image\\\/\"}}]}<\/script>\n<!-- \/ Yoast SEO plugin. -->","yoast_head_json":{"title":"Kinkekaart - Vein &amp; Pintsel","description":"Vein & Pintsel kinkekaart s\u00f5brale v\u00f5i kolleegile. Lihtne, l\u00f5bus ja stressivaba elamus.","robots":{"index":"index","follow":"follow","max-snippet":"max-snippet:-1","max-image-preview":"max-image-preview:large","max-video-preview":"max-video-preview:-1"},"canonical":"https:\/\/veinjapintsel.ee\/kinkekaart\/","og_locale":"en_US","og_type":"article","og_title":"Kinkekaart - Vein &amp; Pintsel","og_description":"Vein & Pintsel kinkekaart s\u00f5brale v\u00f5i kolleegile. Lihtne, l\u00f5bus ja stressivaba elamus.","og_url":"https:\/\/veinjapintsel.ee\/kinkekaart\/","og_site_name":"Vein &amp; Pintsel","article_modified_time":"2026-03-09T13:34:17+00:00","twitter_card":"summary_large_image","twitter_misc":{"Est. reading time":"1 minute"},"schema":{"@context":"https:\/\/schema.org","@graph":[{"@type":"WebPage","@id":"https:\/\/veinjapintsel.ee\/kinkekaart\/","url":"https:\/\/veinjapintsel.ee\/kinkekaart\/","name":"Kinkekaart - Vein &amp; Pintsel","isPartOf":{"@id":"https:\/\/veinjapintsel.ee\/#website"},"datePublished":"2020-12-14T11:15:59+00:00","dateModified":"2026-03-09T13:34:17+00:00","description":"Vein & Pintsel kinkekaart s\u00f5brale v\u00f5i kolleegile. Lihtne, l\u00f5bus ja stressivaba elamus.","breadcrumb":{"@id":"https:\/\/veinjapintsel.ee\/kinkekaart\/#breadcrumb"},"inLanguage":"en-US","potentialAction":[{"@type":"ReadAction","target":["https:\/\/veinjapintsel.ee\/kinkekaart\/"]}]},{"@type":"BreadcrumbList","@id":"https:\/\/veinjapintsel.ee\/kinkekaart\/#breadcrumb","itemListElement":[{"@type":"ListItem","position":1,"name":"Home","item":"https:\/\/veinjapintsel.ee\/"},{"@type":"ListItem","position":2,"name":"Kinkekaart"}]},{"@type":"WebSite","@id":"https:\/\/veinjapintsel.ee\/#website","url":"https:\/\/veinjapintsel.ee\/","name":"Vein &amp; Pintsel","description":"SIMPLE, FUN AND STRESS-FREE EXPERIENCE!","publisher":{"@id":"https:\/\/veinjapintsel.ee\/#organization"},"potentialAction":[{"@type":"SearchAction","target":{"@type":"EntryPoint","urlTemplate":"https:\/\/veinjapintsel.ee\/?s={search_term_string}"},"query-input":{"@type":"PropertyValueSpecification","valueRequired":true,"valueName":"search_term_string"}}],"inLanguage":"en-US"},{"@type":"Organization","@id":"https:\/\/veinjapintsel.ee\/#organization","name":"Vein & Pintsel","url":"https:\/\/veinjapintsel.ee\/","logo":{"@type":"ImageObject","inLanguage":"en-US","@id":"https:\/\/veinjapintsel.ee\/#\/schema\/logo\/image\/","url":"http:\/\/www.veinjapintsel.ee\/wp-content\/uploads\/2017\/10\/veebisaidiikoon.jpg","contentUrl":"http:\/\/www.veinjapintsel.ee\/wp-content\/uploads\/2017\/10\/veebisaidiikoon.jpg","width":512,"height":512,"caption":"Vein & Pintsel"},"image":{"@id":"https:\/\/veinjapintsel.ee\/#\/schema\/logo\/image\/"}}]}},"_links":{"self":[{"href":"https:\/\/www.veinjapintsel.ee\/en\/wp-json\/wp\/v2\/pages\/16583","targetHints":{"allow":["GET"]}}],"collection":[{"href":"https:\/\/www.veinjapintsel.ee\/en\/wp-json\/wp\/v2\/pages"}],"about":[{"href":"https:\/\/www.veinjapintsel.ee\/en\/wp-json\/wp\/v2\/types\/page"}],"author":[{"embeddable":true,"href":"https:\/\/www.veinjapintsel.ee\/en\/wp-json\/wp\/v2\/users\/70"}],"replies":[{"embeddable":true,"href":"https:\/\/www.veinjapintsel.ee\/en\/wp-json\/wp\/v2\/comments?post=16583"}],"version-history":[{"count":5,"href":"https:\/\/www.veinjapintsel.ee\/en\/wp-json\/wp\/v2\/pages\/16583\/revisions"}],"predecessor-version":[{"id":37195,"href":"https:\/\/www.veinjapintsel.ee\/en\/wp-json\/wp\/v2\/pages\/16583\/revisions\/37195"}],"wp:attachment":[{"href":"https:\/\/www.veinjapintsel.ee\/en\/wp-json\/wp\/v2\/media?parent=16583"}],"curies":[{"name":"wp","href":"https:\/\/api.w.org\/{rel}","templated":true}]}}