{"id":24130,"date":"2023-05-23T12:40:41","date_gmt":"2023-05-23T09:40:41","guid":{"rendered":"http:\/\/www.veinjapintsel.ee\/?page_id=24130"},"modified":"2025-10-07T12:23:35","modified_gmt":"2025-10-07T09:23:35","slug":"maalide-muuk","status":"publish","type":"page","link":"https:\/\/www.veinjapintsel.ee\/en\/maalide-muuk\/","title":{"rendered":"Sale of Paintings"},"content":{"rendered":"<div class=\"wpb-content-wrapper\" ><div data-vc-full-width=\"true\"   data-vc-full-width-init=\"false\"   data-vc-stretch-content=\"true\"   class=\"vc_row wpb_row vc_row-fluid wpb_animate_when_almost_visible wpb_fadeIn fadeIn vc_custom_1726094091434 vc_row-has-fill vc_row-no-padding vc_row-o-equal-height vc_row-o-content-middle vc_row-flex\"><div class=\"wpb_column vc_column_container vc_col-sm-12\"><div class=\"vc_column-inner vc_custom_1531826522239\"><div class=\"wpb_wrapper\">\n\t<div class=\"wpb_text_column wpb_content_element wpb_animate_when_almost_visible wpb_fadeInUp fadeInUp vc_custom_1726094740045 abouttitle\" >\n\t\t<div class=\"wpb_wrapper\">\n\t\t\t<h2 style=\"text-align: center;\">Sale of Paintings<\/h2>\n<p style=\"text-align: center;\">K\u00f5ik maalid on meie juhendajate poolt maalitud<\/p>\n\n\t\t<\/div>\n\t<\/div>\n<\/div><\/div><\/div><\/div><div class=\"vc_row-full-width vc_clearfix\"><\/div><div class=\"vc_row wpb_row vc_row-fluid tootedkeskele-gat wpb_animate_when_almost_visible wpb_fadeIn fadeIn\"><div class=\"wpb_column vc_column_container vc_col-sm-4\"><div class=\"vc_column-inner vc_custom_1686907832420\"><div class=\"wpb_wrapper\"><div class=\"vc_empty_space\"     style=\"height: 80px\"><span class=\"vc_empty_space_inner\"><\/span><\/div><div class=\"woocommerce columns-1\"><div class=\"products row\">\n<li class=\"product-category product first\">\n\t<a aria-label=\"Visit product category Akr\u00fc\u00fclmaalid\"  href=\"https:\/\/www.veinjapintsel.ee\/en\/product-category\/maalide-muuk\/akruulmaalid\/\"  data-no-translation-aria-label=\"\"><img loading=\"lazy\"   decoding=\"async\"   src=\"https:\/\/veinjapintsel.ee\/wp-content\/uploads\/2023\/05\/akruulmaal-rebane-vein-ja-pintsel-300x300.jpg\"   alt=\"Akr\u00fc\u00fclmaalid\"   width=\"300\"   height=\"300\"   srcset=\"https:\/\/veinjapintsel.ee\/wp-content\/uploads\/2023\/05\/akruulmaal-rebane-vein-ja-pintsel-300x300.jpg 300w, https:\/\/veinjapintsel.ee\/wp-content\/uploads\/2023\/05\/akruulmaal-rebane-vein-ja-pintsel-150x150.jpg 150w, https:\/\/veinjapintsel.ee\/wp-content\/uploads\/2023\/05\/akruulmaal-rebane-vein-ja-pintsel-100x100.jpg 100w\"  sizes=\"auto, (max-width: 300px) 100vw, 300px\" \/>\t\t<h2 class=\"woocommerce-loop-category__title\">\n\t\t\tAkr\u00fc\u00fclmaalid <mark class=\"count\">(39)<\/mark>\t\t<\/h2>\n\t\t<\/a><\/li>\n<\/div>\n<\/div><\/div><\/div><\/div><div class=\"wpb_column vc_column_container vc_col-sm-4\"><div class=\"vc_column-inner vc_custom_1686907840815\"><div class=\"wpb_wrapper\"><div class=\"vc_empty_space\"     style=\"height: 80px\"><span class=\"vc_empty_space_inner\"><\/span><\/div><div class=\"woocommerce columns-1\"><div class=\"products row\">\n<li class=\"product-category product first\">\n\t<a aria-label=\"Visit product category Struktuursed akr\u00fc\u00fclmaalid\"  href=\"https:\/\/www.veinjapintsel.ee\/en\/product-category\/maalide-muuk\/struktuursed-akruulmaalid\/\"  data-no-translation-aria-label=\"\"><img loading=\"lazy\"   decoding=\"async\"   src=\"https:\/\/veinjapintsel.ee\/wp-content\/uploads\/2021\/05\/struktuur-300x300.jpg\"   alt=\"Struktuursed akr\u00fc\u00fclmaalid\"   width=\"300\"   height=\"300\"   srcset=\"https:\/\/veinjapintsel.ee\/wp-content\/uploads\/2021\/05\/struktuur-300x300.jpg 300w, https:\/\/veinjapintsel.ee\/wp-content\/uploads\/2021\/05\/struktuur-150x150.jpg 150w, https:\/\/veinjapintsel.ee\/wp-content\/uploads\/2021\/05\/struktuur-100x100.jpg 100w\"  sizes=\"auto, (max-width: 300px) 100vw, 300px\" \/>\t\t<h2 class=\"woocommerce-loop-category__title\">\n\t\t\tStruktuursed akr\u00fc\u00fclmaalid <mark class=\"count\">(1)<\/mark>\t\t<\/h2>\n\t\t<\/a><\/li>\n<\/div>\n<\/div><\/div><\/div><\/div><div class=\"wpb_column vc_column_container vc_col-sm-4\"><div class=\"vc_column-inner vc_custom_1686907847976\"><div class=\"wpb_wrapper\"><div class=\"vc_empty_space\"     style=\"height: 80px\"><span class=\"vc_empty_space_inner\"><\/span><\/div><div class=\"woocommerce columns-1\"><div class=\"products row\">\n<li class=\"product-category product first\">\n\t<a aria-label=\"Visit product category Akr\u00fc\u00fcl\u00advalamise maalid\"  href=\"https:\/\/www.veinjapintsel.ee\/en\/product-category\/maalide-muuk\/akruulvalamise-maalid\/\"  data-no-translation-aria-label=\"\"><img loading=\"lazy\"   decoding=\"async\"   src=\"https:\/\/veinjapintsel.ee\/wp-content\/uploads\/2023\/06\/IMG_20220913_115313-med-300x300.jpg\"   alt=\"Akr\u00fc\u00fcl&shy;valamise maalid\"   width=\"300\"   height=\"300\"   srcset=\"https:\/\/veinjapintsel.ee\/wp-content\/uploads\/2023\/06\/IMG_20220913_115313-med-300x300.jpg 300w, https:\/\/veinjapintsel.ee\/wp-content\/uploads\/2023\/06\/IMG_20220913_115313-med-150x150.jpg 150w, https:\/\/veinjapintsel.ee\/wp-content\/uploads\/2023\/06\/IMG_20220913_115313-med-11x12.jpg 11w, https:\/\/veinjapintsel.ee\/wp-content\/uploads\/2023\/06\/IMG_20220913_115313-med-100x100.jpg 100w\"  sizes=\"auto, (max-width: 300px) 100vw, 300px\" \/>\t\t<h2 class=\"woocommerce-loop-category__title\">\n\t\t\tAkr\u00fc\u00fcl&shy;valamise maalid <mark class=\"count\" >(12)<\/mark>\t\t<\/h2>\n\t\t<\/a><\/li>\n<\/div>\n<\/div><\/div><\/div><\/div><\/div><div class=\"vc_row wpb_row vc_row-fluid\"><div class=\"wpb_column vc_column_container vc_col-sm-12\"><div class=\"vc_column-inner\"><div class=\"wpb_wrapper\"><div class=\"vc_empty_space\"     style=\"height: 40px\"><span class=\"vc_empty_space_inner\"><\/span><\/div><\/div><\/div><\/div><\/div>\n<\/div>","protected":false},"excerpt":{"rendered":"Maalide m\u00fc\u00fck K\u00f5ik maalid on meie juhendajate poolt maalitud Akr\u00fc\u00fclmaalid (39) Struktuursed akr\u00fc\u00fclmaalid (1) Akr\u00fc\u00fcl&shy;valamise maalid (12)","protected":false},"author":70,"featured_media":0,"parent":0,"menu_order":0,"comment_status":"closed","ping_status":"closed","template":"","meta":{"_exactmetrics_skip_tracking":false,"_exactmetrics_sitenote_active":false,"_exactmetrics_sitenote_note":"","_exactmetrics_sitenote_category":0,"footnotes":""},"class_list":["post-24130","page","type-page","status-publish","hentry"],"yoast_head":"<!-- This site is optimized with the Yoast SEO plugin v27.3 - https:\/\/yoast.com\/product\/yoast-seo-wordpress\/ -->\n<title>Maalide m\u00fc\u00fck - Vein &amp; Pintsel<\/title>\n<meta name=\"description\"  content=\"Osta maal, pilet v\u00f5i leia info p\u00f5nevate \u00fcrituste kohta. Lihtne, l\u00f5bus ja stressivaba elamus.\"  \/>\n<meta name=\"robots\"  content=\"noindex, follow\" \/>\n<meta property=\"og:locale\"  content=\"en_US\" \/>\n<meta property=\"og:type\"  content=\"article\" \/>\n<meta property=\"og:title\"  content=\"Maalide m\u00fc\u00fck - Vein &amp; Pintsel\" \/>\n<meta property=\"og:description\"  content=\"Osta maal, pilet v\u00f5i leia info p\u00f5nevate \u00fcrituste kohta. Lihtne, l\u00f5bus ja stressivaba elamus.\" \/>\n<meta property=\"og:url\"  content=\"https:\/\/veinjapintsel.ee\/maalide-muuk\/\" \/>\n<meta property=\"og:site_name\"  content=\"Vein &amp; Pintsel\" \/>\n<meta property=\"article:modified_time\"  content=\"2025-10-07T09:23:35+00:00\" \/>\n<meta name=\"twitter:card\"  content=\"summary_large_image\" \/>\n<meta name=\"twitter:label1\"  content=\"Est. reading time\" \/>\n\t<meta name=\"twitter:data1\" content=\"1 minute\" \/>\n<script type=\"application\/ld+json\" class=\"yoast-schema-graph\">{\"@context\":\"https:\\\/\\\/schema.org\",\"@graph\":[{\"@type\":\"WebPage\",\"@id\":\"https:\\\/\\\/veinjapintsel.ee\\\/maalide-muuk\\\/\",\"url\":\"https:\\\/\\\/veinjapintsel.ee\\\/maalide-muuk\\\/\",\"name\":\"Maalide m\u00fc\u00fck - Vein &amp; Pintsel\",\"isPartOf\":{\"@id\":\"https:\\\/\\\/veinjapintsel.ee\\\/#website\"},\"datePublished\":\"2023-05-23T09:40:41+00:00\",\"dateModified\":\"2025-10-07T09:23:35+00:00\",\"description\":\"Osta maal, pilet v\u00f5i leia info p\u00f5nevate \u00fcrituste kohta. Lihtne, l\u00f5bus ja stressivaba elamus.\",\"breadcrumb\":{\"@id\":\"https:\\\/\\\/veinjapintsel.ee\\\/maalide-muuk\\\/#breadcrumb\"},\"inLanguage\":\"en-US\",\"potentialAction\":[{\"@type\":\"ReadAction\",\"target\":[\"https:\\\/\\\/veinjapintsel.ee\\\/maalide-muuk\\\/\"]}]},{\"@type\":\"BreadcrumbList\",\"@id\":\"https:\\\/\\\/veinjapintsel.ee\\\/maalide-muuk\\\/#breadcrumb\",\"itemListElement\":[{\"@type\":\"ListItem\",\"position\":1,\"name\":\"Home\",\"item\":\"https:\\\/\\\/veinjapintsel.ee\\\/\"},{\"@type\":\"ListItem\",\"position\":2,\"name\":\"Maalide m\u00fc\u00fck\"}]},{\"@type\":\"WebSite\",\"@id\":\"https:\\\/\\\/veinjapintsel.ee\\\/#website\",\"url\":\"https:\\\/\\\/veinjapintsel.ee\\\/\",\"name\":\"Vein &amp; Pintsel\",\"description\":\"Lihtne, l\u00f5bus ja stressivaba elamus\",\"publisher\":{\"@id\":\"https:\\\/\\\/veinjapintsel.ee\\\/#organization\"},\"potentialAction\":[{\"@type\":\"SearchAction\",\"target\":{\"@type\":\"EntryPoint\",\"urlTemplate\":\"https:\\\/\\\/veinjapintsel.ee\\\/?s={search_term_string}\"},\"query-input\":{\"@type\":\"PropertyValueSpecification\",\"valueRequired\":true,\"valueName\":\"search_term_string\"}}],\"inLanguage\":\"en-US\"},{\"@type\":\"Organization\",\"@id\":\"https:\\\/\\\/veinjapintsel.ee\\\/#organization\",\"name\":\"Vein & Pintsel\",\"url\":\"https:\\\/\\\/veinjapintsel.ee\\\/\",\"logo\":{\"@type\":\"ImageObject\",\"inLanguage\":\"en-US\",\"@id\":\"https:\\\/\\\/veinjapintsel.ee\\\/#\\\/schema\\\/logo\\\/image\\\/\",\"url\":\"http:\\\/\\\/www.veinjapintsel.ee\\\/wp-content\\\/uploads\\\/2017\\\/10\\\/veebisaidiikoon.jpg\",\"contentUrl\":\"http:\\\/\\\/www.veinjapintsel.ee\\\/wp-content\\\/uploads\\\/2017\\\/10\\\/veebisaidiikoon.jpg\",\"width\":512,\"height\":512,\"caption\":\"Vein & Pintsel\"},\"image\":{\"@id\":\"https:\\\/\\\/veinjapintsel.ee\\\/#\\\/schema\\\/logo\\\/image\\\/\"}}]}<\/script>\n<!-- \/ Yoast SEO plugin. -->","yoast_head_json":{"title":"Maalide m\u00fc\u00fck - Vein &amp; Pintsel","description":"Osta maal, pilet v\u00f5i leia info p\u00f5nevate \u00fcrituste kohta. Lihtne, l\u00f5bus ja stressivaba elamus.","robots":{"index":"noindex","follow":"follow"},"og_locale":"en_US","og_type":"article","og_title":"Maalide m\u00fc\u00fck - Vein &amp; Pintsel","og_description":"Osta maal, pilet v\u00f5i leia info p\u00f5nevate \u00fcrituste kohta. Lihtne, l\u00f5bus ja stressivaba elamus.","og_url":"https:\/\/veinjapintsel.ee\/maalide-muuk\/","og_site_name":"Vein &amp; Pintsel","article_modified_time":"2025-10-07T09:23:35+00:00","twitter_card":"summary_large_image","twitter_misc":{"Est. reading time":"1 minute"},"schema":{"@context":"https:\/\/schema.org","@graph":[{"@type":"WebPage","@id":"https:\/\/veinjapintsel.ee\/maalide-muuk\/","url":"https:\/\/veinjapintsel.ee\/maalide-muuk\/","name":"Maalide m\u00fc\u00fck - Vein &amp; Pintsel","isPartOf":{"@id":"https:\/\/veinjapintsel.ee\/#website"},"datePublished":"2023-05-23T09:40:41+00:00","dateModified":"2025-10-07T09:23:35+00:00","description":"Osta maal, pilet v\u00f5i leia info p\u00f5nevate \u00fcrituste kohta. Lihtne, l\u00f5bus ja stressivaba elamus.","breadcrumb":{"@id":"https:\/\/veinjapintsel.ee\/maalide-muuk\/#breadcrumb"},"inLanguage":"en-US","potentialAction":[{"@type":"ReadAction","target":["https:\/\/veinjapintsel.ee\/maalide-muuk\/"]}]},{"@type":"BreadcrumbList","@id":"https:\/\/veinjapintsel.ee\/maalide-muuk\/#breadcrumb","itemListElement":[{"@type":"ListItem","position":1,"name":"Home","item":"https:\/\/veinjapintsel.ee\/"},{"@type":"ListItem","position":2,"name":"Maalide m\u00fc\u00fck"}]},{"@type":"WebSite","@id":"https:\/\/veinjapintsel.ee\/#website","url":"https:\/\/veinjapintsel.ee\/","name":"Vein &amp; Pintsel","description":"SIMPLE, FUN AND STRESS-FREE EXPERIENCE!","publisher":{"@id":"https:\/\/veinjapintsel.ee\/#organization"},"potentialAction":[{"@type":"SearchAction","target":{"@type":"EntryPoint","urlTemplate":"https:\/\/veinjapintsel.ee\/?s={search_term_string}"},"query-input":{"@type":"PropertyValueSpecification","valueRequired":true,"valueName":"search_term_string"}}],"inLanguage":"en-US"},{"@type":"Organization","@id":"https:\/\/veinjapintsel.ee\/#organization","name":"Vein & Pintsel","url":"https:\/\/veinjapintsel.ee\/","logo":{"@type":"ImageObject","inLanguage":"en-US","@id":"https:\/\/veinjapintsel.ee\/#\/schema\/logo\/image\/","url":"http:\/\/www.veinjapintsel.ee\/wp-content\/uploads\/2017\/10\/veebisaidiikoon.jpg","contentUrl":"http:\/\/www.veinjapintsel.ee\/wp-content\/uploads\/2017\/10\/veebisaidiikoon.jpg","width":512,"height":512,"caption":"Vein & Pintsel"},"image":{"@id":"https:\/\/veinjapintsel.ee\/#\/schema\/logo\/image\/"}}]}},"_links":{"self":[{"href":"https:\/\/www.veinjapintsel.ee\/en\/wp-json\/wp\/v2\/pages\/24130","targetHints":{"allow":["GET"]}}],"collection":[{"href":"https:\/\/www.veinjapintsel.ee\/en\/wp-json\/wp\/v2\/pages"}],"about":[{"href":"https:\/\/www.veinjapintsel.ee\/en\/wp-json\/wp\/v2\/types\/page"}],"author":[{"embeddable":true,"href":"https:\/\/www.veinjapintsel.ee\/en\/wp-json\/wp\/v2\/users\/70"}],"replies":[{"embeddable":true,"href":"https:\/\/www.veinjapintsel.ee\/en\/wp-json\/wp\/v2\/comments?post=24130"}],"version-history":[{"count":5,"href":"https:\/\/www.veinjapintsel.ee\/en\/wp-json\/wp\/v2\/pages\/24130\/revisions"}],"predecessor-version":[{"id":33057,"href":"https:\/\/www.veinjapintsel.ee\/en\/wp-json\/wp\/v2\/pages\/24130\/revisions\/33057"}],"wp:attachment":[{"href":"https:\/\/www.veinjapintsel.ee\/en\/wp-json\/wp\/v2\/media?parent=24130"}],"curies":[{"name":"wp","href":"https:\/\/api.w.org\/{rel}","templated":true}]}}