{"id":28619,"date":"2024-02-12T21:56:04","date_gmt":"2024-02-12T19:56:04","guid":{"rendered":"http:\/\/www.veinjapintsel.ee\/?page_id=28619"},"modified":"2025-07-11T01:13:08","modified_gmt":"2025-07-10T22:13:08","slug":"kontakt","status":"publish","type":"page","link":"https:\/\/www.veinjapintsel.ee\/en\/kontakt\/","title":{"rendered":"Contact"},"content":{"rendered":"<div class=\"wpb-content-wrapper\" ><div data-vc-full-width=\"true\"   data-vc-full-width-init=\"false\"   data-vc-stretch-content=\"true\"   data-vc-parallax=\"1.5\"   data-vc-parallax-image=\"https:\/\/www.veinjapintsel.ee\/wp-content\/uploads\/2021\/05\/meelelahutuslik-juhendatud-maalimine-vein-ja-pintsel.jpg\"   class=\"vc_row wpb_row vc_row-fluid vc_custom_1707851931542 vc_row-has-fill vc_row-no-padding vc_general vc_parallax vc_parallax-content-moving\"><div class=\"patter_bg\"   style=\"background-color:\" ><\/div><div class=\"registreerimisemainbg wpb_animate_when_almost_visible wpb_fadeIn fadeIn wpb_column vc_column_container vc_col-sm-12\"><div class=\"vc_column-inner vc_custom_1707851483351\"><div class=\"wpb_wrapper\">\n\t<div class=\"wpb_text_column wpb_content_element wpb_animate_when_almost_visible wpb_fadeInUp fadeInUp kuidasregistreerida\" >\n\t\t<div class=\"wpb_wrapper\">\n\t\t\t<h2 style=\"text-align: center;\">Contact<\/h2>\n<p style=\"text-align: center;\">CONTACT US!<\/p>\n\n\t\t<\/div>\n\t<\/div>\n<\/div><\/div><\/div><\/div><div class=\"vc_row-full-width vc_clearfix\"><\/div><div class=\"vc_row wpb_row vc_row-fluid vc_custom_1707772609405 vc_row-has-fill\"><div class=\"wpb_column vc_column_container vc_col-sm-12 vc_col-lg-4 vc_col-md-4\"><div class=\"vc_column-inner\"><div class=\"wpb_wrapper\"><div class=\"contact_info\"><div class=\"icon\"><i class=\"icon_pin_alt\"><\/i><\/div><div class=\"title\">Address<\/div><div class=\"desc\"><span>V\u00e4ike-Karja 12<\/span><br \/>\n<span>10140, Tallinn <\/span><\/div><\/div><\/div><\/div><\/div><div class=\"wpb_column vc_column_container vc_col-sm-12 vc_col-lg-4 vc_col-md-4\" ><div class=\"vc_column-inner\"><div class=\"wpb_wrapper\"><div class=\"contact_info\"><div class=\"icon\"><i class=\"icon_mail_alt\"><\/i><\/div><div class=\"title\">Contact<\/div><div class=\"desc\"><span>+372 5668 8484 <\/span><br \/>\n<span>veinjapintsel@gmail.com<\/span><\/div><\/div><\/div><\/div><\/div><div class=\"wpb_column vc_column_container vc_col-sm-12 vc_col-lg-4 vc_col-md-4\"  ><div class=\"vc_column-inner\"><div class=\"wpb_wrapper\"><div class=\"contact_info\"><div class=\"icon\"><i class=\"icon_house_alt\"><\/i><\/div><div class=\"title\">Vein &amp; Pintsel O\u00dc<\/div><div class=\"desc\" ><span>Reg nr: 14551330<\/span><br \/>\n<span>VAT: EE102100730<\/span><\/div><\/div><\/div><\/div><\/div><\/div><div class=\"vc_row wpb_row vc_row-fluid vc_custom_1752138785965 vc_row-has-fill\"><div class=\"wpb_column vc_column_container vc_col-sm-6 vc_col-lg-4 vc_col-md-4\"><div class=\"vc_column-inner\"><div class=\"wpb_wrapper\">\n\t<div class=\"wpb_text_column wpb_content_element\" >\n\t\t<div class=\"wpb_wrapper\">\n\t\t\t<h3>Follow Us on Social Media<\/h3>\n\n\t\t<\/div>\n\t<\/div>\n<\/div><\/div><\/div><div class=\"wpb_column vc_column_container vc_col-sm-6\"><div class=\"vc_column-inner\"><div class=\"wpb_wrapper\"><div class=\"uavc-icons-center uavc-icons\">\n<a class=\"aio-tooltip 69f140816a999\"   href=\"https:\/\/www.facebook.com\/VeinjaPintsel\"   target=\"_blank\"   rel=\"noopener\"    data-toggle=\"tooltip\"   data-placement=\"right\"   title=\"Facebook\"><div class=\"aio-icon\"   data-animation=\"\"   data-animation-delay=\"03\"   style=\"color:#AC282B;font-size:32px;margin-right:5px;\">\n\t<i class=\"Defaults-facebook-square\"><\/i>\n<\/div><\/a>\n<a class=\"aio-tooltip 69f140816a9cb\"   href=\"https:\/\/www.instagram.com\/veinjapintsel\/\"   target=\"_blank\"   rel=\"noopener\"    data-toggle=\"tooltip\"   data-placement=\"right\"   title=\"Instagram\"><div class=\"aio-icon\"   data-animation=\"\"   data-animation-delay=\"03\"   style=\"color:#AC282B;font-size:32px;margin-right:5px;\">\n\t<i class=\"Defaults-instagram\"><\/i>\n<\/div><\/a>\n<a class=\"aio-tooltip 69f140816a9e6\"   href=\"https:\/\/www.youtube.com\/@veinpintsel2300\"   target=\"_blank\"   rel=\"noopener\"    data-toggle=\"tooltip\"   data-placement=\"right\"   title=\"Youtube\"><div class=\"aio-icon\"   data-animation=\"\"   data-animation-delay=\"03\"   style=\"color:#AC282B;font-size:32px;margin-right:5px;\">\n\t<i class=\"Defaults-youtube-play\"><\/i>\n<\/div><\/a><\/div><\/div><\/div><\/div><\/div><div class=\"vc_row wpb_row vc_row-fluid\"><div class=\"wpb_column vc_column_container vc_col-sm-12\"><div class=\"vc_column-inner\"><div class=\"wpb_wrapper\"><div class=\"vc_empty_space\"     style=\"height: 50px\"><span class=\"vc_empty_space_inner\"><\/span><\/div><div class=\"vc_empty_space\"     style=\"height: 50px\"><span class=\"vc_empty_space_inner\"><\/span><\/div><\/div><\/div><\/div><\/div><div class=\"vc_row wpb_row vc_row-fluid vc_custom_1536274070985 vc_row-has-fill\"><div class=\"wpb_column vc_column_container vc_col-sm-12 vc_col-lg-offset-2 vc_col-lg-8 vc_col-md-offset-2 vc_col-md-8\"><div class=\"vc_column-inner vc_custom_1508987904880\"><div class=\"wpb_wrapper\">\n\t<div class=\"wpb_text_column wpb_content_element veinjapintselpakub-2\" >\n\t\t<div class=\"wpb_wrapper\">\n\t\t\t<h3 style=\"text-align: center;\"><span style=\"font-weight: 200;\">Register, show up and create your own masterpiece<\/span><\/h3>\n\n\t\t<\/div>\n\t<\/div>\n<div class=\"vc_empty_space\"     style=\"height: 15px\"><span class=\"vc_empty_space_inner\"><\/span><\/div><\/div><\/div><\/div><\/div><div class=\"vc_row wpb_row vc_row-fluid vc_custom_1536274070985 vc_row-has-fill\" ><div class=\"wpb_column vc_column_container vc_col-sm-12 vc_col-lg-offset-2 vc_col-lg-8 vc_col-md-offset-2 vc_col-md-8\"><div class=\"vc_column-inner vc_custom_1707774438585\"><div class=\"wpb_wrapper\">\n<div class=\"wpcf7 no-js\"   id=\"wpcf7-f4548-o1\"   lang=\"et\"   dir=\"ltr\"   data-wpcf7-id=\"4548\">\n<div class=\"screen-reader-response\"><p role=\"status\"   aria-live=\"polite\"   aria-atomic=\"true\"><\/p> <ul><\/ul><\/div>\n<form action=\"\/en\/wp-json\/wp\/v2\/pages\/28619#wpcf7-f4548-o1\"   method=\"post\"   class=\"wpcf7-form init\"   aria-label=\"Contact form\"   novalidate=\"novalidate\"   data-status=\"init\"  data-trp-original-action=\"\/en\/wp-json\/wp\/v2\/pages\/28619#wpcf7-f4548-o1\">\n<fieldset class=\"hidden-fields-container\"><input type=\"hidden\"   name=\"_wpcf7\"   value=\"4548\" \/><input type=\"hidden\"   name=\"_wpcf7_version\"   value=\"6.1.5\" \/><input type=\"hidden\"   name=\"_wpcf7_locale\" value=\"et\" \/><input type=\"hidden\"   name=\"_wpcf7_unit_tag\"   value=\"wpcf7-f4548-o1\" \/><input type=\"hidden\"   name=\"_wpcf7_container_post\" value=\"0\" \/><input type=\"hidden\"   name=\"_wpcf7_posted_data_hash\" value=\"\" \/><input type=\"hidden\"   name=\"_wpcf7_recaptcha_response\" value=\"\" \/>\n<\/fieldset>\n<p><label>Enter your name<br \/>\n<span class=\"wpcf7-form-control-wrap\"   data-name=\"your-name\"><input size=\"40\"   maxlength=\"400\"   class=\"wpcf7-form-control wpcf7-text wpcf7-validates-as-required\"   aria-required=\"true\"   aria-invalid=\"false\"   value=\"\"   type=\"text\"   name=\"your-name\" \/><\/span> <\/label>\n<\/p>\n<p><label>E-mail<br \/>\n<span class=\"wpcf7-form-control-wrap\"   data-name=\"your-email\"><input size=\"40\"   maxlength=\"400\"   class=\"wpcf7-form-control wpcf7-email wpcf7-validates-as-required wpcf7-text wpcf7-validates-as-email\"   aria-required=\"true\"   aria-invalid=\"false\"   value=\"\"   type=\"email\"   name=\"your-email\" \/><\/span> <\/label>\n<\/p>\n<p><label>Subject<br \/>\n<span class=\"wpcf7-form-control-wrap\"   data-name=\"your-subject\"><input size=\"40\"   maxlength=\"400\"   class=\"wpcf7-form-control wpcf7-text wpcf7-validates-as-required\"   aria-required=\"true\"   aria-invalid=\"false\"   value=\"\"   type=\"text\"   name=\"your-subject\" \/><\/span> <\/label>\n<\/p>\n<p><label>Message<br \/>\n<span class=\"wpcf7-form-control-wrap\"   data-name=\"your-message\"><textarea cols=\"40\"   rows=\"10\"   maxlength=\"2000\"   class=\"wpcf7-form-control wpcf7-textarea wpcf7-validates-as-required\"   aria-required=\"true\"   aria-invalid=\"false\"   name=\"your-message\"><\/textarea><\/span> <\/label>\n<\/p>\n<div>\n\n<\/div>\n<p><input class=\"wpcf7-form-control wpcf7-submit has-spinner\"   id=\"very-special-submit\"   type=\"submit\"   value=\"Send\" \/>\n<\/p><p style=\"display: none !important;\"   class=\"akismet-fields-container\"   data-prefix=\"_wpcf7_ak_\"><label>&#916;<textarea name=\"_wpcf7_ak_hp_textarea\"   cols=\"45\"   rows=\"8\"   maxlength=\"100\"><\/textarea><\/label><input type=\"hidden\"   id=\"ak_js_1\"   name=\"_wpcf7_ak_js\"   value=\"206\"\/><script>document.getElementById( \"ak_js_1\" ).setAttribute( \"value\", ( new Date() ).getTime() );<\/script><\/p><div class=\"wpcf7-response-output\"   aria-hidden=\"true\"><\/div>\n<input type=\"hidden\"  name=\"trp-form-language\"  value=\"en\"\/><\/form>\n<\/div>\n<div class=\"vc_empty_space\"     style=\"height: 50px\"><span class=\"vc_empty_space_inner\"><\/span><\/div><\/div><\/div><\/div><\/div><div class=\"vc_row wpb_row vc_row-fluid\" ><div class=\"wpb_column vc_column_container vc_col-sm-12\"><div class=\"vc_column-inner\"><div class=\"wpb_wrapper\"><\/div><\/div><\/div><\/div>\n<\/div>","protected":false},"excerpt":{"rendered":"Kontakt V\u00f5ta meiega \u00fchendust! AadressV\u00e4ike-Karja 12 10140, Tallinn Kontakt+372 5668 8484 veinjapintsel@gmail.comVein &amp; Pintsel O\u00dcRegistrikood: 14551330 KMKR number: EE102100730 J\u00e4lgi meid sotsiaalmeedias Registreeri, tule kohale ja loo oma meistriteos Sisesta enda nimi E-mail Teema Teade &#916;","protected":false},"author":70,"featured_media":0,"parent":0,"menu_order":0,"comment_status":"closed","ping_status":"closed","template":"","meta":{"_exactmetrics_skip_tracking":false,"_exactmetrics_sitenote_active":false,"_exactmetrics_sitenote_note":"","_exactmetrics_sitenote_category":0,"footnotes":""},"class_list":["post-28619","page","type-page","status-publish","hentry"],"yoast_head":"<!-- This site is optimized with the Yoast SEO plugin v27.3 - https:\/\/yoast.com\/product\/yoast-seo-wordpress\/ -->\n<title>Kontakt - Vein &amp; Pintsel<\/title>\n<meta name=\"description\"  content=\"T\u00fcdrukute\u00f5htu; S\u00fcnnip\u00e4evad, peod, s\u00fcndmused, t\u00e4htp\u00e4evad; Laste s\u00fcnnip\u00e4evad; Firma ja kliendi \u00fcritused; Hooajalised peod\" \/>\n<meta name=\"robots\"  content=\"index, follow, max-snippet:-1, max-image-preview:large, max-video-preview:-1\" \/>\n<link rel=\"canonical\"  href=\"https:\/\/veinjapintsel.ee\/kontakt\/\" \/>\n<meta property=\"og:locale\"  content=\"en_US\" \/>\n<meta property=\"og:type\"  content=\"article\" \/>\n<meta property=\"og:title\"  content=\"Kontakt - Vein &amp; Pintsel\" \/>\n<meta property=\"og:description\"  content=\"T\u00fcdrukute\u00f5htu; S\u00fcnnip\u00e4evad, peod, s\u00fcndmused, t\u00e4htp\u00e4evad; Laste s\u00fcnnip\u00e4evad; Firma ja kliendi \u00fcritused; Hooajalised peod\" \/>\n<meta property=\"og:url\"  content=\"https:\/\/veinjapintsel.ee\/kontakt\/\" \/>\n<meta property=\"og:site_name\"  content=\"Vein &amp; Pintsel\" \/>\n<meta property=\"article:modified_time\"  content=\"2025-07-10T22:13:08+00:00\" \/>\n<meta name=\"twitter:card\" content=\"summary_large_image\" \/>\n<meta name=\"twitter:label1\" content=\"Est. reading time\" \/>\n\t<meta name=\"twitter:data1\" content=\"1 minute\" \/>\n<script type=\"application\/ld+json\" class=\"yoast-schema-graph\">{\"@context\":\"https:\\\/\\\/schema.org\",\"@graph\":[{\"@type\":\"WebPage\",\"@id\":\"https:\\\/\\\/veinjapintsel.ee\\\/kontakt\\\/\",\"url\":\"https:\\\/\\\/veinjapintsel.ee\\\/kontakt\\\/\",\"name\":\"Kontakt - Vein &amp; Pintsel\",\"isPartOf\":{\"@id\":\"https:\\\/\\\/veinjapintsel.ee\\\/en\\\/#website\"},\"datePublished\":\"2024-02-12T19:56:04+00:00\",\"dateModified\":\"2025-07-10T22:13:08+00:00\",\"description\":\"T\u00fcdrukute\u00f5htu; S\u00fcnnip\u00e4evad, peod, s\u00fcndmused, t\u00e4htp\u00e4evad; Laste s\u00fcnnip\u00e4evad; Firma ja kliendi \u00fcritused; Hooajalised peod\",\"breadcrumb\":{\"@id\":\"https:\\\/\\\/veinjapintsel.ee\\\/kontakt\\\/#breadcrumb\"},\"inLanguage\":\"en-US\",\"potentialAction\":[{\"@type\":\"ReadAction\",\"target\":[\"https:\\\/\\\/veinjapintsel.ee\\\/kontakt\\\/\"]}]},{\"@type\":\"BreadcrumbList\",\"@id\":\"https:\\\/\\\/veinjapintsel.ee\\\/kontakt\\\/#breadcrumb\",\"itemListElement\":[{\"@type\":\"ListItem\",\"position\":1,\"name\":\"Home\",\"item\":\"https:\\\/\\\/veinjapintsel.ee\\\/en\\\/\"},{\"@type\":\"ListItem\",\"position\":2,\"name\":\"Kontakt\"}]},{\"@type\":\"WebSite\",\"@id\":\"https:\\\/\\\/veinjapintsel.ee\\\/en\\\/#website\",\"url\":\"https:\\\/\\\/veinjapintsel.ee\\\/en\\\/\",\"name\":\"Vein &amp; Pintsel\",\"description\":\"Lihtne, l\u00f5bus ja stressivaba elamus\",\"publisher\":{\"@id\":\"https:\\\/\\\/veinjapintsel.ee\\\/en\\\/#organization\"},\"potentialAction\":[{\"@type\":\"SearchAction\",\"target\":{\"@type\":\"EntryPoint\",\"urlTemplate\":\"https:\\\/\\\/veinjapintsel.ee\\\/en\\\/?s={search_term_string}\"},\"query-input\":{\"@type\":\"PropertyValueSpecification\",\"valueRequired\":true,\"valueName\":\"search_term_string\"}}],\"inLanguage\":\"en-US\"},{\"@type\":\"Organization\",\"@id\":\"https:\\\/\\\/veinjapintsel.ee\\\/en\\\/#organization\",\"name\":\"Vein & Pintsel\",\"url\":\"https:\\\/\\\/veinjapintsel.ee\\\/en\\\/\",\"logo\":{\"@type\":\"ImageObject\",\"inLanguage\":\"en-US\",\"@id\":\"https:\\\/\\\/veinjapintsel.ee\\\/en\\\/#\\\/schema\\\/logo\\\/image\\\/\",\"url\":\"http:\\\/\\\/www.veinjapintsel.ee\\\/wp-content\\\/uploads\\\/2017\\\/10\\\/veebisaidiikoon.jpg\",\"contentUrl\":\"http:\\\/\\\/www.veinjapintsel.ee\\\/wp-content\\\/uploads\\\/2017\\\/10\\\/veebisaidiikoon.jpg\",\"width\":512,\"height\":512,\"caption\":\"Vein & Pintsel\"},\"image\":{\"@id\":\"https:\\\/\\\/veinjapintsel.ee\\\/en\\\/#\\\/schema\\\/logo\\\/image\\\/\"}}]}<\/script>\n<!-- \/ Yoast SEO plugin. -->","yoast_head_json":{"title":"Kontakt - Vein &amp; Pintsel","description":"T\u00fcdrukute\u00f5htu; S\u00fcnnip\u00e4evad, peod, s\u00fcndmused, t\u00e4htp\u00e4evad; Laste s\u00fcnnip\u00e4evad; Firma ja kliendi \u00fcritused; Hooajalised peod","robots":{"index":"index","follow":"follow","max-snippet":"max-snippet:-1","max-image-preview":"max-image-preview:large","max-video-preview":"max-video-preview:-1"},"canonical":"https:\/\/veinjapintsel.ee\/kontakt\/","og_locale":"en_US","og_type":"article","og_title":"Kontakt - Vein &amp; Pintsel","og_description":"T\u00fcdrukute\u00f5htu; S\u00fcnnip\u00e4evad, peod, s\u00fcndmused, t\u00e4htp\u00e4evad; Laste s\u00fcnnip\u00e4evad; Firma ja kliendi \u00fcritused; Hooajalised peod","og_url":"https:\/\/veinjapintsel.ee\/kontakt\/","og_site_name":"Vein &amp; Pintsel","article_modified_time":"2025-07-10T22:13:08+00:00","twitter_card":"summary_large_image","twitter_misc":{"Est. reading time":"1 minute"},"schema":{"@context":"https:\/\/schema.org","@graph":[{"@type":"WebPage","@id":"https:\/\/veinjapintsel.ee\/kontakt\/","url":"https:\/\/veinjapintsel.ee\/kontakt\/","name":"Kontakt - Vein &amp; Pintsel","isPartOf":{"@id":"https:\/\/veinjapintsel.ee\/en\/#website"},"datePublished":"2024-02-12T19:56:04+00:00","dateModified":"2025-07-10T22:13:08+00:00","description":"T\u00fcdrukute\u00f5htu; S\u00fcnnip\u00e4evad, peod, s\u00fcndmused, t\u00e4htp\u00e4evad; Laste s\u00fcnnip\u00e4evad; Firma ja kliendi \u00fcritused; Hooajalised peod","breadcrumb":{"@id":"https:\/\/veinjapintsel.ee\/kontakt\/#breadcrumb"},"inLanguage":"en-US","potentialAction":[{"@type":"ReadAction","target":["https:\/\/veinjapintsel.ee\/kontakt\/"]}]},{"@type":"BreadcrumbList","@id":"https:\/\/veinjapintsel.ee\/kontakt\/#breadcrumb","itemListElement":[{"@type":"ListItem","position":1,"name":"Home","item":"https:\/\/veinjapintsel.ee\/en\/"},{"@type":"ListItem","position":2,"name":"Kontakt"}]},{"@type":"WebSite","@id":"https:\/\/veinjapintsel.ee\/en\/#website","url":"https:\/\/veinjapintsel.ee\/en\/","name":"Vein &amp; Pintsel","description":"SIMPLE, FUN AND STRESS-FREE EXPERIENCE!","publisher":{"@id":"https:\/\/veinjapintsel.ee\/en\/#organization"},"potentialAction":[{"@type":"SearchAction","target":{"@type":"EntryPoint","urlTemplate":"https:\/\/veinjapintsel.ee\/en\/?s={search_term_string}"},"query-input":{"@type":"PropertyValueSpecification","valueRequired":true,"valueName":"search_term_string"}}],"inLanguage":"en-US"},{"@type":"Organization","@id":"https:\/\/veinjapintsel.ee\/en\/#organization","name":"Vein & Pintsel","url":"https:\/\/veinjapintsel.ee\/en\/","logo":{"@type":"ImageObject","inLanguage":"en-US","@id":"https:\/\/veinjapintsel.ee\/en\/#\/schema\/logo\/image\/","url":"http:\/\/www.veinjapintsel.ee\/wp-content\/uploads\/2017\/10\/veebisaidiikoon.jpg","contentUrl":"http:\/\/www.veinjapintsel.ee\/wp-content\/uploads\/2017\/10\/veebisaidiikoon.jpg","width":512,"height":512,"caption":"Vein & Pintsel"},"image":{"@id":"https:\/\/veinjapintsel.ee\/en\/#\/schema\/logo\/image\/"}}]}},"_links":{"self":[{"href":"https:\/\/www.veinjapintsel.ee\/en\/wp-json\/wp\/v2\/pages\/28619","targetHints":{"allow":["GET"]}}],"collection":[{"href":"https:\/\/www.veinjapintsel.ee\/en\/wp-json\/wp\/v2\/pages"}],"about":[{"href":"https:\/\/www.veinjapintsel.ee\/en\/wp-json\/wp\/v2\/types\/page"}],"author":[{"embeddable":true,"href":"https:\/\/www.veinjapintsel.ee\/en\/wp-json\/wp\/v2\/users\/70"}],"replies":[{"embeddable":true,"href":"https:\/\/www.veinjapintsel.ee\/en\/wp-json\/wp\/v2\/comments?post=28619"}],"version-history":[{"count":5,"href":"https:\/\/www.veinjapintsel.ee\/en\/wp-json\/wp\/v2\/pages\/28619\/revisions"}],"predecessor-version":[{"id":28655,"href":"https:\/\/www.veinjapintsel.ee\/en\/wp-json\/wp\/v2\/pages\/28619\/revisions\/28655"}],"wp:attachment":[{"href":"https:\/\/www.veinjapintsel.ee\/en\/wp-json\/wp\/v2\/media?parent=28619"}],"curies":[{"name":"wp","href":"https:\/\/api.w.org\/{rel}","templated":true}]}}