{"id":12115,"date":"2020-01-01T15:58:36","date_gmt":"2020-01-01T13:58:36","guid":{"rendered":"http:\/\/www.veinjapintsel.ee\/?post_type=product&#038;p=12115"},"modified":"2020-01-07T22:50:58","modified_gmt":"2020-01-07T20:50:58","slug":"akruulvalamine-4-veebruar","status":"publish","type":"product","link":"https:\/\/www.veinjapintsel.ee\/en\/product\/akruulvalamine-4-veebruar\/","title":{"rendered":"AKR\u00dc\u00dcLVALAMINE &#8211; 4 Veebruar"},"content":{"rendered":"<div class=\"wpb-content-wrapper\" ><div class=\"vc_row wpb_row vc_row-fluid\"><div class=\"wpb_column vc_column_container vc_col-sm-12\"><div class=\"vc_column-inner vc_custom_1538015756293\"><div class=\"wpb_wrapper\"><div class=\"vc_separator wpb_content_element vc_separator_align_center vc_sep_width_100 vc_sep_pos_align_center vc_separator_no_text vc_sep_color_grey vc_custom_1538006780345 wpb_content_element  vc_custom_1538006780345 wpb_content_element\"  ><span class=\"vc_sep_holder vc_sep_holder_l\"><span class=\"vc_sep_line\"><\/span><\/span><span class=\"vc_sep_holder vc_sep_holder_r\"><span class=\"vc_sep_line\"><\/span><\/span>\n<\/div>\n\t<div class=\"wpb_text_column wpb_content_element\" >\n\t\t<div class=\"wpb_wrapper\">\n\t\t\t<p><strong>Simple, fun and stress-free experience!<\/strong><\/p>\n<p>&nbsp;<\/p>\n<p><strong><b>\u00dcRITUSE TEEMA:<\/b><\/strong><\/p>\n<h3>Akr\u00fc\u00fclvalamine<\/h3>\n<p><strong>Kuup\u00e4ev: <\/strong>Teisip\u00e4ev, 4 Veebruar 2020<\/p>\n<p><strong><b>Kellaaeg: <\/b><\/strong>19.00-21.00<\/p>\n<p><strong><b>Hind: <\/b><\/strong>\u20ac39 (hind \u00fche inimese kohta)<\/p>\n<p><strong><b>Kasutatavad v\u00e4rvid<\/b><\/strong>: Akr\u00fc\u00fclv\u00e4rvid<\/p>\n<p><strong><b>L\u00f5uendi suurus:<\/b><\/strong> iga k\u00fclaline saab 2 l\u00f5uendit suuruses 30cm x 40cm<\/p>\n\n\t\t<\/div>\n\t<\/div>\n<div class=\"vc_separator wpb_content_element vc_separator_align_center vc_sep_width_100 vc_sep_pos_align_center vc_separator_no_text vc_sep_color_grey vc_custom_1538006780345 wpb_content_element  vc_custom_1538006780345 wpb_content_element\"  ><span class=\"vc_sep_holder vc_sep_holder_l\"><span class=\"vc_sep_line\"><\/span><\/span><span class=\"vc_sep_holder vc_sep_holder_r\" ><span class=\"vc_sep_line\"><\/span><\/span>\n<\/div>\n\t<div class=\"wpb_text_column wpb_content_element\" >\n\t\t<div class=\"wpb_wrapper\">\n\t\t\t<h5><strong><b>LISAINFO SELLE KLASSI KOHTA<\/b><\/strong><\/h5>\n<p>&nbsp;<\/p>\n<p><strong>HIND SISALDAB:<\/strong><\/p>\n<ul>\n<li>Hind sisaldab juhendajat, 2x 30cm x 40cm l\u00f5uendit, v\u00e4rve, pintsleid ja k\u00f5ike muid vajalikke kunstitarbeid. Kohapeal pakume tervitusjooki, kergeid sn\u00e4kke ja v\u00e4rskenduseks vett. Valmis kunstiteosed j\u00e4\u00e4vad stuudiosse kuivama 2-3 p\u00e4evaks ja siis saab klient j\u00e4rgi tulla. Orienteeruv kestus on 2 tundi.<\/li>\n<\/ul>\n<p>&nbsp;<\/p>\n<p><strong>ASUKOHT:<\/strong><\/p>\n<ul>\n<li>Vein &amp; Pintsel \u00a0asub Tallinna kesklinnas, Saarineni majas, aadressil V\u00e4ike-Karja 12, sissep\u00e4\u00e4suga V\u00e4ike-Karja t\u00e4nava sisehoovist. Vaata asukohta kaardil <a href=\"http:\/\/www.veinjapintsel.ee\/en\/venue\/vein-ja-pintsel\/\">SIIT<\/a>.<\/li>\n<\/ul>\n<p>&nbsp;<\/p>\n<p><strong>EELNEV REGISTREERIMINE SOOVITATUD:<\/strong><\/p>\n<ul>\n<li>K\u00fclalised peavad enne saabumist internetis registreerima. Kontrollige e-posti kinnitust. Kohapeal saab tasuda ainult sularahas. Samuti saate registreerida kui helistate meie stuudiosse. (Kohapeal registreerimata k\u00fclaliste kohad on piiratud, seega registreeri ette)<\/li>\n<\/ul>\n<p>&nbsp;<\/p>\n<p><strong>SAABUMISE AEG:<\/strong><\/p>\n<ul>\n<li>Meie kunstitund algab \u00f5igel ajal! Soovitame kohale tulla kuni 10min varem, et leida oma koht ja suudios ringi uudistada. Hilinenud saabujad j\u00e4\u00e4vad ilma t\u00e4htsatest juhenditest.<\/li>\n<\/ul>\n<p>&nbsp;<\/p>\n<p><strong>MIDA KAASA V\u00d5TTA:<\/strong><\/p>\n<ul>\n<li>V\u00f5ta kaasa hea tuju, soovi korral oma lemmik vein, \u00f5lle, siider v\u00f5i mittealkohoolne jook (kange alkohol ei ole lubatud) ja\/v\u00f5i kerged suupisted. Klaasid, pudeliavajad ja muu tarvilik on stuudios saadaval. NB! Peab olema 18+ et alkoholi tarbida.<\/li>\n<\/ul>\n<p>&nbsp;<\/p>\n<p><strong>REGISTREERIMISE T\u00dcHISTAMINE:<\/strong><\/p>\n<ul>\n<li>48 tundi v\u00f5i rohkem &#8211; klient saab raha tagasi.<\/li>\n<li>48 tundi v\u00f5i v\u00e4hem &#8211; klient saab stuudiokrediit.<\/li>\n<li>2 tundi v\u00f5i v\u00e4hem &#8211; puudub tagasimakse \/ krediit.<\/li>\n<\/ul>\n<p>&nbsp;<\/p>\n<p><em><span style=\"color: #ff0000;\">Vein &amp; Pintsel omab \u00f5igust t\u00fchistada klassid etten\u00e4gematutel asjaoludel ja\/v\u00f5i v\u00e4hese registreerimisega \u00fcritused. Tagasimaksed t\u00f6\u00f6deldakse 4 kalendrip\u00e4eva jooksul.<\/span><\/em><\/p>\n\n\t\t<\/div>\n\t<\/div>\n<\/div><\/div><\/div><\/div>\n<\/div>","protected":false},"excerpt":{"rendered":"<p><strong>Simple, fun and stress-free experience!<\/strong><\/p>\n<p>&nbsp;<\/p>\n<p><strong><b>\u00dcRITUSE TEEMA:<\/b><\/strong><\/p>\n<h3>Akr\u00fc\u00fclvalamine<\/h3>\n<p><strong>Kuup\u00e4ev: <\/strong>Teisip\u00e4ev, 4 Veebruar 2020<\/p>\n<p><strong><b>Kellaaeg: <\/b><\/strong>19.00-21.00<\/p>\n<p><strong><b>Hind: <\/b><\/strong>\u20ac39 (hind \u00fche inimese kohta)<\/p>\n<p><strong><b>Kasutatavad v\u00e4rvid<\/b><\/strong>: Akr\u00fc\u00fclv\u00e4rvid<\/p>\n<p><strong><b>L\u00f5uendi suurus:<\/b><\/strong> iga k\u00fclaline saab 2 l\u00f5uendit suuruses 30cm x 40cm<\/p>","protected":false},"featured_media":12114,"comment_status":"open","ping_status":"closed","template":"","meta":{"_exactmetrics_skip_tracking":false,"_exactmetrics_sitenote_active":false,"_exactmetrics_sitenote_note":"","_exactmetrics_sitenote_category":0},"product_brand":[],"product_cat":[92],"product_tag":[303,315,327,241],"class_list":{"0":"post-12115","1":"product","2":"type-product","3":"status-publish","4":"has-post-thumbnail","6":"product_cat-uritused","7":"product_tag-acrylic","8":"product_tag-akruulid","9":"product_tag-kunst","10":"product_tag-special-event","12":"first","13":"outofstock","14":"downloadable","15":"virtual","16":"taxable","17":"purchasable","18":"product-type-simple"},"yoast_head":"<!-- This site is optimized with the Yoast SEO plugin v27.3 - https:\/\/yoast.com\/product\/yoast-seo-wordpress\/ -->\n<title>AKR\u00dc\u00dcLVALAMINE - 4 Veebruar - Vein &amp; Pintsel<\/title>\n<meta name=\"robots\"  content=\"noindex, follow\" \/>\n<meta property=\"og:locale\"  content=\"en_US\" \/>\n<meta property=\"og:type\"  content=\"article\" \/>\n<meta property=\"og:title\"  content=\"AKR\u00dc\u00dcLVALAMINE - 4 Veebruar - Vein &amp; Pintsel\" \/>\n<meta property=\"og:description\"  content=\"Lihtne, l\u00f5bus ja t\u00e4iesti stressivaba elamus!  &nbsp;  \u00dcRITUSE TEEMA: Akr\u00fc\u00fclvalamine Kuup\u00e4ev: Teisip\u00e4ev, 4 Veebruar 2020  Kellaaeg: 19.00-21.00  Hind: \u20ac39 (hind \u00fche inimese kohta)  Kasutatavad v\u00e4rvid: Akr\u00fc\u00fclv\u00e4rvid  L\u00f5uendi suurus: iga k\u00fclaline saab 2 l\u00f5uendit suuruses 30cm x 40cm\" \/>\n<meta property=\"og:url\"  content=\"https:\/\/veinjapintsel.ee\/en\/product\/akruulvalamine-4-veebruar\/\" \/>\n<meta property=\"og:site_name\"  content=\"Vein &amp; Pintsel\" \/>\n<meta property=\"article:modified_time\"  content=\"2020-01-07T20:50:58+00:00\" \/>\n<meta property=\"og:image\"  content=\"https:\/\/veinjapintsel.ee\/wp-content\/uploads\/2020\/01\/81579133_2596223660623673_440252079328460800_n.jpg\" \/>\n\t<meta property=\"og:image:width\" content=\"2048\" \/>\n\t<meta property=\"og:image:height\" content=\"2048\" \/>\n\t<meta property=\"og:image:type\" content=\"image\/jpeg\" \/>\n<meta name=\"twitter:card\" content=\"summary_large_image\" \/>\n<meta name=\"twitter:label1\" content=\"Est. reading time\" \/>\n\t<meta name=\"twitter:data1\" content=\"2 minutes\" \/>\n<script type=\"application\/ld+json\" class=\"yoast-schema-graph\">{\"@context\":\"https:\\\/\\\/schema.org\",\"@graph\":[{\"@type\":\"WebPage\",\"@id\":\"https:\\\/\\\/veinjapintsel.ee\\\/en\\\/product\\\/akruulvalamine-4-veebruar\\\/\",\"url\":\"https:\\\/\\\/veinjapintsel.ee\\\/en\\\/product\\\/akruulvalamine-4-veebruar\\\/\",\"name\":\"AKR\u00dc\u00dcLVALAMINE - 4 Veebruar - Vein &amp; Pintsel\",\"isPartOf\":{\"@id\":\"https:\\\/\\\/veinjapintsel.ee\\\/en\\\/#website\"},\"primaryImageOfPage\":{\"@id\":\"https:\\\/\\\/veinjapintsel.ee\\\/en\\\/product\\\/akruulvalamine-4-veebruar\\\/#primaryimage\"},\"image\":{\"@id\":\"https:\\\/\\\/veinjapintsel.ee\\\/en\\\/product\\\/akruulvalamine-4-veebruar\\\/#primaryimage\"},\"thumbnailUrl\":\"https:\\\/\\\/veinjapintsel.ee\\\/wp-content\\\/uploads\\\/2020\\\/01\\\/81579133_2596223660623673_440252079328460800_n.jpg\",\"datePublished\":\"2020-01-01T13:58:36+00:00\",\"dateModified\":\"2020-01-07T20:50:58+00:00\",\"breadcrumb\":{\"@id\":\"https:\\\/\\\/veinjapintsel.ee\\\/en\\\/product\\\/akruulvalamine-4-veebruar\\\/#breadcrumb\"},\"inLanguage\":\"en-US\",\"potentialAction\":[{\"@type\":\"ReadAction\",\"target\":[\"https:\\\/\\\/veinjapintsel.ee\\\/en\\\/product\\\/akruulvalamine-4-veebruar\\\/\"]}]},{\"@type\":\"ImageObject\",\"inLanguage\":\"en-US\",\"@id\":\"https:\\\/\\\/veinjapintsel.ee\\\/en\\\/product\\\/akruulvalamine-4-veebruar\\\/#primaryimage\",\"url\":\"https:\\\/\\\/veinjapintsel.ee\\\/wp-content\\\/uploads\\\/2020\\\/01\\\/81579133_2596223660623673_440252079328460800_n.jpg\",\"contentUrl\":\"https:\\\/\\\/veinjapintsel.ee\\\/wp-content\\\/uploads\\\/2020\\\/01\\\/81579133_2596223660623673_440252079328460800_n.jpg\",\"width\":2048,\"height\":2048},{\"@type\":\"BreadcrumbList\",\"@id\":\"https:\\\/\\\/veinjapintsel.ee\\\/en\\\/product\\\/akruulvalamine-4-veebruar\\\/#breadcrumb\",\"itemListElement\":[{\"@type\":\"ListItem\",\"position\":1,\"name\":\"Home\",\"item\":\"https:\\\/\\\/veinjapintsel.ee\\\/en\\\/\"},{\"@type\":\"ListItem\",\"position\":2,\"name\":\"\u00dcritused\",\"item\":\"https:\\\/\\\/www.veinjapintsel.ee\\\/en\\\/uritused\\\/\"},{\"@type\":\"ListItem\",\"position\":3,\"name\":\"AKR\u00dc\u00dcLVALAMINE &#8211; 4 Veebruar\"}]},{\"@type\":\"WebSite\",\"@id\":\"https:\\\/\\\/veinjapintsel.ee\\\/en\\\/#website\",\"url\":\"https:\\\/\\\/veinjapintsel.ee\\\/en\\\/\",\"name\":\"Vein &amp; Pintsel\",\"description\":\"Lihtne, l\u00f5bus ja stressivaba elamus\",\"publisher\":{\"@id\":\"https:\\\/\\\/veinjapintsel.ee\\\/en\\\/#organization\"},\"potentialAction\":[{\"@type\":\"SearchAction\",\"target\":{\"@type\":\"EntryPoint\",\"urlTemplate\":\"https:\\\/\\\/veinjapintsel.ee\\\/en\\\/?s={search_term_string}\"},\"query-input\":{\"@type\":\"PropertyValueSpecification\",\"valueRequired\":true,\"valueName\":\"search_term_string\"}}],\"inLanguage\":\"en-US\"},{\"@type\":\"Organization\",\"@id\":\"https:\\\/\\\/veinjapintsel.ee\\\/en\\\/#organization\",\"name\":\"Vein & Pintsel\",\"url\":\"https:\\\/\\\/veinjapintsel.ee\\\/en\\\/\",\"logo\":{\"@type\":\"ImageObject\",\"inLanguage\":\"en-US\",\"@id\":\"https:\\\/\\\/veinjapintsel.ee\\\/en\\\/#\\\/schema\\\/logo\\\/image\\\/\",\"url\":\"http:\\\/\\\/www.veinjapintsel.ee\\\/wp-content\\\/uploads\\\/2017\\\/10\\\/veebisaidiikoon.jpg\",\"contentUrl\":\"http:\\\/\\\/www.veinjapintsel.ee\\\/wp-content\\\/uploads\\\/2017\\\/10\\\/veebisaidiikoon.jpg\",\"width\":512,\"height\":512,\"caption\":\"Vein & Pintsel\"},\"image\":{\"@id\":\"https:\\\/\\\/veinjapintsel.ee\\\/en\\\/#\\\/schema\\\/logo\\\/image\\\/\"}}]}<\/script>\n<!-- \/ Yoast SEO plugin. -->","yoast_head_json":{"title":"AKR\u00dc\u00dcLVALAMINE - 4 Veebruar - Vein &amp; Pintsel","robots":{"index":"noindex","follow":"follow"},"og_locale":"en_US","og_type":"article","og_title":"AKR\u00dc\u00dcLVALAMINE - 4 Veebruar - Vein &amp; Pintsel","og_description":"Lihtne, l\u00f5bus ja t\u00e4iesti stressivaba elamus!  &nbsp;  \u00dcRITUSE TEEMA: Akr\u00fc\u00fclvalamine Kuup\u00e4ev: Teisip\u00e4ev, 4 Veebruar 2020  Kellaaeg: 19.00-21.00  Hind: \u20ac39 (hind \u00fche inimese kohta)  Kasutatavad v\u00e4rvid: Akr\u00fc\u00fclv\u00e4rvid  L\u00f5uendi suurus: iga k\u00fclaline saab 2 l\u00f5uendit suuruses 30cm x 40cm","og_url":"https:\/\/veinjapintsel.ee\/en\/product\/akruulvalamine-4-veebruar\/","og_site_name":"Vein &amp; Pintsel","article_modified_time":"2020-01-07T20:50:58+00:00","og_image":[{"width":2048,"height":2048,"url":"https:\/\/veinjapintsel.ee\/wp-content\/uploads\/2020\/01\/81579133_2596223660623673_440252079328460800_n.jpg","type":"image\/jpeg"}],"twitter_card":"summary_large_image","twitter_misc":{"Est. reading time":"2 minutes"},"schema":{"@context":"https:\/\/schema.org","@graph":[{"@type":"WebPage","@id":"https:\/\/veinjapintsel.ee\/en\/product\/akruulvalamine-4-veebruar\/","url":"https:\/\/veinjapintsel.ee\/en\/product\/akruulvalamine-4-veebruar\/","name":"AKR\u00dc\u00dcLVALAMINE - 4 Veebruar - Vein &amp; Pintsel","isPartOf":{"@id":"https:\/\/veinjapintsel.ee\/en\/#website"},"primaryImageOfPage":{"@id":"https:\/\/veinjapintsel.ee\/en\/product\/akruulvalamine-4-veebruar\/#primaryimage"},"image":{"@id":"https:\/\/veinjapintsel.ee\/en\/product\/akruulvalamine-4-veebruar\/#primaryimage"},"thumbnailUrl":"https:\/\/veinjapintsel.ee\/wp-content\/uploads\/2020\/01\/81579133_2596223660623673_440252079328460800_n.jpg","datePublished":"2020-01-01T13:58:36+00:00","dateModified":"2020-01-07T20:50:58+00:00","breadcrumb":{"@id":"https:\/\/veinjapintsel.ee\/en\/product\/akruulvalamine-4-veebruar\/#breadcrumb"},"inLanguage":"en-US","potentialAction":[{"@type":"ReadAction","target":["https:\/\/veinjapintsel.ee\/en\/product\/akruulvalamine-4-veebruar\/"]}]},{"@type":"ImageObject","inLanguage":"en-US","@id":"https:\/\/veinjapintsel.ee\/en\/product\/akruulvalamine-4-veebruar\/#primaryimage","url":"https:\/\/veinjapintsel.ee\/wp-content\/uploads\/2020\/01\/81579133_2596223660623673_440252079328460800_n.jpg","contentUrl":"https:\/\/veinjapintsel.ee\/wp-content\/uploads\/2020\/01\/81579133_2596223660623673_440252079328460800_n.jpg","width":2048,"height":2048},{"@type":"BreadcrumbList","@id":"https:\/\/veinjapintsel.ee\/en\/product\/akruulvalamine-4-veebruar\/#breadcrumb","itemListElement":[{"@type":"ListItem","position":1,"name":"Home","item":"https:\/\/veinjapintsel.ee\/en\/"},{"@type":"ListItem","position":2,"name":"\u00dcritused","item":"https:\/\/www.veinjapintsel.ee\/en\/uritused\/"},{"@type":"ListItem","position":3,"name":"AKR\u00dc\u00dcLVALAMINE &#8211; 4 Veebruar"}]},{"@type":"WebSite","@id":"https:\/\/veinjapintsel.ee\/en\/#website","url":"https:\/\/veinjapintsel.ee\/en\/","name":"Vein &amp; Pintsel","description":"SIMPLE, FUN AND STRESS-FREE EXPERIENCE!","publisher":{"@id":"https:\/\/veinjapintsel.ee\/en\/#organization"},"potentialAction":[{"@type":"SearchAction","target":{"@type":"EntryPoint","urlTemplate":"https:\/\/veinjapintsel.ee\/en\/?s={search_term_string}"},"query-input":{"@type":"PropertyValueSpecification","valueRequired":true,"valueName":"search_term_string"}}],"inLanguage":"en-US"},{"@type":"Organization","@id":"https:\/\/veinjapintsel.ee\/en\/#organization","name":"Vein & Pintsel","url":"https:\/\/veinjapintsel.ee\/en\/","logo":{"@type":"ImageObject","inLanguage":"en-US","@id":"https:\/\/veinjapintsel.ee\/en\/#\/schema\/logo\/image\/","url":"http:\/\/www.veinjapintsel.ee\/wp-content\/uploads\/2017\/10\/veebisaidiikoon.jpg","contentUrl":"http:\/\/www.veinjapintsel.ee\/wp-content\/uploads\/2017\/10\/veebisaidiikoon.jpg","width":512,"height":512,"caption":"Vein & Pintsel"},"image":{"@id":"https:\/\/veinjapintsel.ee\/en\/#\/schema\/logo\/image\/"}}]}},"_links":{"self":[{"href":"https:\/\/www.veinjapintsel.ee\/en\/wp-json\/wp\/v2\/product\/12115","targetHints":{"allow":["GET"]}}],"collection":[{"href":"https:\/\/www.veinjapintsel.ee\/en\/wp-json\/wp\/v2\/product"}],"about":[{"href":"https:\/\/www.veinjapintsel.ee\/en\/wp-json\/wp\/v2\/types\/product"}],"replies":[{"embeddable":true,"href":"https:\/\/www.veinjapintsel.ee\/en\/wp-json\/wp\/v2\/comments?post=12115"}],"wp:featuredmedia":[{"embeddable":true,"href":"https:\/\/www.veinjapintsel.ee\/en\/wp-json\/wp\/v2\/media\/12114"}],"wp:attachment":[{"href":"https:\/\/www.veinjapintsel.ee\/en\/wp-json\/wp\/v2\/media?parent=12115"}],"wp:term":[{"taxonomy":"product_brand","embeddable":true,"href":"https:\/\/www.veinjapintsel.ee\/en\/wp-json\/wp\/v2\/product_brand?post=12115"},{"taxonomy":"product_cat","embeddable":true,"href":"https:\/\/www.veinjapintsel.ee\/en\/wp-json\/wp\/v2\/product_cat?post=12115"},{"taxonomy":"product_tag","embeddable":true,"href":"https:\/\/www.veinjapintsel.ee\/en\/wp-json\/wp\/v2\/product_tag?post=12115"}],"curies":[{"name":"wp","href":"https:\/\/api.w.org\/{rel}","templated":true}]}}