{"id":13065,"date":"2020-01-28T10:12:59","date_gmt":"2020-01-28T08:12:59","guid":{"rendered":"http:\/\/www.veinjapintsel.ee\/?post_type=product&#038;p=13065"},"modified":"2020-03-04T08:08:35","modified_gmt":"2020-03-04T06:08:35","slug":"paikeseloojang-mulli-degusteerimine","status":"publish","type":"product","link":"https:\/\/veinjapintsel.ee\/en\/product\/paikeseloojang-mulli-degusteerimine\/","title":{"rendered":"P\u00c4IKESELOOJANG + Mulli degusteerimine"},"content":{"rendered":"<div class=\"wpb-content-wrapper\" ><div class=\"vc_row wpb_row vc_row-fluid\"><div class=\"wpb_column vc_column_container vc_col-sm-12\"><div class=\"vc_column-inner vc_custom_1538015756293\"><div class=\"wpb_wrapper\">\n\t<div class=\"wpb_text_column wpb_content_element\" >\n\t\t<div class=\"wpb_wrapper\">\n\t\t\t<p><strong>Simple, fun and stress-free experience!<\/strong><\/p>\n<p>&nbsp;<\/p>\n<p><strong><b>\u00dcRITUSE TEEMA:<\/b><\/strong><\/p>\n<h3>P\u00c4IKESELOOJANG + 3 vahuveini degusteerimine<\/h3>\n<p><strong>Kuup\u00e4ev: <\/strong>Laup\u00e4ev, 21 M\u00e4rts<\/p>\n<p><strong><b>Kellaaeg: <\/b><\/strong>19.00-21.30<\/p>\n<p><span style=\"color: #ff0000;\"><strong><b>Soodushind: <\/b><\/strong>\u20ac45 (kui registreerid enne 07.01.20)<\/span> <strong>Tavahind:<\/strong> 48EUR<\/p>\n<p><strong><b>Kasutatavad v\u00e4rvid<\/b><\/strong>: Akr\u00fc\u00fclv\u00e4rvid (vali meelep\u00e4rased v\u00e4rvid)<\/p>\n<p><strong><b>L\u00f5uendi suurus:<\/b><\/strong> 40cm x 50cm<\/p>\n\n\t\t<\/div>\n\t<\/div>\n<div class=\"vc_separator wpb_content_element vc_separator_align_center vc_sep_width_100 vc_sep_pos_align_center vc_separator_no_text vc_sep_color_grey vc_custom_1538006780345 wpb_content_element  vc_custom_1538006780345 wpb_content_element\"   ><span class=\"vc_sep_holder vc_sep_holder_l\"><span class=\"vc_sep_line\"><\/span><\/span><span class=\"vc_sep_holder vc_sep_holder_r\"><span class=\"vc_sep_line\"><\/span><\/span>\n<\/div>\n\t<div class=\"wpb_text_column wpb_content_element\" >\n\t\t<div class=\"wpb_wrapper\">\n\t\t\t<h5><strong><b>LISAINFO SELLE KLASSI KOHTA<\/b><\/strong><\/h5>\n<p>&nbsp;<\/p>\n<p><strong>HIND SISALDAB:<\/strong><\/p>\n<ul>\n<li>Hind sisaldab 3 vahuveini degusteerimist, juhendajat, l\u00f5uendit, v\u00e4rve, pintsleid ja k\u00f5ike muid vajalikke kunstitarbeid. Kohapeal pakume kergeid suupisteid, teed\/kohvi ja v\u00e4rskenduseks vett. Valmis kunstiteose saab klient endaga kaasa. Orienteeruv kestus on 2 tundi.<\/li>\n<\/ul>\n<p>&nbsp;<\/p>\n<p><strong>ASUKOHT:<\/strong><\/p>\n<ul>\n<li>Vein &amp; Pintsel \u00a0asub Tallinna kesklinnas, Saarineni majas, aadressil V\u00e4ike-Karja 12, sissep\u00e4\u00e4suga V\u00e4ike-Karja t\u00e4nava sisehoovist. Vaata asukohta kaardil <a href=\"https:\/\/veinjapintsel.ee\/en\/venue\/vein-ja-pintsel\/\">SIIT<\/a>.<\/li>\n<\/ul>\n<p>&nbsp;<\/p>\n<p><strong>EELNEV REGISTREERIMINE SOOVITATUD:<\/strong><\/p>\n<ul>\n<li>K\u00fclalised peavad enne saabumist internetis registreerima. Kontrollige e-posti kinnitust. Kohapeal saab tasuda ainult sularahas. Samuti saate registreerida kui helistate meie stuudiosse. (Kohapeal registreerimata k\u00fclaliste kohad on piiratud, seega registreeri ette)<\/li>\n<\/ul>\n<p>&nbsp;<\/p>\n<p><strong>SAABUMISE AEG:<\/strong><\/p>\n<ul>\n<li>Meie kunstitund algab \u00f5igel ajal! Soovitame kohale tulla kuni 10min varem, et leida oma koht ja suudios ringi uudistada. Hilinenud saabujad j\u00e4\u00e4vad ilma t\u00e4htsatest juhenditest.<\/li>\n<\/ul>\n<p>&nbsp;<\/p>\n<p><strong>MIDA KAASA V\u00d5TTA:<\/strong><\/p>\n<ul>\n<li>V\u00f5ta kaasa hea tuju, soovi korral oma lemmik vein, \u00f5lle, siider v\u00f5i mittealkohoolne jook (kange alkohol ei ole lubatud) ja\/v\u00f5i kerged suupisted. Klaasid, pudeliavajad ja muu tarvilik on stuudios saadaval. NB! Peab olema 18+ et alkoholi tarbida.<\/li>\n<\/ul>\n<p>&nbsp;<\/p>\n<p><strong>REGISTREERIMISE T\u00dcHISTAMINE:<\/strong><\/p>\n<ul>\n<li>48 tundi v\u00f5i rohkem &#8211; klient saab raha tagasi.<\/li>\n<li>48 tundi v\u00f5i v\u00e4hem &#8211; klient saab stuudiokrediit.<\/li>\n<li>2 tundi v\u00f5i v\u00e4hem &#8211; puudub tagasimakse \/ krediit.<\/li>\n<\/ul>\n<p>&nbsp;<\/p>\n<p><em><span style=\"color: #ff0000;\">Vein &amp; Pintsel omab \u00f5igust t\u00fchistada klassid etten\u00e4gematutel asjaoludel ja\/v\u00f5i v\u00e4hese registreerimisega \u00fcritused. Tagasimaksed t\u00f6\u00f6deldakse 4 kalendrip\u00e4eva jooksul.<\/span><\/em><\/p>\n\n\t\t<\/div>\n\t<\/div>\n<\/div><\/div><\/div><\/div>\n<\/div>","protected":false},"excerpt":{"rendered":"<p><strong>Simple, fun and stress-free experience!<\/strong><\/p>\n<p>&nbsp;<\/p>\n<p><strong><b>\u00dcRITUSE TEEMA:<\/b><\/strong><\/p>\n<h3>P\u00c4IKESELOOJANG + 3 vahuveini degusteerimine<\/h3>\n<p><strong>Kuup\u00e4ev: <\/strong>Laup\u00e4ev, 21 M\u00e4rts<\/p>\n<p><strong><b>Kellaaeg: <\/b><\/strong>19.00-21.30<\/p>\n<p><span style=\"color: #ff0000;\"><strong><b>Soodushind: <\/b><\/strong>\u20ac45 (kui registreerid enne 07.01.20)<\/span> <strong>Tavahind:<\/strong> 48EUR<\/p>\n<p><strong><b>Kasutatavad v\u00e4rvid<\/b><\/strong>: Akr\u00fc\u00fclv\u00e4rvid (vali meelep\u00e4rased v\u00e4rvid)<\/p>\n<p><strong><b>L\u00f5uendi suurus:<\/b><\/strong> 40cm x 50cm<\/p>","protected":false},"featured_media":13064,"comment_status":"open","ping_status":"closed","template":"","meta":{"_exactmetrics_skip_tracking":false,"_exactmetrics_sitenote_active":false,"_exactmetrics_sitenote_note":"","_exactmetrics_sitenote_category":0},"product_brand":[],"product_cat":[92],"product_tag":[303,341,340],"class_list":{"0":"post-13065","1":"product","2":"type-product","3":"status-publish","4":"has-post-thumbnail","6":"product_cat-uritused","7":"product_tag-acrylic","8":"product_tag-degusteerimine","9":"product_tag-eriuritus","11":"first","12":"outofstock","13":"sale","14":"downloadable","15":"virtual","16":"taxable","17":"purchasable","18":"product-type-simple"},"yoast_head":"<!-- This site is optimized with the Yoast SEO plugin v27.3 - https:\/\/yoast.com\/product\/yoast-seo-wordpress\/ -->\n<title>P\u00c4IKESELOOJANG + Mulli degusteerimine - Vein &amp; Pintsel<\/title>\n<meta name=\"robots\"  content=\"noindex, follow\" \/>\n<meta property=\"og:locale\"  content=\"en_US\" \/>\n<meta property=\"og:type\"  content=\"article\" \/>\n<meta property=\"og:title\"  content=\"P\u00c4IKESELOOJANG + Mulli degusteerimine - Vein &amp; Pintsel\" \/>\n<meta property=\"og:description\"  content=\"Lihtne, l\u00f5bus ja t\u00e4iesti stressivaba elamus!  &nbsp;  \u00dcRITUSE TEEMA: P\u00c4IKESELOOJANG + 3 vahuveini degusteerimine Kuup\u00e4ev: Laup\u00e4ev, 21 M\u00e4rts  Kellaaeg: 19.00-21.30  Soodushind: \u20ac45 (kui registreerid enne 07.01.20) Tavahind: 48EUR  Kasutatavad v\u00e4rvid: Akr\u00fc\u00fclv\u00e4rvid (vali meelep\u00e4rased v\u00e4rvid)  L\u00f5uendi suurus: 40cm x 50cm\" \/>\n<meta property=\"og:url\"  content=\"https:\/\/www.veinjapintsel.ee\/toode\/paikeseloojang-mulli-degusteerimine\/\" \/>\n<meta property=\"og:site_name\"  content=\"Vein &amp; Pintsel\" \/>\n<meta property=\"article:modified_time\"  content=\"2020-03-04T06:08:35+00:00\" \/>\n<meta property=\"og:image\"  content=\"https:\/\/www.veinjapintsel.ee\/wp-content\/uploads\/2020\/01\/P\u00e4ikeseloojang.jpg\" \/>\n\t<meta property=\"og:image:width\" content=\"391\" \/>\n\t<meta property=\"og:image:height\" content=\"500\" \/>\n\t<meta property=\"og:image:type\" content=\"image\/jpeg\" \/>\n<meta name=\"twitter:card\" content=\"summary_large_image\" \/>\n<meta name=\"twitter:label1\" content=\"Est. reading time\" \/>\n\t<meta name=\"twitter:data1\" content=\"2 minutes\" \/>\n<script type=\"application\/ld+json\" class=\"yoast-schema-graph\">{\"@context\":\"https:\\\/\\\/schema.org\",\"@graph\":[{\"@type\":\"WebPage\",\"@id\":\"https:\\\/\\\/www.veinjapintsel.ee\\\/toode\\\/paikeseloojang-mulli-degusteerimine\\\/\",\"url\":\"https:\\\/\\\/www.veinjapintsel.ee\\\/toode\\\/paikeseloojang-mulli-degusteerimine\\\/\",\"name\":\"P\u00c4IKESELOOJANG + Mulli degusteerimine - Vein &amp; Pintsel\",\"isPartOf\":{\"@id\":\"https:\\\/\\\/veinjapintsel.ee\\\/#website\"},\"primaryImageOfPage\":{\"@id\":\"https:\\\/\\\/www.veinjapintsel.ee\\\/toode\\\/paikeseloojang-mulli-degusteerimine\\\/#primaryimage\"},\"image\":{\"@id\":\"https:\\\/\\\/www.veinjapintsel.ee\\\/toode\\\/paikeseloojang-mulli-degusteerimine\\\/#primaryimage\"},\"thumbnailUrl\":\"https:\\\/\\\/www.veinjapintsel.ee\\\/wp-content\\\/uploads\\\/2020\\\/01\\\/P\u00e4ikeseloojang.jpg\",\"datePublished\":\"2020-01-28T08:12:59+00:00\",\"dateModified\":\"2020-03-04T06:08:35+00:00\",\"breadcrumb\":{\"@id\":\"https:\\\/\\\/www.veinjapintsel.ee\\\/toode\\\/paikeseloojang-mulli-degusteerimine\\\/#breadcrumb\"},\"inLanguage\":\"en-US\",\"potentialAction\":[{\"@type\":\"ReadAction\",\"target\":[\"https:\\\/\\\/www.veinjapintsel.ee\\\/toode\\\/paikeseloojang-mulli-degusteerimine\\\/\"]}]},{\"@type\":\"ImageObject\",\"inLanguage\":\"en-US\",\"@id\":\"https:\\\/\\\/www.veinjapintsel.ee\\\/toode\\\/paikeseloojang-mulli-degusteerimine\\\/#primaryimage\",\"url\":\"https:\\\/\\\/www.veinjapintsel.ee\\\/wp-content\\\/uploads\\\/2020\\\/01\\\/P\u00e4ikeseloojang.jpg\",\"contentUrl\":\"https:\\\/\\\/www.veinjapintsel.ee\\\/wp-content\\\/uploads\\\/2020\\\/01\\\/P\u00e4ikeseloojang.jpg\",\"width\":391,\"height\":500},{\"@type\":\"BreadcrumbList\",\"@id\":\"https:\\\/\\\/www.veinjapintsel.ee\\\/toode\\\/paikeseloojang-mulli-degusteerimine\\\/#breadcrumb\",\"itemListElement\":[{\"@type\":\"ListItem\",\"position\":1,\"name\":\"Home\",\"item\":\"https:\\\/\\\/veinjapintsel.ee\\\/\"},{\"@type\":\"ListItem\",\"position\":2,\"name\":\"\u00dcritused\",\"item\":\"https:\\\/\\\/www.veinjapintsel.ee\\\/en\\\/uritused\\\/\"},{\"@type\":\"ListItem\",\"position\":3,\"name\":\"P\u00c4IKESELOOJANG + Mulli degusteerimine\"}]},{\"@type\":\"WebSite\",\"@id\":\"https:\\\/\\\/veinjapintsel.ee\\\/#website\",\"url\":\"https:\\\/\\\/veinjapintsel.ee\\\/\",\"name\":\"Vein &amp; Pintsel\",\"description\":\"Lihtne, l\u00f5bus ja stressivaba elamus\",\"publisher\":{\"@id\":\"https:\\\/\\\/veinjapintsel.ee\\\/#organization\"},\"potentialAction\":[{\"@type\":\"SearchAction\",\"target\":{\"@type\":\"EntryPoint\",\"urlTemplate\":\"https:\\\/\\\/veinjapintsel.ee\\\/?s={search_term_string}\"},\"query-input\":{\"@type\":\"PropertyValueSpecification\",\"valueRequired\":true,\"valueName\":\"search_term_string\"}}],\"inLanguage\":\"en-US\"},{\"@type\":\"Organization\",\"@id\":\"https:\\\/\\\/veinjapintsel.ee\\\/#organization\",\"name\":\"Vein & Pintsel\",\"url\":\"https:\\\/\\\/veinjapintsel.ee\\\/\",\"logo\":{\"@type\":\"ImageObject\",\"inLanguage\":\"en-US\",\"@id\":\"https:\\\/\\\/veinjapintsel.ee\\\/#\\\/schema\\\/logo\\\/image\\\/\",\"url\":\"http:\\\/\\\/www.veinjapintsel.ee\\\/wp-content\\\/uploads\\\/2017\\\/10\\\/veebisaidiikoon.jpg\",\"contentUrl\":\"http:\\\/\\\/www.veinjapintsel.ee\\\/wp-content\\\/uploads\\\/2017\\\/10\\\/veebisaidiikoon.jpg\",\"width\":512,\"height\":512,\"caption\":\"Vein & Pintsel\"},\"image\":{\"@id\":\"https:\\\/\\\/veinjapintsel.ee\\\/#\\\/schema\\\/logo\\\/image\\\/\"}}]}<\/script>\n<!-- \/ Yoast SEO plugin. -->","yoast_head_json":{"title":"P\u00c4IKESELOOJANG + Mulli degusteerimine - Vein &amp; Pintsel","robots":{"index":"noindex","follow":"follow"},"og_locale":"en_US","og_type":"article","og_title":"P\u00c4IKESELOOJANG + Mulli degusteerimine - Vein &amp; Pintsel","og_description":"Lihtne, l\u00f5bus ja t\u00e4iesti stressivaba elamus!  &nbsp;  \u00dcRITUSE TEEMA: P\u00c4IKESELOOJANG + 3 vahuveini degusteerimine Kuup\u00e4ev: Laup\u00e4ev, 21 M\u00e4rts  Kellaaeg: 19.00-21.30  Soodushind: \u20ac45 (kui registreerid enne 07.01.20) Tavahind: 48EUR  Kasutatavad v\u00e4rvid: Akr\u00fc\u00fclv\u00e4rvid (vali meelep\u00e4rased v\u00e4rvid)  L\u00f5uendi suurus: 40cm x 50cm","og_url":"https:\/\/www.veinjapintsel.ee\/toode\/paikeseloojang-mulli-degusteerimine\/","og_site_name":"Vein &amp; Pintsel","article_modified_time":"2020-03-04T06:08:35+00:00","og_image":[{"width":391,"height":500,"url":"https:\/\/www.veinjapintsel.ee\/wp-content\/uploads\/2020\/01\/P\u00e4ikeseloojang.jpg","type":"image\/jpeg"}],"twitter_card":"summary_large_image","twitter_misc":{"Est. reading time":"2 minutes"},"schema":{"@context":"https:\/\/schema.org","@graph":[{"@type":"WebPage","@id":"https:\/\/www.veinjapintsel.ee\/toode\/paikeseloojang-mulli-degusteerimine\/","url":"https:\/\/www.veinjapintsel.ee\/toode\/paikeseloojang-mulli-degusteerimine\/","name":"P\u00c4IKESELOOJANG + Mulli degusteerimine - Vein &amp; Pintsel","isPartOf":{"@id":"https:\/\/veinjapintsel.ee\/#website"},"primaryImageOfPage":{"@id":"https:\/\/www.veinjapintsel.ee\/toode\/paikeseloojang-mulli-degusteerimine\/#primaryimage"},"image":{"@id":"https:\/\/www.veinjapintsel.ee\/toode\/paikeseloojang-mulli-degusteerimine\/#primaryimage"},"thumbnailUrl":"https:\/\/www.veinjapintsel.ee\/wp-content\/uploads\/2020\/01\/P\u00e4ikeseloojang.jpg","datePublished":"2020-01-28T08:12:59+00:00","dateModified":"2020-03-04T06:08:35+00:00","breadcrumb":{"@id":"https:\/\/www.veinjapintsel.ee\/toode\/paikeseloojang-mulli-degusteerimine\/#breadcrumb"},"inLanguage":"en-US","potentialAction":[{"@type":"ReadAction","target":["https:\/\/www.veinjapintsel.ee\/toode\/paikeseloojang-mulli-degusteerimine\/"]}]},{"@type":"ImageObject","inLanguage":"en-US","@id":"https:\/\/www.veinjapintsel.ee\/toode\/paikeseloojang-mulli-degusteerimine\/#primaryimage","url":"https:\/\/www.veinjapintsel.ee\/wp-content\/uploads\/2020\/01\/P\u00e4ikeseloojang.jpg","contentUrl":"https:\/\/www.veinjapintsel.ee\/wp-content\/uploads\/2020\/01\/P\u00e4ikeseloojang.jpg","width":391,"height":500},{"@type":"BreadcrumbList","@id":"https:\/\/www.veinjapintsel.ee\/toode\/paikeseloojang-mulli-degusteerimine\/#breadcrumb","itemListElement":[{"@type":"ListItem","position":1,"name":"Home","item":"https:\/\/veinjapintsel.ee\/"},{"@type":"ListItem","position":2,"name":"\u00dcritused","item":"https:\/\/www.veinjapintsel.ee\/en\/uritused\/"},{"@type":"ListItem","position":3,"name":"P\u00c4IKESELOOJANG + Mulli degusteerimine"}]},{"@type":"WebSite","@id":"https:\/\/veinjapintsel.ee\/#website","url":"https:\/\/veinjapintsel.ee\/","name":"Vein &amp; Pintsel","description":"SIMPLE, FUN AND STRESS-FREE EXPERIENCE!","publisher":{"@id":"https:\/\/veinjapintsel.ee\/#organization"},"potentialAction":[{"@type":"SearchAction","target":{"@type":"EntryPoint","urlTemplate":"https:\/\/veinjapintsel.ee\/?s={search_term_string}"},"query-input":{"@type":"PropertyValueSpecification","valueRequired":true,"valueName":"search_term_string"}}],"inLanguage":"en-US"},{"@type":"Organization","@id":"https:\/\/veinjapintsel.ee\/#organization","name":"Vein & Pintsel","url":"https:\/\/veinjapintsel.ee\/","logo":{"@type":"ImageObject","inLanguage":"en-US","@id":"https:\/\/veinjapintsel.ee\/#\/schema\/logo\/image\/","url":"http:\/\/www.veinjapintsel.ee\/wp-content\/uploads\/2017\/10\/veebisaidiikoon.jpg","contentUrl":"http:\/\/www.veinjapintsel.ee\/wp-content\/uploads\/2017\/10\/veebisaidiikoon.jpg","width":512,"height":512,"caption":"Vein & Pintsel"},"image":{"@id":"https:\/\/veinjapintsel.ee\/#\/schema\/logo\/image\/"}}]}},"_links":{"self":[{"href":"https:\/\/veinjapintsel.ee\/en\/wp-json\/wp\/v2\/product\/13065","targetHints":{"allow":["GET"]}}],"collection":[{"href":"https:\/\/veinjapintsel.ee\/en\/wp-json\/wp\/v2\/product"}],"about":[{"href":"https:\/\/veinjapintsel.ee\/en\/wp-json\/wp\/v2\/types\/product"}],"replies":[{"embeddable":true,"href":"https:\/\/veinjapintsel.ee\/en\/wp-json\/wp\/v2\/comments?post=13065"}],"wp:featuredmedia":[{"embeddable":true,"href":"https:\/\/veinjapintsel.ee\/en\/wp-json\/wp\/v2\/media\/13064"}],"wp:attachment":[{"href":"https:\/\/veinjapintsel.ee\/en\/wp-json\/wp\/v2\/media?parent=13065"}],"wp:term":[{"taxonomy":"product_brand","embeddable":true,"href":"https:\/\/veinjapintsel.ee\/en\/wp-json\/wp\/v2\/product_brand?post=13065"},{"taxonomy":"product_cat","embeddable":true,"href":"https:\/\/veinjapintsel.ee\/en\/wp-json\/wp\/v2\/product_cat?post=13065"},{"taxonomy":"product_tag","embeddable":true,"href":"https:\/\/veinjapintsel.ee\/en\/wp-json\/wp\/v2\/product_tag?post=13065"}],"curies":[{"name":"wp","href":"https:\/\/api.w.org\/{rel}","templated":true}]}}