{"id":16837,"date":"2021-02-05T16:07:28","date_gmt":"2021-02-05T14:07:28","guid":{"rendered":"http:\/\/www.veinjapintsel.ee\/?post_type=product&#038;p=16837"},"modified":"2021-03-03T16:52:06","modified_gmt":"2021-03-03T14:52:06","slug":"roos-5-marts","status":"publish","type":"product","link":"https:\/\/www.veinjapintsel.ee\/en\/product\/roos-5-marts\/","title":{"rendered":"ROOS &#8211; 5 M\u00c4RTS"},"content":{"rendered":"<div class=\"wpb-content-wrapper\" ><div class=\"vc_row wpb_row vc_row-fluid\"><div class=\"wpb_column vc_column_container vc_col-sm-12\"><div class=\"vc_column-inner vc_custom_1538015756293\"><div class=\"wpb_wrapper\">\n\t<div class=\"wpb_text_column wpb_content_element\" >\n\t\t<div class=\"wpb_wrapper\">\n\t\t\t<h3><span style=\"color: #993300;\">&#8220;ROOS&#8221;<\/span><\/h3>\n<p><strong>Asukoht:<\/strong> Vein &amp; Pintsel stuudio aadressil V\u00e4ike-Karja 12, Tallinn, 10140<br \/>\n<strong>Kuup\u00e4ev:<\/strong> Reede, 5 M\u00e4rts 2021<br \/>\n<strong>Kellaaeg:<\/strong> 19.00-21.00<\/p>\n<p style=\"text-align: left;\"><strong><b>Hind<\/b><\/strong>: \u20ac34\u00a0 (hind \u00fche inimese kohta)<br \/>\n<strong><b>V\u00e4rvid<\/b><\/strong>: Akr\u00fc\u00fclv\u00e4rvid (vali oma v\u00e4rvid)<br \/>\n<strong><b>L\u00f5uendi suurus:<\/b><\/strong>\u00a040cmx50cm<\/p>\n\n\t\t<\/div>\n\t<\/div>\n<div class=\"vc_separator wpb_content_element vc_separator_align_center vc_sep_width_100 vc_sep_pos_align_center vc_separator_no_text vc_sep_color_grey vc_custom_1538006780345 wpb_content_element  vc_custom_1538006780345 wpb_content_element\"  ><span class=\"vc_sep_holder vc_sep_holder_l\"><span class=\"vc_sep_line\"><\/span><\/span><span class=\"vc_sep_holder vc_sep_holder_r\"><span class=\"vc_sep_line\"><\/span><\/span>\n<\/div>\n\t<div class=\"wpb_text_column wpb_content_element\" >\n\t\t<div class=\"wpb_wrapper\">\n\t\t\t<h5><strong><b>LISAINFO SELLE KLASSI KOHTA<\/b><\/strong><\/h5>\n<p>&nbsp;<\/p>\n<p><strong>HIND SISALDAB:<\/strong><\/p>\n<ul>\n<li>Hind sisaldab tervitusjooki, juhendajat, l\u00f5uendit, v\u00e4rve, pintsleid ja k\u00f5ike muid vajalikke kunstitarbeid. Kohapeal pakume kergeid sn\u00e4kke ja v\u00e4rskenduseks vett. Valmis kunstiteose saab klient endaga kaasa. Orienteeruv kestus on 2-2.5 tundi.<\/li>\n<\/ul>\n<p>&nbsp;<\/p>\n<p><strong>ASUKOHT:<\/strong><\/p>\n<ul>\n<li>Vein &amp; Pintsel \u00a0asub Tallinna kesklinnas, Saarineni majas, aadressil V\u00e4ike-Karja 12, sissep\u00e4\u00e4suga V\u00e4ike-Karja t\u00e4nava sisehoovist. Vaata asukohta kaardil <a href=\"http:\/\/www.veinjapintsel.ee\/en\/venue\/vein-ja-pintsel\/\">SIIT<\/a>.<\/li>\n<\/ul>\n<p>&nbsp;<\/p>\n<p><strong>EELNEV REGISTREERIMINE SOOVITATUD:<\/strong><\/p>\n<ul>\n<li>K\u00fclalised peavad enne saabumist internetis registreerima. Kontrollige e-posti kinnitust (v\u00f5ib sattuda r\u00e4mpsposti). Kohapeal saab tasuda ainult sularahas. Samuti saate registreerida kui helistate meie stuudiosse.<\/li>\n<\/ul>\n<p>&nbsp;<\/p>\n<p><strong>MIDA KAASA V\u00d5TTA:<\/strong><\/p>\n<ul>\n<li>V\u00f5ta kaasa hea tuju, soovi korral oma lemmik vein, \u00f5lle, siider v\u00f5i mittealkohoolne jook (kange alkohol ei ole lubatud) ja\/v\u00f5i kerged suupisted. Klaasid, pudeliavajad ja muu tarvilik on stuudios saadaval. NB! Peab olema 18+ et alkoholi tarbida.<\/li>\n<\/ul>\n<p>&nbsp;<\/p>\n<p><strong>REGISTREERIMISE T\u00dcHISTAMINE:<\/strong><\/p>\n<ul>\n<li>48 tundi v\u00f5i rohkem &#8211; klient saab raha tagasi.<\/li>\n<li>48 tundi v\u00f5i v\u00e4hem &#8211; klient saab stuudiokrediit.<\/li>\n<li>2 tundi v\u00f5i v\u00e4hem &#8211; puudub tagasimakse \/ krediit.<\/li>\n<\/ul>\n<p>&nbsp;<\/p>\n<p><em><span style=\"color: #ff0000;\">Vein &amp; Pintsel omab \u00f5igust t\u00fchistada klassid etten\u00e4gematutel asjaoludel ja\/v\u00f5i v\u00e4hese registreerimisega \u00fcritused. \u00dcritus toimub juhul kui on v\u00e4hemalt 5 registreerijat. Tagasimaksed t\u00f6\u00f6deldakse 4 kalendrip\u00e4eva jooksul.<\/span><\/em><\/p>\n\n\t\t<\/div>\n\t<\/div>\n<\/div><\/div><\/div><\/div>\n<\/div>","protected":false},"excerpt":{"rendered":"<h3><span style=\"color: #993300;\" >&#8220;ROOS&#8221;<\/span><\/h3>\n<p><strong>Asukoht:<\/strong> Vein &amp; Pintsel stuudio aadressil V\u00e4ike-Karja 12, Tallinn, 10140<br \/>\n<strong>Kuup\u00e4ev:<\/strong> Reede, 5 M\u00e4rts 2021<br \/>\n<strong>Kellaaeg:<\/strong> 19.00-21.00<\/p>\n<p style=\"text-align: left;\"><strong><b>Hind<\/b><\/strong>: \u20ac34\u00a0 (hind \u00fche inimese kohta)<br \/>\n<strong><b>V\u00e4rvid<\/b><\/strong>: Akr\u00fc\u00fclv\u00e4rvid (vali oma v\u00e4rvid)<br \/>\n<strong><b>L\u00f5uendi suurus:<\/b><\/strong>\u00a040cmx50cm<\/p>","protected":false},"featured_media":16836,"comment_status":"open","ping_status":"closed","template":"","meta":{"_exactmetrics_skip_tracking":false,"_exactmetrics_sitenote_active":false,"_exactmetrics_sitenote_note":"","_exactmetrics_sitenote_category":0},"product_brand":[],"product_cat":[92],"product_tag":[303,327,219,350],"class_list":{"0":"post-16837","1":"product","2":"type-product","3":"status-publish","4":"has-post-thumbnail","6":"product_cat-uritused","7":"product_tag-acrylic","8":"product_tag-kunst","9":"product_tag-lilled","10":"product_tag-uritused","12":"first","13":"instock","14":"downloadable","15":"virtual","16":"taxable","17":"purchasable","18":"product-type-simple"},"yoast_head":"<!-- This site is optimized with the Yoast SEO plugin v27.3 - https:\/\/yoast.com\/product\/yoast-seo-wordpress\/ -->\n<title>ROOS - 5 M\u00c4RTS - Vein &amp; Pintsel<\/title>\n<meta name=\"robots\"  content=\"noindex, follow\" \/>\n<meta property=\"og:locale\"  content=\"en_US\" \/>\n<meta property=\"og:type\"  content=\"article\" \/>\n<meta property=\"og:title\"  content=\"ROOS - 5 M\u00c4RTS - Vein &amp; Pintsel\" \/>\n<meta property=\"og:description\"  content=\"&quot;ROOS&quot; Asukoht: Vein &amp; Pintsel stuudio aadressil V\u00e4ike-Karja 12, Tallinn, 10140 Kuup\u00e4ev: Reede, 5 M\u00e4rts 2021 Kellaaeg: 19.00-21.00 Hind: \u20ac34\u00a0 (hind \u00fche inimese kohta) V\u00e4rvid: Akr\u00fc\u00fclv\u00e4rvid (vali oma v\u00e4rvid) L\u00f5uendi suurus:\u00a040cmx50cm\" \/>\n<meta property=\"og:url\"  content=\"https:\/\/www.veinjapintsel.ee\/en\/product\/roos-5-marts\/\" \/>\n<meta property=\"og:site_name\"  content=\"Vein &amp; Pintsel\" \/>\n<meta property=\"article:modified_time\"  content=\"2021-03-03T14:52:06+00:00\" \/>\n<meta property=\"og:image\"  content=\"https:\/\/www.veinjapintsel.ee\/wp-content\/uploads\/2021\/02\/roos2.jpg\" \/>\n\t<meta property=\"og:image:width\" content=\"389\" \/>\n\t<meta property=\"og:image:height\" content=\"500\" \/>\n\t<meta property=\"og:image:type\" content=\"image\/jpeg\" \/>\n<meta name=\"twitter:card\" content=\"summary_large_image\" \/>\n<meta name=\"twitter:label1\" content=\"Est. reading time\" \/>\n\t<meta name=\"twitter:data1\" content=\"1 minute\" \/>\n<script type=\"application\/ld+json\" class=\"yoast-schema-graph\">{\"@context\":\"https:\\\/\\\/schema.org\",\"@graph\":[{\"@type\":\"WebPage\",\"@id\":\"https:\\\/\\\/www.veinjapintsel.ee\\\/en\\\/product\\\/roos-5-marts\\\/\",\"url\":\"https:\\\/\\\/www.veinjapintsel.ee\\\/en\\\/product\\\/roos-5-marts\\\/\",\"name\":\"ROOS - 5 M\u00c4RTS - Vein &amp; Pintsel\",\"isPartOf\":{\"@id\":\"https:\\\/\\\/veinjapintsel.ee\\\/en\\\/#website\"},\"primaryImageOfPage\":{\"@id\":\"https:\\\/\\\/www.veinjapintsel.ee\\\/en\\\/product\\\/roos-5-marts\\\/#primaryimage\"},\"image\":{\"@id\":\"https:\\\/\\\/www.veinjapintsel.ee\\\/en\\\/product\\\/roos-5-marts\\\/#primaryimage\"},\"thumbnailUrl\":\"https:\\\/\\\/www.veinjapintsel.ee\\\/wp-content\\\/uploads\\\/2021\\\/02\\\/roos2.jpg\",\"datePublished\":\"2021-02-05T14:07:28+00:00\",\"dateModified\":\"2021-03-03T14:52:06+00:00\",\"breadcrumb\":{\"@id\":\"https:\\\/\\\/www.veinjapintsel.ee\\\/en\\\/product\\\/roos-5-marts\\\/#breadcrumb\"},\"inLanguage\":\"en-US\",\"potentialAction\":[{\"@type\":\"ReadAction\",\"target\":[\"https:\\\/\\\/www.veinjapintsel.ee\\\/en\\\/product\\\/roos-5-marts\\\/\"]}]},{\"@type\":\"ImageObject\",\"inLanguage\":\"en-US\",\"@id\":\"https:\\\/\\\/www.veinjapintsel.ee\\\/en\\\/product\\\/roos-5-marts\\\/#primaryimage\",\"url\":\"https:\\\/\\\/www.veinjapintsel.ee\\\/wp-content\\\/uploads\\\/2021\\\/02\\\/roos2.jpg\",\"contentUrl\":\"https:\\\/\\\/www.veinjapintsel.ee\\\/wp-content\\\/uploads\\\/2021\\\/02\\\/roos2.jpg\",\"width\":389,\"height\":500},{\"@type\":\"BreadcrumbList\",\"@id\":\"https:\\\/\\\/www.veinjapintsel.ee\\\/en\\\/product\\\/roos-5-marts\\\/#breadcrumb\",\"itemListElement\":[{\"@type\":\"ListItem\",\"position\":1,\"name\":\"Home\",\"item\":\"https:\\\/\\\/veinjapintsel.ee\\\/en\\\/\"},{\"@type\":\"ListItem\",\"position\":2,\"name\":\"\u00dcritused\",\"item\":\"https:\\\/\\\/www.veinjapintsel.ee\\\/en\\\/uritused\\\/\"},{\"@type\":\"ListItem\",\"position\":3,\"name\":\"ROOS &#8211; 5 M\u00c4RTS\"}]},{\"@type\":\"WebSite\",\"@id\":\"https:\\\/\\\/veinjapintsel.ee\\\/en\\\/#website\",\"url\":\"https:\\\/\\\/veinjapintsel.ee\\\/en\\\/\",\"name\":\"Vein &amp; Pintsel\",\"description\":\"Lihtne, l\u00f5bus ja stressivaba elamus\",\"publisher\":{\"@id\":\"https:\\\/\\\/veinjapintsel.ee\\\/en\\\/#organization\"},\"potentialAction\":[{\"@type\":\"SearchAction\",\"target\":{\"@type\":\"EntryPoint\",\"urlTemplate\":\"https:\\\/\\\/veinjapintsel.ee\\\/en\\\/?s={search_term_string}\"},\"query-input\":{\"@type\":\"PropertyValueSpecification\",\"valueRequired\":true,\"valueName\":\"search_term_string\"}}],\"inLanguage\":\"en-US\"},{\"@type\":\"Organization\",\"@id\":\"https:\\\/\\\/veinjapintsel.ee\\\/en\\\/#organization\",\"name\":\"Vein & Pintsel\",\"url\":\"https:\\\/\\\/veinjapintsel.ee\\\/en\\\/\",\"logo\":{\"@type\":\"ImageObject\",\"inLanguage\":\"en-US\",\"@id\":\"https:\\\/\\\/veinjapintsel.ee\\\/en\\\/#\\\/schema\\\/logo\\\/image\\\/\",\"url\":\"http:\\\/\\\/www.veinjapintsel.ee\\\/wp-content\\\/uploads\\\/2017\\\/10\\\/veebisaidiikoon.jpg\",\"contentUrl\":\"http:\\\/\\\/www.veinjapintsel.ee\\\/wp-content\\\/uploads\\\/2017\\\/10\\\/veebisaidiikoon.jpg\",\"width\":512,\"height\":512,\"caption\":\"Vein & Pintsel\"},\"image\":{\"@id\":\"https:\\\/\\\/veinjapintsel.ee\\\/en\\\/#\\\/schema\\\/logo\\\/image\\\/\"}}]}<\/script>\n<!-- \/ Yoast SEO plugin. -->","yoast_head_json":{"title":"ROOS - 5 M\u00c4RTS - Vein &amp; Pintsel","robots":{"index":"noindex","follow":"follow"},"og_locale":"en_US","og_type":"article","og_title":"ROOS - 5 M\u00c4RTS - Vein &amp; Pintsel","og_description":"\"ROOS\" Asukoht: Vein &amp; Pintsel stuudio aadressil V\u00e4ike-Karja 12, Tallinn, 10140 Kuup\u00e4ev: Reede, 5 M\u00e4rts 2021 Kellaaeg: 19.00-21.00 Hind: \u20ac34\u00a0 (hind \u00fche inimese kohta) V\u00e4rvid: Akr\u00fc\u00fclv\u00e4rvid (vali oma v\u00e4rvid) L\u00f5uendi suurus:\u00a040cmx50cm","og_url":"https:\/\/www.veinjapintsel.ee\/en\/product\/roos-5-marts\/","og_site_name":"Vein &amp; Pintsel","article_modified_time":"2021-03-03T14:52:06+00:00","og_image":[{"width":389,"height":500,"url":"https:\/\/www.veinjapintsel.ee\/wp-content\/uploads\/2021\/02\/roos2.jpg","type":"image\/jpeg"}],"twitter_card":"summary_large_image","twitter_misc":{"Est. reading time":"1 minute"},"schema":{"@context":"https:\/\/schema.org","@graph":[{"@type":"WebPage","@id":"https:\/\/www.veinjapintsel.ee\/en\/product\/roos-5-marts\/","url":"https:\/\/www.veinjapintsel.ee\/en\/product\/roos-5-marts\/","name":"ROOS - 5 M\u00c4RTS - Vein &amp; Pintsel","isPartOf":{"@id":"https:\/\/veinjapintsel.ee\/en\/#website"},"primaryImageOfPage":{"@id":"https:\/\/www.veinjapintsel.ee\/en\/product\/roos-5-marts\/#primaryimage"},"image":{"@id":"https:\/\/www.veinjapintsel.ee\/en\/product\/roos-5-marts\/#primaryimage"},"thumbnailUrl":"https:\/\/www.veinjapintsel.ee\/wp-content\/uploads\/2021\/02\/roos2.jpg","datePublished":"2021-02-05T14:07:28+00:00","dateModified":"2021-03-03T14:52:06+00:00","breadcrumb":{"@id":"https:\/\/www.veinjapintsel.ee\/en\/product\/roos-5-marts\/#breadcrumb"},"inLanguage":"en-US","potentialAction":[{"@type":"ReadAction","target":["https:\/\/www.veinjapintsel.ee\/en\/product\/roos-5-marts\/"]}]},{"@type":"ImageObject","inLanguage":"en-US","@id":"https:\/\/www.veinjapintsel.ee\/en\/product\/roos-5-marts\/#primaryimage","url":"https:\/\/www.veinjapintsel.ee\/wp-content\/uploads\/2021\/02\/roos2.jpg","contentUrl":"https:\/\/www.veinjapintsel.ee\/wp-content\/uploads\/2021\/02\/roos2.jpg","width":389,"height":500},{"@type":"BreadcrumbList","@id":"https:\/\/www.veinjapintsel.ee\/en\/product\/roos-5-marts\/#breadcrumb","itemListElement":[{"@type":"ListItem","position":1,"name":"Home","item":"https:\/\/veinjapintsel.ee\/en\/"},{"@type":"ListItem","position":2,"name":"\u00dcritused","item":"https:\/\/www.veinjapintsel.ee\/en\/uritused\/"},{"@type":"ListItem","position":3,"name":"ROOS &#8211; 5 M\u00c4RTS"}]},{"@type":"WebSite","@id":"https:\/\/veinjapintsel.ee\/en\/#website","url":"https:\/\/veinjapintsel.ee\/en\/","name":"Vein &amp; Pintsel","description":"SIMPLE, FUN AND STRESS-FREE EXPERIENCE!","publisher":{"@id":"https:\/\/veinjapintsel.ee\/en\/#organization"},"potentialAction":[{"@type":"SearchAction","target":{"@type":"EntryPoint","urlTemplate":"https:\/\/veinjapintsel.ee\/en\/?s={search_term_string}"},"query-input":{"@type":"PropertyValueSpecification","valueRequired":true,"valueName":"search_term_string"}}],"inLanguage":"en-US"},{"@type":"Organization","@id":"https:\/\/veinjapintsel.ee\/en\/#organization","name":"Vein & Pintsel","url":"https:\/\/veinjapintsel.ee\/en\/","logo":{"@type":"ImageObject","inLanguage":"en-US","@id":"https:\/\/veinjapintsel.ee\/en\/#\/schema\/logo\/image\/","url":"http:\/\/www.veinjapintsel.ee\/wp-content\/uploads\/2017\/10\/veebisaidiikoon.jpg","contentUrl":"http:\/\/www.veinjapintsel.ee\/wp-content\/uploads\/2017\/10\/veebisaidiikoon.jpg","width":512,"height":512,"caption":"Vein & Pintsel"},"image":{"@id":"https:\/\/veinjapintsel.ee\/en\/#\/schema\/logo\/image\/"}}]}},"_links":{"self":[{"href":"https:\/\/www.veinjapintsel.ee\/en\/wp-json\/wp\/v2\/product\/16837","targetHints":{"allow":["GET"]}}],"collection":[{"href":"https:\/\/www.veinjapintsel.ee\/en\/wp-json\/wp\/v2\/product"}],"about":[{"href":"https:\/\/www.veinjapintsel.ee\/en\/wp-json\/wp\/v2\/types\/product"}],"replies":[{"embeddable":true,"href":"https:\/\/www.veinjapintsel.ee\/en\/wp-json\/wp\/v2\/comments?post=16837"}],"wp:featuredmedia":[{"embeddable":true,"href":"https:\/\/www.veinjapintsel.ee\/en\/wp-json\/wp\/v2\/media\/16836"}],"wp:attachment":[{"href":"https:\/\/www.veinjapintsel.ee\/en\/wp-json\/wp\/v2\/media?parent=16837"}],"wp:term":[{"taxonomy":"product_brand","embeddable":true,"href":"https:\/\/www.veinjapintsel.ee\/en\/wp-json\/wp\/v2\/product_brand?post=16837"},{"taxonomy":"product_cat","embeddable":true,"href":"https:\/\/www.veinjapintsel.ee\/en\/wp-json\/wp\/v2\/product_cat?post=16837"},{"taxonomy":"product_tag","embeddable":true,"href":"https:\/\/www.veinjapintsel.ee\/en\/wp-json\/wp\/v2\/product_tag?post=16837"}],"curies":[{"name":"wp","href":"https:\/\/api.w.org\/{rel}","templated":true}]}}