{"id":31310,"date":"2024-08-14T00:10:52","date_gmt":"2024-08-13T21:10:52","guid":{"rendered":"https:\/\/veinjapintsel.ee\/?post_type=product&#038;p=31310"},"modified":"2024-08-14T00:59:10","modified_gmt":"2024-08-13T21:59:10","slug":"struktuurne-akruulmaal-22-august-eriuritus-apollo-kino-suveterrassil","status":"publish","type":"product","link":"https:\/\/www.veinjapintsel.ee\/en\/product\/struktuurne-akruulmaal-22-august-eriuritus-apollo-kino-suveterrassil\/","title":{"rendered":"STRUKTUURNE AKR\u00dc\u00dcLMAAL \u2013 22 AUGUST &#8211; ERI\u00dcRITUS APOLLO KINO SUVETERRASSIL"},"content":{"rendered":"","protected":false},"excerpt":{"rendered":"<h3><span style=\"color: #993300;\" >&#8220;STRUK\u00adTUURNE AKR\u00dc\u00dcL\u00ad\u00adMAAL&#8221;<\/span><\/h3>\n<p><strong>Asukoht:<\/strong> Apollo Kino Mustam\u00e4e aadressil A. H. Tammsaare tee 104a, 12918 Tallinn<br \/>\n<strong>Kuup\u00e4ev: <\/strong>Neljap\u00e4ev, 22 August 2024<br \/>\n<strong>Kellaaeg:<\/strong> 19.00-21.00<\/p>\n<p style=\"text-align: left;\"><strong><b>Hind<\/b><\/strong>: \u20ac45\u00a0 (hind \u00fche inimese kohta) OSTA PILET APOLLO KAUDU <a href=\"https:\/\/www.apollokino.ee\/event\/5600\/vein_ja_pintsel_-_struktuurne_akr%C3%BC%C3%BClmaal\" target=\"_blank\" rel=\"noopener\">SIIT!<\/a><br \/>\n<strong><b>Vahendid<\/b><\/strong>: Tekstuurne pasta + akr\u00fc\u00fclv\u00e4rvid (vali oma v\u00e4rvid ja meelep\u00e4rane teema)<br \/>\n<strong><b>L\u00f5uendi suurus:<\/b><\/strong>\u00a040cmx50cm<\/p>","protected":false},"featured_media":31319,"comment_status":"open","ping_status":"closed","template":"","meta":{"_exactmetrics_skip_tracking":false,"_exactmetrics_sitenote_active":false,"_exactmetrics_sitenote_note":"","_exactmetrics_sitenote_category":0},"product_brand":[],"product_cat":[92,439],"product_tag":[303,327,350],"class_list":{"0":"post-31310","1":"product","2":"type-product","3":"status-publish","4":"has-post-thumbnail","6":"product_cat-uritused","7":"product_cat-struktuurne-akruulmaal","8":"product_tag-acrylic","9":"product_tag-kunst","10":"product_tag-uritused","12":"first","13":"instock","14":"featured","15":"downloadable","16":"virtual","17":"sold-individually","18":"taxable","19":"purchasable","20":"product-type-simple"},"yoast_head":"<!-- This site is optimized with the Yoast SEO plugin v27.3 - https:\/\/yoast.com\/product\/yoast-seo-wordpress\/ -->\n<title>STRUKTUURNE AKR\u00dc\u00dcLMAAL \u2013 22 AUGUST - ERI\u00dcRITUS APOLLO KINO SUVETERRASSIL - Vein &amp; Pintsel<\/title>\n<meta name=\"robots\"  content=\"noindex, follow\" \/>\n<meta property=\"og:locale\"  content=\"en_US\" \/>\n<meta property=\"og:type\"  content=\"article\" \/>\n<meta property=\"og:title\"  content=\"STRUKTUURNE AKR\u00dc\u00dcLMAAL \u2013 22 AUGUST - ERI\u00dcRITUS APOLLO KINO SUVETERRASSIL - Vein &amp; Pintsel\" \/>\n<meta property=\"og:description\"  content=\"&quot;STRUK\u00adTUURNE AKR\u00dc\u00dcL\u00ad\u00adMAAL&quot; Asukoht: Apollo Kino Mustam\u00e4e aadressil A. H. Tammsaare tee 104a, 12918 Tallinn Kuup\u00e4ev: Neljap\u00e4ev, 22 August 2024 Kellaaeg: 19.00-21.00 Hind: \u20ac45\u00a0 (hind \u00fche inimese kohta) OSTA PILET APOLLO KAUDU SIIT! Vahendid: Tekstuurne pasta + akr\u00fc\u00fclv\u00e4rvid (vali oma v\u00e4rvid ja meelep\u00e4rane teema) L\u00f5uendi suurus:\u00a040cmx50cm\" \/>\n<meta property=\"og:url\"  content=\"https:\/\/veinjapintsel.ee\/en\/product\/struktuurne-akruulmaal-22-august-eriuritus-apollo-kino-suveterrassil\/\" \/>\n<meta property=\"og:site_name\"  content=\"Vein &amp; Pintsel\" \/>\n<meta property=\"article:modified_time\"  content=\"2024-08-13T21:59:10+00:00\" \/>\n<meta property=\"og:image\"  content=\"https:\/\/www.veinjapintsel.ee\/wp-content\/uploads\/2024\/08\/Vein_ja_pintsel_Apollo_Kino_Suveterrassil.jpg\" \/>\n\t<meta property=\"og:image:width\" content=\"2134\" \/>\n\t<meta property=\"og:image:height\" content=\"1170\" \/>\n\t<meta property=\"og:image:type\" content=\"image\/jpeg\" \/>\n<meta name=\"twitter:card\" content=\"summary_large_image\" \/>\n<meta name=\"twitter:label1\" content=\"Est. reading time\" \/>\n\t<meta name=\"twitter:data1\"  content=\"1 minute\"  \/>\n<script type=\"application\/ld+json\"  class=\"yoast-schema-graph\">{\"@context\":\"https:\\\/\\\/schema.org\",\"@graph\":[{\"@type\":\"WebPage\",\"@id\":\"https:\\\/\\\/veinjapintsel.ee\\\/en\\\/product\\\/struktuurne-akruulmaal-22-august-eriuritus-apollo-kino-suveterrassil\\\/\",\"url\":\"https:\\\/\\\/veinjapintsel.ee\\\/en\\\/product\\\/struktuurne-akruulmaal-22-august-eriuritus-apollo-kino-suveterrassil\\\/\",\"name\":\"STRUKTUURNE AKR\u00dc\u00dcLMAAL \u2013 22 AUGUST - ERI\u00dcRITUS APOLLO KINO SUVETERRASSIL - Vein &amp; Pintsel\",\"isPartOf\":{\"@id\":\"https:\\\/\\\/veinjapintsel.ee\\\/#website\"},\"primaryImageOfPage\":{\"@id\":\"https:\\\/\\\/veinjapintsel.ee\\\/en\\\/product\\\/struktuurne-akruulmaal-22-august-eriuritus-apollo-kino-suveterrassil\\\/#primaryimage\"},\"image\":{\"@id\":\"https:\\\/\\\/veinjapintsel.ee\\\/en\\\/product\\\/struktuurne-akruulmaal-22-august-eriuritus-apollo-kino-suveterrassil\\\/#primaryimage\"},\"thumbnailUrl\":\"https:\\\/\\\/veinjapintsel.ee\\\/wp-content\\\/uploads\\\/2024\\\/08\\\/Vein_ja_pintsel_Apollo_Kino_Suveterrassil.jpg\",\"datePublished\":\"2024-08-13T21:10:52+00:00\",\"dateModified\":\"2024-08-13T21:59:10+00:00\",\"breadcrumb\":{\"@id\":\"https:\\\/\\\/veinjapintsel.ee\\\/en\\\/product\\\/struktuurne-akruulmaal-22-august-eriuritus-apollo-kino-suveterrassil\\\/#breadcrumb\"},\"inLanguage\":\"en-US\",\"potentialAction\":[{\"@type\":\"ReadAction\",\"target\":[\"https:\\\/\\\/veinjapintsel.ee\\\/en\\\/product\\\/struktuurne-akruulmaal-22-august-eriuritus-apollo-kino-suveterrassil\\\/\"]}]},{\"@type\":\"ImageObject\",\"inLanguage\":\"en-US\",\"@id\":\"https:\\\/\\\/veinjapintsel.ee\\\/en\\\/product\\\/struktuurne-akruulmaal-22-august-eriuritus-apollo-kino-suveterrassil\\\/#primaryimage\",\"url\":\"https:\\\/\\\/veinjapintsel.ee\\\/wp-content\\\/uploads\\\/2024\\\/08\\\/Vein_ja_pintsel_Apollo_Kino_Suveterrassil.jpg\",\"contentUrl\":\"https:\\\/\\\/veinjapintsel.ee\\\/wp-content\\\/uploads\\\/2024\\\/08\\\/Vein_ja_pintsel_Apollo_Kino_Suveterrassil.jpg\",\"width\":2134,\"height\":1170,\"caption\":\"Vein_ja_pintsel_Apollo_Kino_Suveterrassil\"},{\"@type\":\"BreadcrumbList\",\"@id\":\"https:\\\/\\\/veinjapintsel.ee\\\/en\\\/product\\\/struktuurne-akruulmaal-22-august-eriuritus-apollo-kino-suveterrassil\\\/#breadcrumb\",\"itemListElement\":[{\"@type\":\"ListItem\",\"position\":1,\"name\":\"Home\",\"item\":\"https:\\\/\\\/veinjapintsel.ee\\\/\"},{\"@type\":\"ListItem\",\"position\":2,\"name\":\"\u00dcritused\",\"item\":\"https:\\\/\\\/veinjapintsel.ee\\\/en\\\/uritused\\\/\"},{\"@type\":\"ListItem\",\"position\":3,\"name\":\"STRUKTUURNE AKR\u00dc\u00dcLMAAL \u2013 22 AUGUST &#8211; ERI\u00dcRITUS APOLLO KINO SUVETERRASSIL\"}]},{\"@type\":\"WebSite\",\"@id\":\"https:\\\/\\\/veinjapintsel.ee\\\/#website\",\"url\":\"https:\\\/\\\/veinjapintsel.ee\\\/\",\"name\":\"Vein &amp; Pintsel\",\"description\":\"Lihtne, l\u00f5bus ja stressivaba elamus\",\"publisher\":{\"@id\":\"https:\\\/\\\/veinjapintsel.ee\\\/#organization\"},\"potentialAction\":[{\"@type\":\"SearchAction\",\"target\":{\"@type\":\"EntryPoint\",\"urlTemplate\":\"https:\\\/\\\/veinjapintsel.ee\\\/?s={search_term_string}\"},\"query-input\":{\"@type\":\"PropertyValueSpecification\",\"valueRequired\":true,\"valueName\":\"search_term_string\"}}],\"inLanguage\":\"en-US\"},{\"@type\":\"Organization\",\"@id\":\"https:\\\/\\\/veinjapintsel.ee\\\/#organization\",\"name\":\"Vein & Pintsel\",\"url\":\"https:\\\/\\\/veinjapintsel.ee\\\/\",\"logo\":{\"@type\":\"ImageObject\",\"inLanguage\":\"en-US\",\"@id\":\"https:\\\/\\\/veinjapintsel.ee\\\/#\\\/schema\\\/logo\\\/image\\\/\",\"url\":\"http:\\\/\\\/www.veinjapintsel.ee\\\/wp-content\\\/uploads\\\/2017\\\/10\\\/veebisaidiikoon.jpg\",\"contentUrl\":\"http:\\\/\\\/www.veinjapintsel.ee\\\/wp-content\\\/uploads\\\/2017\\\/10\\\/veebisaidiikoon.jpg\",\"width\":512,\"height\":512,\"caption\":\"Vein & Pintsel\"},\"image\":{\"@id\":\"https:\\\/\\\/veinjapintsel.ee\\\/#\\\/schema\\\/logo\\\/image\\\/\"}}]}<\/script>\n<!-- \/ Yoast SEO plugin. -->","yoast_head_json":{"title":"STRUKTUURNE AKR\u00dc\u00dcLMAAL \u2013 22 AUGUST - ERI\u00dcRITUS APOLLO KINO SUVETERRASSIL - Vein &amp; Pintsel","robots":{"index":"noindex","follow":"follow"},"og_locale":"en_US","og_type":"article","og_title":"STRUKTUURNE AKR\u00dc\u00dcLMAAL \u2013 22 AUGUST - ERI\u00dcRITUS APOLLO KINO SUVETERRASSIL - Vein &amp; Pintsel","og_description":"\"STRUK\u00adTUURNE AKR\u00dc\u00dcL\u00ad\u00adMAAL\" Asukoht: Apollo Kino Mustam\u00e4e aadressil A. H. Tammsaare tee 104a, 12918 Tallinn Kuup\u00e4ev: Neljap\u00e4ev, 22 August 2024 Kellaaeg: 19.00-21.00 Hind: \u20ac45\u00a0 (hind \u00fche inimese kohta) OSTA PILET APOLLO KAUDU SIIT! Vahendid: Tekstuurne pasta + akr\u00fc\u00fclv\u00e4rvid (vali oma v\u00e4rvid ja meelep\u00e4rane teema) L\u00f5uendi suurus:\u00a040cmx50cm","og_url":"https:\/\/veinjapintsel.ee\/en\/product\/struktuurne-akruulmaal-22-august-eriuritus-apollo-kino-suveterrassil\/","og_site_name":"Vein &amp; Pintsel","article_modified_time":"2024-08-13T21:59:10+00:00","og_image":[{"width":2134,"height":1170,"url":"https:\/\/www.veinjapintsel.ee\/wp-content\/uploads\/2024\/08\/Vein_ja_pintsel_Apollo_Kino_Suveterrassil.jpg","type":"image\/jpeg"}],"twitter_card":"summary_large_image","twitter_misc":{"Est. reading time":"1 minute"},"schema":{"@context":"https:\/\/schema.org","@graph":[{"@type":"WebPage","@id":"https:\/\/veinjapintsel.ee\/en\/product\/struktuurne-akruulmaal-22-august-eriuritus-apollo-kino-suveterrassil\/","url":"https:\/\/veinjapintsel.ee\/en\/product\/struktuurne-akruulmaal-22-august-eriuritus-apollo-kino-suveterrassil\/","name":"STRUKTUURNE AKR\u00dc\u00dcLMAAL \u2013 22 AUGUST - ERI\u00dcRITUS APOLLO KINO SUVETERRASSIL - Vein &amp; Pintsel","isPartOf":{"@id":"https:\/\/veinjapintsel.ee\/#website"},"primaryImageOfPage":{"@id":"https:\/\/veinjapintsel.ee\/en\/product\/struktuurne-akruulmaal-22-august-eriuritus-apollo-kino-suveterrassil\/#primaryimage"},"image":{"@id":"https:\/\/veinjapintsel.ee\/en\/product\/struktuurne-akruulmaal-22-august-eriuritus-apollo-kino-suveterrassil\/#primaryimage"},"thumbnailUrl":"https:\/\/veinjapintsel.ee\/wp-content\/uploads\/2024\/08\/Vein_ja_pintsel_Apollo_Kino_Suveterrassil.jpg","datePublished":"2024-08-13T21:10:52+00:00","dateModified":"2024-08-13T21:59:10+00:00","breadcrumb":{"@id":"https:\/\/veinjapintsel.ee\/en\/product\/struktuurne-akruulmaal-22-august-eriuritus-apollo-kino-suveterrassil\/#breadcrumb"},"inLanguage":"en-US","potentialAction":[{"@type":"ReadAction","target":["https:\/\/veinjapintsel.ee\/en\/product\/struktuurne-akruulmaal-22-august-eriuritus-apollo-kino-suveterrassil\/"]}]},{"@type":"ImageObject","inLanguage":"en-US","@id":"https:\/\/veinjapintsel.ee\/en\/product\/struktuurne-akruulmaal-22-august-eriuritus-apollo-kino-suveterrassil\/#primaryimage","url":"https:\/\/veinjapintsel.ee\/wp-content\/uploads\/2024\/08\/Vein_ja_pintsel_Apollo_Kino_Suveterrassil.jpg","contentUrl":"https:\/\/veinjapintsel.ee\/wp-content\/uploads\/2024\/08\/Vein_ja_pintsel_Apollo_Kino_Suveterrassil.jpg","width":2134,"height":1170,"caption":"Vein_ja_pintsel_Apollo_Kino_Suveterrassil"},{"@type":"BreadcrumbList","@id":"https:\/\/veinjapintsel.ee\/en\/product\/struktuurne-akruulmaal-22-august-eriuritus-apollo-kino-suveterrassil\/#breadcrumb","itemListElement":[{"@type":"ListItem","position":1,"name":"Home","item":"https:\/\/veinjapintsel.ee\/"},{"@type":"ListItem","position":2,"name":"\u00dcritused","item":"https:\/\/veinjapintsel.ee\/en\/uritused\/"},{"@type":"ListItem","position":3,"name":"STRUKTUURNE AKR\u00dc\u00dcLMAAL \u2013 22 AUGUST &#8211; ERI\u00dcRITUS APOLLO KINO SUVETERRASSIL"}]},{"@type":"WebSite","@id":"https:\/\/veinjapintsel.ee\/#website","url":"https:\/\/veinjapintsel.ee\/","name":"Vein &amp; Pintsel","description":"SIMPLE, FUN AND STRESS-FREE EXPERIENCE!","publisher":{"@id":"https:\/\/veinjapintsel.ee\/#organization"},"potentialAction":[{"@type":"SearchAction","target":{"@type":"EntryPoint","urlTemplate":"https:\/\/veinjapintsel.ee\/?s={search_term_string}"},"query-input":{"@type":"PropertyValueSpecification","valueRequired":true,"valueName":"search_term_string"}}],"inLanguage":"en-US"},{"@type":"Organization","@id":"https:\/\/veinjapintsel.ee\/#organization","name":"Vein & Pintsel","url":"https:\/\/veinjapintsel.ee\/","logo":{"@type":"ImageObject","inLanguage":"en-US","@id":"https:\/\/veinjapintsel.ee\/#\/schema\/logo\/image\/","url":"http:\/\/www.veinjapintsel.ee\/wp-content\/uploads\/2017\/10\/veebisaidiikoon.jpg","contentUrl":"http:\/\/www.veinjapintsel.ee\/wp-content\/uploads\/2017\/10\/veebisaidiikoon.jpg","width":512,"height":512,"caption":"Vein & Pintsel"},"image":{"@id":"https:\/\/veinjapintsel.ee\/#\/schema\/logo\/image\/"}}]}},"_links":{"self":[{"href":"https:\/\/www.veinjapintsel.ee\/en\/wp-json\/wp\/v2\/product\/31310","targetHints":{"allow":["GET"]}}],"collection":[{"href":"https:\/\/www.veinjapintsel.ee\/en\/wp-json\/wp\/v2\/product"}],"about":[{"href":"https:\/\/www.veinjapintsel.ee\/en\/wp-json\/wp\/v2\/types\/product"}],"replies":[{"embeddable":true,"href":"https:\/\/www.veinjapintsel.ee\/en\/wp-json\/wp\/v2\/comments?post=31310"}],"wp:featuredmedia":[{"embeddable":true,"href":"https:\/\/www.veinjapintsel.ee\/en\/wp-json\/wp\/v2\/media\/31319"}],"wp:attachment":[{"href":"https:\/\/www.veinjapintsel.ee\/en\/wp-json\/wp\/v2\/media?parent=31310"}],"wp:term":[{"taxonomy":"product_brand","embeddable":true,"href":"https:\/\/www.veinjapintsel.ee\/en\/wp-json\/wp\/v2\/product_brand?post=31310"},{"taxonomy":"product_cat","embeddable":true,"href":"https:\/\/www.veinjapintsel.ee\/en\/wp-json\/wp\/v2\/product_cat?post=31310"},{"taxonomy":"product_tag","embeddable":true,"href":"https:\/\/www.veinjapintsel.ee\/en\/wp-json\/wp\/v2\/product_tag?post=31310"}],"curies":[{"name":"wp","href":"https:\/\/api.w.org\/{rel}","templated":true}]}}