{"id":35417,"date":"2025-09-04T16:56:28","date_gmt":"2025-09-04T13:56:28","guid":{"rendered":"https:\/\/veinjapintsel.ee\/?post_type=product&#038;p=35417"},"modified":"2025-10-07T07:49:29","modified_gmt":"2025-10-07T04:49:29","slug":"uus-alkoholitint-7-oktoober","status":"publish","type":"product","link":"https:\/\/www.veinjapintsel.ee\/en\/product\/uus-alkoholitint-7-oktoober\/","title":{"rendered":"UUS &#8211; ALKOHOLITINT &#8211; 7 OKTOOBER"},"content":{"rendered":"<div class=\"wpb-content-wrapper\" ><div class=\"vc_row wpb_row vc_row-fluid\"><div class=\"wpb_column vc_column_container vc_col-sm-12\"><div class=\"vc_column-inner vc_custom_1538015756293\"><div class=\"wpb_wrapper\"><div class=\"vc_separator wpb_content_element vc_separator_align_center vc_sep_width_100 vc_sep_pos_align_center vc_separator_no_text vc_sep_color_grey vc_custom_1538006780345 wpb_content_element  vc_custom_1538006780345 wpb_content_element\"  ><span class=\"vc_sep_holder vc_sep_holder_l\"><span class=\"vc_sep_line\"><\/span><\/span><span class=\"vc_sep_holder vc_sep_holder_r\"><span class=\"vc_sep_line\"><\/span><\/span>\n<\/div>\n\t<div class=\"wpb_text_column wpb_content_element\" >\n\t\t<div class=\"wpb_wrapper\">\n\t\t\t<h3><span style=\"color: #993300;\" >&#8220;UUS &#8211; ALKOHOLI\u00adTINT&#8221;<\/span><\/h3>\n<p>&nbsp;<\/p>\n<p><strong>Asukoht:<\/strong> Vein &amp; Pintsel stuudio aadressil V\u00e4ike-Karja 12, Tallinn, 10140<br \/>\n<strong>Kuup\u00e4ev:<\/strong> Teisip\u00e4ev, 7 Oktoober 2025<br \/>\n<strong>Kellaaeg:<\/strong> 19.00-21.00<\/p>\n<p style=\"text-align: left;\"><strong>Hind:<\/strong> \u20ac55 (hind \u00fche inimese kohta)<br \/>\n<strong>V\u00e4rvid:<\/strong> Alkoholitint (vali oma v\u00e4rvid)<br \/>\n<strong><b>L\u00f5uendi suurus:<\/b><\/strong> S\u00fcnteetiline paber 50cm x 70cm<\/p>\n\n\t\t<\/div>\n\t<\/div>\n<div class=\"vc_separator wpb_content_element vc_separator_align_center vc_sep_width_100 vc_sep_pos_align_center vc_separator_no_text vc_sep_color_grey vc_custom_1538006780345 wpb_content_element  vc_custom_1538006780345 wpb_content_element\" ><span class=\"vc_sep_holder vc_sep_holder_l\"><span class=\"vc_sep_line\"><\/span><\/span><span class=\"vc_sep_holder vc_sep_holder_r\"><span class=\"vc_sep_line\"><\/span><\/span>\n<\/div>\n\t<div class=\"wpb_text_column wpb_content_element\" >\n\t\t<div class=\"wpb_wrapper\">\n\t\t\t<h5><strong><b>LISAINFO SELLE KLASSI KOHTA<\/b><\/strong><\/h5>\n<p>&nbsp;<\/p>\n<p><strong>HIND SISALDAB:<\/strong><\/p>\n<ul>\n<li>Hind on \u00fche inimese kohta ning sisaldab juhendajat ja k\u00f5ike vajalikke kunstitarbeid. Igale osalejale on pokaal tervitusjooki hinnas ja kohapeal pakume ka v\u00e4rskenduseks vett\/kohvi\/teed. Soovi korral v\u00f5ib kaasa v\u00f5tta oma meelep\u00e4rased joogid ja\/v\u00f5i suupisted.<\/li>\n<\/ul>\n<p>&nbsp;<\/p>\n<p><strong>ASUKOHT:<\/strong><\/p>\n<ul>\n<li>Vein &amp; Pintsel \u00a0asub Tallinna kesklinnas, Saarineni majas, aadressil V\u00e4ike-Karja 12, sissep\u00e4\u00e4suga V\u00e4ike-Karja t\u00e4nava sisehoovist. Vaata asukohta kaardil <a href=\"http:\/\/www.veinjapintsel.ee\/en\/venue\/vein-ja-pintsel\/\">SIIT<\/a>.<\/li>\n<\/ul>\n<p>&nbsp;<\/p>\n<p><strong>EELNEV REGISTREERIMINE SOOVITATUD:<\/strong><\/p>\n<ul>\n<li>K\u00fclalised peavad enne saabumist internetis registreerima. Kontrollige e-posti kinnitust(vahest satub spam folderisse). Kohapeal saab tasuda ainult sularahas. Samuti saate registreerida kui helistate meie stuudiosse.<\/li>\n<\/ul>\n<p>&nbsp;<\/p>\n<p><strong>MIDA KAASA V\u00d5TTA:<\/strong><\/p>\n<ul>\n<li>V\u00f5ta kaasa hea tuju, soovi korral oma lemmik vein, \u00f5lle, siider v\u00f5i mittealkohoolne jook (kange alkohol ei ole lubatud) ja\/v\u00f5i kerged suupisted. Klaasid, pudeliavajad ja muu tarvilik on stuudios saadaval. NB! Peab olema 18+ et alkoholi tarbida. Kohapeal on olemas p\u00f5lled, aga kui v\u00f5imalik siis riietus v\u00f5iks olla selline, et ei ole kahju kui juhtub, et saab v\u00e4rviseks.<\/li>\n<\/ul>\n<p>&nbsp;<\/p>\n<p><strong>REGISTREERIMISE T\u00dcHISTAMINE:<\/strong><\/p>\n<ul>\n<li>48 tundi v\u00f5i rohkem &#8211; klient saab raha tagasi.<\/li>\n<li>48 tundi v\u00f5i v\u00e4hem &#8211; klient saab stuudiokrediit.<\/li>\n<li>2 tundi v\u00f5i v\u00e4hem &#8211; puudub tagasimakse \/ krediit.<\/li>\n<\/ul>\n<p>&nbsp;<\/p>\n<p><em><span style=\"color: #ff0000;\">Vein &amp; Pintsel omab \u00f5igust t\u00fchistada klassid etten\u00e4gematutel asjaoludel ja\/v\u00f5i v\u00e4hese registreerimisega \u00fcritused. Tagasimaksed t\u00f6\u00f6deldakse 4 kalendrip\u00e4eva jooksul.<\/span><\/em><\/p>\n\n\t\t<\/div>\n\t<\/div>\n<\/div><\/div><\/div><\/div>\n<\/div>","protected":false},"excerpt":{"rendered":"<h3><span style=\"color: #993300;\" >&#8220;UUS &#8211; ALKOHOLI\u00adTINT&#8221;<\/span><\/h3>\n<p>&nbsp;<\/p>\n<p><strong>Asukoht:<\/strong> Vein &amp; Pintsel stuudio aadressil V\u00e4ike-Karja 12, Tallinn, 10140<br \/>\n<strong>Kuup\u00e4ev:<\/strong> Teisip\u00e4ev, 7 Oktoober 2025<br \/>\n<strong>Kellaaeg:<\/strong> 19.00-21.00<\/p>\n<p style=\"text-align: left;\"><strong><b>Hind<\/b><\/strong>: \u20ac55 (hind \u00fche inimese kohta)<br \/>\n<strong><b>V\u00e4rvid<\/b><\/strong>: Alkoholitint (vali oma v\u00e4rvid)<br \/>\n<strong><b>L\u00f5uendi suurus:<\/b><\/strong> S\u00fcnteetiline paber 50cm x 70cm<\/p>","protected":false},"featured_media":34417,"comment_status":"open","ping_status":"closed","template":"","meta":{"_exactmetrics_skip_tracking":false,"_exactmetrics_sitenote_active":false,"_exactmetrics_sitenote_note":"","_exactmetrics_sitenote_category":0},"product_brand":[],"product_cat":[532,92],"product_tag":[533,327,241,534],"class_list":{"0":"post-35417","1":"product","2":"type-product","3":"status-publish","4":"has-post-thumbnail","6":"product_cat-alkoholitint","7":"product_cat-uritused","8":"product_tag-alkoholitint","9":"product_tag-kunst","10":"product_tag-special-event","11":"product_tag-sunteetiline-paber","13":"first","14":"outofstock","15":"featured","16":"downloadable","17":"virtual","18":"taxable","19":"purchasable","20":"product-type-simple"},"yoast_head":"<!-- This site is optimized with the Yoast SEO plugin v27.3 - https:\/\/yoast.com\/product\/yoast-seo-wordpress\/ -->\n<title>UUS - ALKOHOLITINT - 7 OKTOOBER - Vein &amp; Pintsel<\/title>\n<meta name=\"robots\"  content=\"noindex, follow\"  \/>\n<meta property=\"og:locale\"  content=\"en_US\" \/>\n<meta property=\"og:type\"  content=\"article\" \/>\n<meta property=\"og:title\"  content=\"UUS - ALKOHOLITINT - 7 OKTOOBER - Vein &amp; Pintsel\" \/>\n<meta property=\"og:description\"  content=\"&quot;UUS - ALKOHOLI\u00adTINT&quot; &nbsp;  Asukoht: Vein &amp; Pintsel stuudio aadressil V\u00e4ike-Karja 12, Tallinn, 10140 Kuup\u00e4ev: Teisip\u00e4ev, 7 Oktoober 2025 Kellaaeg: 19.00-21.00 Hind: \u20ac55 (hind \u00fche inimese kohta) V\u00e4rvid: Alkoholitint (vali oma v\u00e4rvid) L\u00f5uendi suurus: S\u00fcnteetiline paber 50cm x 70cm\" \/>\n<meta property=\"og:url\"  content=\"https:\/\/www.veinjapintsel.ee\/en\/product\/uus-alkoholitint-7-oktoober\/\" \/>\n<meta property=\"og:site_name\"  content=\"Vein &amp; Pintsel\" \/>\n<meta property=\"article:modified_time\"  content=\"2025-10-07T04:49:29+00:00\" \/>\n<meta property=\"og:image\"  content=\"https:\/\/www.veinjapintsel.ee\/wp-content\/uploads\/2025\/04\/alkoholi-tint-vein-ja-pintsel-ink5.jpeg\" \/>\n\t<meta property=\"og:image:width\" content=\"292\" \/>\n\t<meta property=\"og:image:height\" content=\"421\" \/>\n\t<meta property=\"og:image:type\" content=\"image\/jpeg\" \/>\n<meta name=\"twitter:card\" content=\"summary_large_image\" \/>\n<meta name=\"twitter:label1\" content=\"Est. reading time\" \/>\n\t<meta name=\"twitter:data1\" content=\"2 minutes\" \/>\n<script type=\"application\/ld+json\" class=\"yoast-schema-graph\">{\"@context\":\"https:\\\/\\\/schema.org\",\"@graph\":[{\"@type\":\"WebPage\",\"@id\":\"https:\\\/\\\/www.veinjapintsel.ee\\\/en\\\/product\\\/uus-alkoholitint-7-oktoober\\\/\",\"url\":\"https:\\\/\\\/www.veinjapintsel.ee\\\/en\\\/product\\\/uus-alkoholitint-7-oktoober\\\/\",\"name\":\"UUS - ALKOHOLITINT - 7 OKTOOBER - Vein &amp; Pintsel\",\"isPartOf\":{\"@id\":\"https:\\\/\\\/veinjapintsel.ee\\\/#website\"},\"primaryImageOfPage\":{\"@id\":\"https:\\\/\\\/www.veinjapintsel.ee\\\/en\\\/product\\\/uus-alkoholitint-7-oktoober\\\/#primaryimage\"},\"image\":{\"@id\":\"https:\\\/\\\/www.veinjapintsel.ee\\\/en\\\/product\\\/uus-alkoholitint-7-oktoober\\\/#primaryimage\"},\"thumbnailUrl\":\"https:\\\/\\\/www.veinjapintsel.ee\\\/wp-content\\\/uploads\\\/2025\\\/04\\\/alkoholi-tint-vein-ja-pintsel-ink5.jpeg\",\"datePublished\":\"2025-09-04T13:56:28+00:00\",\"dateModified\":\"2025-10-07T04:49:29+00:00\",\"breadcrumb\":{\"@id\":\"https:\\\/\\\/www.veinjapintsel.ee\\\/en\\\/product\\\/uus-alkoholitint-7-oktoober\\\/#breadcrumb\"},\"inLanguage\":\"en-US\",\"potentialAction\":[{\"@type\":\"ReadAction\",\"target\":[\"https:\\\/\\\/www.veinjapintsel.ee\\\/en\\\/product\\\/uus-alkoholitint-7-oktoober\\\/\"]}]},{\"@type\":\"ImageObject\",\"inLanguage\":\"en-US\",\"@id\":\"https:\\\/\\\/www.veinjapintsel.ee\\\/en\\\/product\\\/uus-alkoholitint-7-oktoober\\\/#primaryimage\",\"url\":\"https:\\\/\\\/www.veinjapintsel.ee\\\/wp-content\\\/uploads\\\/2025\\\/04\\\/alkoholi-tint-vein-ja-pintsel-ink5.jpeg\",\"contentUrl\":\"https:\\\/\\\/www.veinjapintsel.ee\\\/wp-content\\\/uploads\\\/2025\\\/04\\\/alkoholi-tint-vein-ja-pintsel-ink5.jpeg\",\"width\":292,\"height\":421,\"caption\":\"Alkoholi tint - Vein & Pintsel\"},{\"@type\":\"BreadcrumbList\",\"@id\":\"https:\\\/\\\/www.veinjapintsel.ee\\\/en\\\/product\\\/uus-alkoholitint-7-oktoober\\\/#breadcrumb\",\"itemListElement\":[{\"@type\":\"ListItem\",\"position\":1,\"name\":\"Home\",\"item\":\"https:\\\/\\\/veinjapintsel.ee\\\/\"},{\"@type\":\"ListItem\",\"position\":2,\"name\":\"\u00dcritused\",\"item\":\"https:\\\/\\\/veinjapintsel.ee\\\/uritused\\\/\"},{\"@type\":\"ListItem\",\"position\":3,\"name\":\"UUS &#8211; ALKOHOLITINT &#8211; 7 OKTOOBER\"}]},{\"@type\":\"WebSite\",\"@id\":\"https:\\\/\\\/veinjapintsel.ee\\\/#website\",\"url\":\"https:\\\/\\\/veinjapintsel.ee\\\/\",\"name\":\"Vein &amp; Pintsel\",\"description\":\"Lihtne, l\u00f5bus ja stressivaba elamus\",\"publisher\":{\"@id\":\"https:\\\/\\\/veinjapintsel.ee\\\/#organization\"},\"potentialAction\":[{\"@type\":\"SearchAction\",\"target\":{\"@type\":\"EntryPoint\",\"urlTemplate\":\"https:\\\/\\\/veinjapintsel.ee\\\/?s={search_term_string}\"},\"query-input\":{\"@type\":\"PropertyValueSpecification\",\"valueRequired\":true,\"valueName\":\"search_term_string\"}}],\"inLanguage\":\"en-US\"},{\"@type\":\"Organization\",\"@id\":\"https:\\\/\\\/veinjapintsel.ee\\\/#organization\",\"name\":\"Vein & Pintsel\",\"url\":\"https:\\\/\\\/veinjapintsel.ee\\\/\",\"logo\":{\"@type\":\"ImageObject\",\"inLanguage\":\"en-US\",\"@id\":\"https:\\\/\\\/veinjapintsel.ee\\\/#\\\/schema\\\/logo\\\/image\\\/\",\"url\":\"http:\\\/\\\/www.veinjapintsel.ee\\\/wp-content\\\/uploads\\\/2017\\\/10\\\/veebisaidiikoon.jpg\",\"contentUrl\":\"http:\\\/\\\/www.veinjapintsel.ee\\\/wp-content\\\/uploads\\\/2017\\\/10\\\/veebisaidiikoon.jpg\",\"width\":512,\"height\":512,\"caption\":\"Vein & Pintsel\"},\"image\":{\"@id\":\"https:\\\/\\\/veinjapintsel.ee\\\/#\\\/schema\\\/logo\\\/image\\\/\"}}]}<\/script>\n<!-- \/ Yoast SEO plugin. -->","yoast_head_json":{"title":"UUS - ALKOHOLITINT - 7 OKTOOBER - Vein &amp; Pintsel","robots":{"index":"noindex","follow":"follow"},"og_locale":"en_US","og_type":"article","og_title":"UUS - ALKOHOLITINT - 7 OKTOOBER - Vein &amp; Pintsel","og_description":"\"UUS - ALKOHOLI\u00adTINT\" &nbsp;  Asukoht: Vein &amp; Pintsel stuudio aadressil V\u00e4ike-Karja 12, Tallinn, 10140 Kuup\u00e4ev: Teisip\u00e4ev, 7 Oktoober 2025 Kellaaeg: 19.00-21.00 Hind: \u20ac55 (hind \u00fche inimese kohta) V\u00e4rvid: Alkoholitint (vali oma v\u00e4rvid) L\u00f5uendi suurus: S\u00fcnteetiline paber 50cm x 70cm","og_url":"https:\/\/www.veinjapintsel.ee\/en\/product\/uus-alkoholitint-7-oktoober\/","og_site_name":"Vein &amp; Pintsel","article_modified_time":"2025-10-07T04:49:29+00:00","og_image":[{"width":292,"height":421,"url":"https:\/\/www.veinjapintsel.ee\/wp-content\/uploads\/2025\/04\/alkoholi-tint-vein-ja-pintsel-ink5.jpeg","type":"image\/jpeg"}],"twitter_card":"summary_large_image","twitter_misc":{"Est. reading time":"2 minutes"},"schema":{"@context":"https:\/\/schema.org","@graph":[{"@type":"WebPage","@id":"https:\/\/www.veinjapintsel.ee\/en\/product\/uus-alkoholitint-7-oktoober\/","url":"https:\/\/www.veinjapintsel.ee\/en\/product\/uus-alkoholitint-7-oktoober\/","name":"UUS - ALKOHOLITINT - 7 OKTOOBER - Vein &amp; Pintsel","isPartOf":{"@id":"https:\/\/veinjapintsel.ee\/#website"},"primaryImageOfPage":{"@id":"https:\/\/www.veinjapintsel.ee\/en\/product\/uus-alkoholitint-7-oktoober\/#primaryimage"},"image":{"@id":"https:\/\/www.veinjapintsel.ee\/en\/product\/uus-alkoholitint-7-oktoober\/#primaryimage"},"thumbnailUrl":"https:\/\/www.veinjapintsel.ee\/wp-content\/uploads\/2025\/04\/alkoholi-tint-vein-ja-pintsel-ink5.jpeg","datePublished":"2025-09-04T13:56:28+00:00","dateModified":"2025-10-07T04:49:29+00:00","breadcrumb":{"@id":"https:\/\/www.veinjapintsel.ee\/en\/product\/uus-alkoholitint-7-oktoober\/#breadcrumb"},"inLanguage":"en-US","potentialAction":[{"@type":"ReadAction","target":["https:\/\/www.veinjapintsel.ee\/en\/product\/uus-alkoholitint-7-oktoober\/"]}]},{"@type":"ImageObject","inLanguage":"en-US","@id":"https:\/\/www.veinjapintsel.ee\/en\/product\/uus-alkoholitint-7-oktoober\/#primaryimage","url":"https:\/\/www.veinjapintsel.ee\/wp-content\/uploads\/2025\/04\/alkoholi-tint-vein-ja-pintsel-ink5.jpeg","contentUrl":"https:\/\/www.veinjapintsel.ee\/wp-content\/uploads\/2025\/04\/alkoholi-tint-vein-ja-pintsel-ink5.jpeg","width":292,"height":421,"caption":"Alkoholi tint - Vein & Pintsel"},{"@type":"BreadcrumbList","@id":"https:\/\/www.veinjapintsel.ee\/en\/product\/uus-alkoholitint-7-oktoober\/#breadcrumb","itemListElement":[{"@type":"ListItem","position":1,"name":"Home","item":"https:\/\/veinjapintsel.ee\/"},{"@type":"ListItem","position":2,"name":"\u00dcritused","item":"https:\/\/veinjapintsel.ee\/uritused\/"},{"@type":"ListItem","position":3,"name":"UUS &#8211; ALKOHOLITINT &#8211; 7 OKTOOBER"}]},{"@type":"WebSite","@id":"https:\/\/veinjapintsel.ee\/#website","url":"https:\/\/veinjapintsel.ee\/","name":"Vein &amp; Pintsel","description":"SIMPLE, FUN AND STRESS-FREE EXPERIENCE!","publisher":{"@id":"https:\/\/veinjapintsel.ee\/#organization"},"potentialAction":[{"@type":"SearchAction","target":{"@type":"EntryPoint","urlTemplate":"https:\/\/veinjapintsel.ee\/?s={search_term_string}"},"query-input":{"@type":"PropertyValueSpecification","valueRequired":true,"valueName":"search_term_string"}}],"inLanguage":"en-US"},{"@type":"Organization","@id":"https:\/\/veinjapintsel.ee\/#organization","name":"Vein & Pintsel","url":"https:\/\/veinjapintsel.ee\/","logo":{"@type":"ImageObject","inLanguage":"en-US","@id":"https:\/\/veinjapintsel.ee\/#\/schema\/logo\/image\/","url":"http:\/\/www.veinjapintsel.ee\/wp-content\/uploads\/2017\/10\/veebisaidiikoon.jpg","contentUrl":"http:\/\/www.veinjapintsel.ee\/wp-content\/uploads\/2017\/10\/veebisaidiikoon.jpg","width":512,"height":512,"caption":"Vein & Pintsel"},"image":{"@id":"https:\/\/veinjapintsel.ee\/#\/schema\/logo\/image\/"}}]}},"_links":{"self":[{"href":"https:\/\/www.veinjapintsel.ee\/en\/wp-json\/wp\/v2\/product\/35417","targetHints":{"allow":["GET"]}}],"collection":[{"href":"https:\/\/www.veinjapintsel.ee\/en\/wp-json\/wp\/v2\/product"}],"about":[{"href":"https:\/\/www.veinjapintsel.ee\/en\/wp-json\/wp\/v2\/types\/product"}],"replies":[{"embeddable":true,"href":"https:\/\/www.veinjapintsel.ee\/en\/wp-json\/wp\/v2\/comments?post=35417"}],"wp:featuredmedia":[{"embeddable":true,"href":"https:\/\/www.veinjapintsel.ee\/en\/wp-json\/wp\/v2\/media\/34417"}],"wp:attachment":[{"href":"https:\/\/www.veinjapintsel.ee\/en\/wp-json\/wp\/v2\/media?parent=35417"}],"wp:term":[{"taxonomy":"product_brand","embeddable":true,"href":"https:\/\/www.veinjapintsel.ee\/en\/wp-json\/wp\/v2\/product_brand?post=35417"},{"taxonomy":"product_cat","embeddable":true,"href":"https:\/\/www.veinjapintsel.ee\/en\/wp-json\/wp\/v2\/product_cat?post=35417"},{"taxonomy":"product_tag","embeddable":true,"href":"https:\/\/www.veinjapintsel.ee\/en\/wp-json\/wp\/v2\/product_tag?post=35417"}],"curies":[{"name":"wp","href":"https:\/\/api.w.org\/{rel}","templated":true}]}}