{"id":5979,"date":"2019-02-06T20:19:55","date_gmt":"2019-02-06T20:19:55","guid":{"rendered":"http:\/\/www.veinjapintsel.ee\/?post_type=product&#038;p=5979"},"modified":"2019-03-03T18:31:26","modified_gmt":"2019-03-03T18:31:26","slug":"naistepaeva-eri-tulbid-rannarestoran-paat","status":"publish","type":"product","link":"https:\/\/www.veinjapintsel.ee\/en\/product\/naistepaeva-eri-tulbid-rannarestoran-paat\/","title":{"rendered":"NAISTEP\u00c4EVA ERI &#8211; Tulbid @Rannarestoran PAAT"},"content":{"rendered":"<div class=\"wpb-content-wrapper\" ><div class=\"vc_row wpb_row vc_row-fluid\"><div class=\"wpb_column vc_column_container vc_col-sm-12\"><div class=\"vc_column-inner vc_custom_1538015756293\"><div class=\"wpb_wrapper\">\n\t<div class=\"wpb_text_column wpb_content_element\" >\n\t\t<div class=\"wpb_wrapper\">\n\t\t\t<h5><strong><b>Registration information<\/b><\/strong><\/h5>\n<p>&nbsp;<\/p>\n<p>Registreerides luuakse sulle automaatselt Vein &amp; Pintsel kliendi konto, kus saad t\u00fchistada ja organiseerida oma registreeritud \u00fcritust \/ \u00fcritusi. Sisselogimiseks m\u00e4\u00e4ratakse sulle kasutajanimi ja parool.<\/p>\n<p><strong>Simple, fun and stress-free experience!<\/strong><\/p>\n\n\t\t<\/div>\n\t<\/div>\n<div class=\"vc_separator wpb_content_element vc_separator_align_center vc_sep_width_100 vc_sep_pos_align_center vc_separator_no_text vc_sep_color_grey vc_custom_1538006780345 wpb_content_element  vc_custom_1538006780345 wpb_content_element\" ><span class=\"vc_sep_holder vc_sep_holder_l\"><span class=\"vc_sep_line\"><\/span><\/span><span class=\"vc_sep_holder vc_sep_holder_r\"><span class=\"vc_sep_line\"><\/span><\/span>\n<\/div>\n\t<div class=\"wpb_text_column wpb_content_element\" >\n\t\t<div class=\"wpb_wrapper\">\n\t\t\t<h5><strong><b>\u00dcRITUSE NIMI:<\/b><\/strong><\/h5>\n<h3>NAISTEP\u00c4EVA ERI &#8211; Tulbid @Rannarestoran PAAT<\/h3>\n<p>&nbsp;<\/p>\n<p><strong><b>Kuup\u00e4ev: <\/b><\/strong>Neljap\u00e4ev, 7 M\u00e4rts, 2019<\/p>\n<p><strong><b>Kellaaeg:\u00a0<\/b><\/strong>18.30-20.30<\/p>\n<p><strong><b>Hind<\/b><\/strong>: <span style=\"color: #ff0000;\">\u20ac38 kui registreerid enne 01.03.2019,<\/span> <strong>Tavahind:<\/strong> \u20ac40 (hind \u00fche inimese kohta)<\/p>\n<p><strong>Piletite kogus<\/strong>: 15<\/p>\n<p><strong><b>Kasutatavad v\u00e4rvid<\/b><\/strong>: Akr\u00fc\u00fclv\u00e4rvid<\/p>\n<p><strong><b>L\u00f5uendi suurus:<\/b><\/strong>\u00a040x50cm<\/p>\n<p><strong><b>Soovitatav vanus: 18+<\/b><\/strong><\/p>\n\n\t\t<\/div>\n\t<\/div>\n<div class=\"vc_separator wpb_content_element vc_separator_align_center vc_sep_width_100 vc_sep_pos_align_center vc_separator_no_text vc_sep_color_grey vc_custom_1538006780345 wpb_content_element  vc_custom_1538006780345 wpb_content_element\" ><span class=\"vc_sep_holder vc_sep_holder_l\"><span class=\"vc_sep_line\"><\/span><\/span><span class=\"vc_sep_holder vc_sep_holder_r\"><span class=\"vc_sep_line\"><\/span><\/span>\n<\/div>\n\t<div class=\"wpb_text_column wpb_content_element\" >\n\t\t<div class=\"wpb_wrapper\">\n\t\t\t<h5><strong><b>LISAINFO SELLE KLASSI KOHTA<\/b><\/strong><\/h5>\n<p>&nbsp;<\/p>\n<p><strong>HIND SISALDAB:<\/strong><\/p>\n<ul>\n<li>Hind sisaldab juhendajat, tervitusjooki, suupisteid, l\u00f5uendit, v\u00e4rve, pintsleid ja k\u00f5ike muid vajalikke kunstitarbeid.\u00a0 Valmis kunstiteose saab klient endaga kaasa. Orienteeruv kestus on 2-3 tundi.<\/li>\n<\/ul>\n<p>&nbsp;<\/p>\n<p><strong>ASUKOHT:<\/strong><\/p>\n<ul>\n<li>Rannarestoran PAAT &#8211; Rohuneeme tee 53, Pringi, 74001 Harju maakond. Vaata asukohta kaardil <a href=\"https:\/\/www.google.com\/maps\/place\/Paat\/@59.5255721,24.7950586,17z\/data=!3m1!4b1!4m5!3m4!1s0x46929283d2bb1a05:0x7a6f256fa7ca4c8d!8m2!3d59.5255721!4d24.7972473\">SIIT<\/a>.<\/li>\n<\/ul>\n<p>&nbsp;<\/p>\n<p><strong>EELNEV REGISTREERIMINE SOOVITATUD:<\/strong><\/p>\n<ul>\n<li>K\u00fclalised peavad enne saabumist internetis registreerima. Makstab saab internetis v\u00f5i arvega. Kontrollige e-posti kinnitust. Kohapeal saab tasuda ainult sularahas. Samuti saate registreerida kui helistate meie stuudiosse. (Kohapeal registreerimata k\u00fclaliste kohad on piiratud, seega registreeri ette)<\/li>\n<\/ul>\n<p>&nbsp;<\/p>\n<p><strong>SAABUMISE AEG:<\/strong><\/p>\n<ul>\n<li>Meie kunstitund algab ja l\u00f5peb t\u00e4pselt \u00f5igel ajal! Soovitame kohale tulla kuni 10min varem, et leida oma koht ja restoranis ringi uudistada. Hilinenud saabujad j\u00e4\u00e4vad ilma t\u00e4htsatest juhenditest ja kui on hilinemine on enam kui 15min siis saabujal ei pruugi enam olla v\u00f5imalust v\u00e4rvida.<\/li>\n<\/ul>\n<p>&nbsp;<\/p>\n<p><strong>MIDA KAASA V\u00d5TTA:<\/strong><\/p>\n<ul>\n<li>V\u00f5ta kaasa hea tuju<\/li>\n<\/ul>\n<p>&nbsp;<\/p>\n<p><strong>REGISTREERIMISE T\u00dcHISTAMINE:<\/strong><\/p>\n<ul>\n<li>48 tundi v\u00f5i rohkem &#8211; klient saab raha tagasi.<\/li>\n<li>48 tundi v\u00f5i v\u00e4hem &#8211; klient saab stuudiokrediit.<\/li>\n<li>2 tundi v\u00f5i v\u00e4hem &#8211; puudub tagasimakse \/ krediit.<\/li>\n<\/ul>\n<p>&nbsp;<\/p>\n<p><em><span style=\"color: #ff0000;\" >Vein &amp; Pintsel omab \u00f5igust t\u00fchistada klassid etten\u00e4gematutel asjaoludel ja\/v\u00f5i v\u00e4hese registreerimisega \u00fcritused. Tagasimaksed t\u00f6\u00f6deldakse 4 kalendrip\u00e4eva jooksul.<\/span><\/em><\/p>\n\n\t\t<\/div>\n\t<\/div>\n<\/div><\/div><\/div><\/div>\n<\/div>","protected":false},"excerpt":{"rendered":"<h5><strong><b>\u00dcRITUSE NIMI:<\/b><\/strong><\/h5>\n<h3>NAISTEP\u00c4EVA ERI &#8211; Tulbid @Rannarestoran PAAT<\/h3>\n<p>&nbsp;<\/p>\n<p><strong><b>Kuup\u00e4ev: <\/b><\/strong>Neljap\u00e4ev, 7 M\u00e4rts, 2019<\/p>\n<p><strong><b>Kellaaeg:\u00a0<\/b><\/strong>18.30-20.30<\/p>\n<p><strong><b>Hind<\/b><\/strong>: <span style=\"color: #ff0000;\">\u20ac38 kui registreerid enne 01.03.2019,<\/span> <strong>Tavahind:<\/strong> \u20ac40 (hind \u00fche inimese kohta)<\/p>\n<p><strong>Piletite kogus<\/strong>: 15<\/p>\n<p><strong><b>Kasutatavad v\u00e4rvid<\/b><\/strong>: Akr\u00fc\u00fclv\u00e4rvid<\/p>\n<p><strong><b>L\u00f5uendi suurus:<\/b><\/strong>\u00a040x50cm<\/p>\n<p><strong><b>Soovitatav vanus: 18+<\/b><\/strong><\/p>","protected":false},"featured_media":5976,"comment_status":"open","ping_status":"closed","template":"","meta":{"_exactmetrics_skip_tracking":false,"_exactmetrics_sitenote_active":false,"_exactmetrics_sitenote_note":"","_exactmetrics_sitenote_category":0},"product_brand":[],"product_cat":[92],"product_tag":[220,219,241,111],"class_list":{"0":"post-5979","1":"product","2":"type-product","3":"status-publish","4":"has-post-thumbnail","6":"product_cat-uritused","7":"product_tag-flowers","8":"product_tag-lilled","9":"product_tag-special-event","10":"product_tag-tulbid","12":"first","13":"outofstock","14":"downloadable","15":"virtual","16":"taxable","17":"purchasable","18":"product-type-simple"},"yoast_head":"<!-- This site is optimized with the Yoast SEO plugin v27.3 - https:\/\/yoast.com\/product\/yoast-seo-wordpress\/ -->\n<title>NAISTEP\u00c4EVA ERI - Tulbid @Rannarestoran PAAT - Vein &amp; Pintsel<\/title>\n<meta name=\"robots\"  content=\"noindex, follow\"  \/>\n<meta property=\"og:locale\"  content=\"en_US\" \/>\n<meta property=\"og:type\"  content=\"article\" \/>\n<meta property=\"og:title\"  content=\"NAISTEP\u00c4EVA ERI - Tulbid @Rannarestoran PAAT - Vein &amp; Pintsel\" \/>\n<meta property=\"og:description\"  content=\"\u00dcRITUSE NIMI: NAISTEP\u00c4EVA ERI - Tulbid @Rannarestoran PAAT &nbsp;  Kuup\u00e4ev: Neljap\u00e4ev, 7 M\u00e4rts, 2019  Kellaaeg:\u00a018.30-20.30  Hind: \u20ac38 kui registreerid enne 01.03.2019, Tavahind: \u20ac40 (hind \u00fche inimese kohta)  Piletite kogus: 15  Kasutatavad v\u00e4rvid: Akr\u00fc\u00fclv\u00e4rvid  L\u00f5uendi suurus:\u00a040x50cm  Soovitatav vanus: 18+\" \/>\n<meta property=\"og:url\"  content=\"https:\/\/www.veinjapintsel.ee\/en\/product\/naistepaeva-eri-tulbid-rannarestoran-paat\/\" \/>\n<meta property=\"og:site_name\"  content=\"Vein &amp; Pintsel\" \/>\n<meta property=\"article:modified_time\"  content=\"2019-03-03T18:31:26+00:00\" \/>\n<meta property=\"og:image\"  content=\"https:\/\/www.veinjapintsel.ee\/wp-content\/uploads\/2019\/02\/fdytgj.jpg\" \/>\n\t<meta property=\"og:image:width\" content=\"368\" \/>\n\t<meta property=\"og:image:height\" content=\"474\" \/>\n\t<meta property=\"og:image:type\" content=\"image\/jpeg\" \/>\n<meta name=\"twitter:card\" content=\"summary_large_image\" \/>\n<meta name=\"twitter:label1\" content=\"Est. reading time\" \/>\n\t<meta name=\"twitter:data1\" content=\"2 minutes\" \/>\n<script type=\"application\/ld+json\" class=\"yoast-schema-graph\">{\"@context\":\"https:\\\/\\\/schema.org\",\"@graph\":[{\"@type\":\"WebPage\",\"@id\":\"https:\\\/\\\/www.veinjapintsel.ee\\\/en\\\/product\\\/naistepaeva-eri-tulbid-rannarestoran-paat\\\/\",\"url\":\"https:\\\/\\\/www.veinjapintsel.ee\\\/en\\\/product\\\/naistepaeva-eri-tulbid-rannarestoran-paat\\\/\",\"name\":\"NAISTEP\u00c4EVA ERI - Tulbid @Rannarestoran PAAT - Vein &amp; Pintsel\",\"isPartOf\":{\"@id\":\"https:\\\/\\\/veinjapintsel.ee\\\/en\\\/#website\"},\"primaryImageOfPage\":{\"@id\":\"https:\\\/\\\/www.veinjapintsel.ee\\\/en\\\/product\\\/naistepaeva-eri-tulbid-rannarestoran-paat\\\/#primaryimage\"},\"image\":{\"@id\":\"https:\\\/\\\/www.veinjapintsel.ee\\\/en\\\/product\\\/naistepaeva-eri-tulbid-rannarestoran-paat\\\/#primaryimage\"},\"thumbnailUrl\":\"https:\\\/\\\/www.veinjapintsel.ee\\\/wp-content\\\/uploads\\\/2019\\\/02\\\/fdytgj.jpg\",\"datePublished\":\"2019-02-06T20:19:55+00:00\",\"dateModified\":\"2019-03-03T18:31:26+00:00\",\"breadcrumb\":{\"@id\":\"https:\\\/\\\/www.veinjapintsel.ee\\\/en\\\/product\\\/naistepaeva-eri-tulbid-rannarestoran-paat\\\/#breadcrumb\"},\"inLanguage\":\"en-US\",\"potentialAction\":[{\"@type\":\"ReadAction\",\"target\":[\"https:\\\/\\\/www.veinjapintsel.ee\\\/en\\\/product\\\/naistepaeva-eri-tulbid-rannarestoran-paat\\\/\"]}]},{\"@type\":\"ImageObject\",\"inLanguage\":\"en-US\",\"@id\":\"https:\\\/\\\/www.veinjapintsel.ee\\\/en\\\/product\\\/naistepaeva-eri-tulbid-rannarestoran-paat\\\/#primaryimage\",\"url\":\"https:\\\/\\\/www.veinjapintsel.ee\\\/wp-content\\\/uploads\\\/2019\\\/02\\\/fdytgj.jpg\",\"contentUrl\":\"https:\\\/\\\/www.veinjapintsel.ee\\\/wp-content\\\/uploads\\\/2019\\\/02\\\/fdytgj.jpg\",\"width\":368,\"height\":474},{\"@type\":\"BreadcrumbList\",\"@id\":\"https:\\\/\\\/www.veinjapintsel.ee\\\/en\\\/product\\\/naistepaeva-eri-tulbid-rannarestoran-paat\\\/#breadcrumb\",\"itemListElement\":[{\"@type\":\"ListItem\",\"position\":1,\"name\":\"Home\",\"item\":\"https:\\\/\\\/veinjapintsel.ee\\\/en\\\/\"},{\"@type\":\"ListItem\",\"position\":2,\"name\":\"\u00dcritused\",\"item\":\"https:\\\/\\\/veinjapintsel.ee\\\/uritused\\\/\"},{\"@type\":\"ListItem\",\"position\":3,\"name\":\"NAISTEP\u00c4EVA ERI &#8211; Tulbid @Rannarestoran PAAT\"}]},{\"@type\":\"WebSite\",\"@id\":\"https:\\\/\\\/veinjapintsel.ee\\\/en\\\/#website\",\"url\":\"https:\\\/\\\/veinjapintsel.ee\\\/en\\\/\",\"name\":\"Vein &amp; Pintsel\",\"description\":\"Lihtne, l\u00f5bus ja stressivaba elamus\",\"publisher\":{\"@id\":\"https:\\\/\\\/veinjapintsel.ee\\\/en\\\/#organization\"},\"potentialAction\":[{\"@type\":\"SearchAction\",\"target\":{\"@type\":\"EntryPoint\",\"urlTemplate\":\"https:\\\/\\\/veinjapintsel.ee\\\/en\\\/?s={search_term_string}\"},\"query-input\":{\"@type\":\"PropertyValueSpecification\",\"valueRequired\":true,\"valueName\":\"search_term_string\"}}],\"inLanguage\":\"en-US\"},{\"@type\":\"Organization\",\"@id\":\"https:\\\/\\\/veinjapintsel.ee\\\/en\\\/#organization\",\"name\":\"Vein & Pintsel\",\"url\":\"https:\\\/\\\/veinjapintsel.ee\\\/en\\\/\",\"logo\":{\"@type\":\"ImageObject\",\"inLanguage\":\"en-US\",\"@id\":\"https:\\\/\\\/veinjapintsel.ee\\\/en\\\/#\\\/schema\\\/logo\\\/image\\\/\",\"url\":\"http:\\\/\\\/www.veinjapintsel.ee\\\/wp-content\\\/uploads\\\/2017\\\/10\\\/veebisaidiikoon.jpg\",\"contentUrl\":\"http:\\\/\\\/www.veinjapintsel.ee\\\/wp-content\\\/uploads\\\/2017\\\/10\\\/veebisaidiikoon.jpg\",\"width\":512,\"height\":512,\"caption\":\"Vein & Pintsel\"},\"image\":{\"@id\":\"https:\\\/\\\/veinjapintsel.ee\\\/en\\\/#\\\/schema\\\/logo\\\/image\\\/\"}}]}<\/script>\n<!-- \/ Yoast SEO plugin. -->","yoast_head_json":{"title":"NAISTEP\u00c4EVA ERI - Tulbid @Rannarestoran PAAT - Vein &amp; Pintsel","robots":{"index":"noindex","follow":"follow"},"og_locale":"en_US","og_type":"article","og_title":"NAISTEP\u00c4EVA ERI - Tulbid @Rannarestoran PAAT - Vein &amp; Pintsel","og_description":"\u00dcRITUSE NIMI: NAISTEP\u00c4EVA ERI - Tulbid @Rannarestoran PAAT &nbsp;  Kuup\u00e4ev: Neljap\u00e4ev, 7 M\u00e4rts, 2019  Kellaaeg:\u00a018.30-20.30  Hind: \u20ac38 kui registreerid enne 01.03.2019, Tavahind: \u20ac40 (hind \u00fche inimese kohta)  Piletite kogus: 15  Kasutatavad v\u00e4rvid: Akr\u00fc\u00fclv\u00e4rvid  L\u00f5uendi suurus:\u00a040x50cm  Soovitatav vanus: 18+","og_url":"https:\/\/www.veinjapintsel.ee\/en\/product\/naistepaeva-eri-tulbid-rannarestoran-paat\/","og_site_name":"Vein &amp; Pintsel","article_modified_time":"2019-03-03T18:31:26+00:00","og_image":[{"width":368,"height":474,"url":"https:\/\/www.veinjapintsel.ee\/wp-content\/uploads\/2019\/02\/fdytgj.jpg","type":"image\/jpeg"}],"twitter_card":"summary_large_image","twitter_misc":{"Est. reading time":"2 minutes"},"schema":{"@context":"https:\/\/schema.org","@graph":[{"@type":"WebPage","@id":"https:\/\/www.veinjapintsel.ee\/en\/product\/naistepaeva-eri-tulbid-rannarestoran-paat\/","url":"https:\/\/www.veinjapintsel.ee\/en\/product\/naistepaeva-eri-tulbid-rannarestoran-paat\/","name":"NAISTEP\u00c4EVA ERI - Tulbid @Rannarestoran PAAT - Vein &amp; Pintsel","isPartOf":{"@id":"https:\/\/veinjapintsel.ee\/en\/#website"},"primaryImageOfPage":{"@id":"https:\/\/www.veinjapintsel.ee\/en\/product\/naistepaeva-eri-tulbid-rannarestoran-paat\/#primaryimage"},"image":{"@id":"https:\/\/www.veinjapintsel.ee\/en\/product\/naistepaeva-eri-tulbid-rannarestoran-paat\/#primaryimage"},"thumbnailUrl":"https:\/\/www.veinjapintsel.ee\/wp-content\/uploads\/2019\/02\/fdytgj.jpg","datePublished":"2019-02-06T20:19:55+00:00","dateModified":"2019-03-03T18:31:26+00:00","breadcrumb":{"@id":"https:\/\/www.veinjapintsel.ee\/en\/product\/naistepaeva-eri-tulbid-rannarestoran-paat\/#breadcrumb"},"inLanguage":"en-US","potentialAction":[{"@type":"ReadAction","target":["https:\/\/www.veinjapintsel.ee\/en\/product\/naistepaeva-eri-tulbid-rannarestoran-paat\/"]}]},{"@type":"ImageObject","inLanguage":"en-US","@id":"https:\/\/www.veinjapintsel.ee\/en\/product\/naistepaeva-eri-tulbid-rannarestoran-paat\/#primaryimage","url":"https:\/\/www.veinjapintsel.ee\/wp-content\/uploads\/2019\/02\/fdytgj.jpg","contentUrl":"https:\/\/www.veinjapintsel.ee\/wp-content\/uploads\/2019\/02\/fdytgj.jpg","width":368,"height":474},{"@type":"BreadcrumbList","@id":"https:\/\/www.veinjapintsel.ee\/en\/product\/naistepaeva-eri-tulbid-rannarestoran-paat\/#breadcrumb","itemListElement":[{"@type":"ListItem","position":1,"name":"Home","item":"https:\/\/veinjapintsel.ee\/en\/"},{"@type":"ListItem","position":2,"name":"\u00dcritused","item":"https:\/\/veinjapintsel.ee\/uritused\/"},{"@type":"ListItem","position":3,"name":"NAISTEP\u00c4EVA ERI &#8211; Tulbid @Rannarestoran PAAT"}]},{"@type":"WebSite","@id":"https:\/\/veinjapintsel.ee\/en\/#website","url":"https:\/\/veinjapintsel.ee\/en\/","name":"Vein &amp; Pintsel","description":"SIMPLE, FUN AND STRESS-FREE EXPERIENCE!","publisher":{"@id":"https:\/\/veinjapintsel.ee\/en\/#organization"},"potentialAction":[{"@type":"SearchAction","target":{"@type":"EntryPoint","urlTemplate":"https:\/\/veinjapintsel.ee\/en\/?s={search_term_string}"},"query-input":{"@type":"PropertyValueSpecification","valueRequired":true,"valueName":"search_term_string"}}],"inLanguage":"en-US"},{"@type":"Organization","@id":"https:\/\/veinjapintsel.ee\/en\/#organization","name":"Vein & Pintsel","url":"https:\/\/veinjapintsel.ee\/en\/","logo":{"@type":"ImageObject","inLanguage":"en-US","@id":"https:\/\/veinjapintsel.ee\/en\/#\/schema\/logo\/image\/","url":"http:\/\/www.veinjapintsel.ee\/wp-content\/uploads\/2017\/10\/veebisaidiikoon.jpg","contentUrl":"http:\/\/www.veinjapintsel.ee\/wp-content\/uploads\/2017\/10\/veebisaidiikoon.jpg","width":512,"height":512,"caption":"Vein & Pintsel"},"image":{"@id":"https:\/\/veinjapintsel.ee\/en\/#\/schema\/logo\/image\/"}}]}},"_links":{"self":[{"href":"https:\/\/www.veinjapintsel.ee\/en\/wp-json\/wp\/v2\/product\/5979","targetHints":{"allow":["GET"]}}],"collection":[{"href":"https:\/\/www.veinjapintsel.ee\/en\/wp-json\/wp\/v2\/product"}],"about":[{"href":"https:\/\/www.veinjapintsel.ee\/en\/wp-json\/wp\/v2\/types\/product"}],"replies":[{"embeddable":true,"href":"https:\/\/www.veinjapintsel.ee\/en\/wp-json\/wp\/v2\/comments?post=5979"}],"wp:featuredmedia":[{"embeddable":true,"href":"https:\/\/www.veinjapintsel.ee\/en\/wp-json\/wp\/v2\/media\/5976"}],"wp:attachment":[{"href":"https:\/\/www.veinjapintsel.ee\/en\/wp-json\/wp\/v2\/media?parent=5979"}],"wp:term":[{"taxonomy":"product_brand","embeddable":true,"href":"https:\/\/www.veinjapintsel.ee\/en\/wp-json\/wp\/v2\/product_brand?post=5979"},{"taxonomy":"product_cat","embeddable":true,"href":"https:\/\/www.veinjapintsel.ee\/en\/wp-json\/wp\/v2\/product_cat?post=5979"},{"taxonomy":"product_tag","embeddable":true,"href":"https:\/\/www.veinjapintsel.ee\/en\/wp-json\/wp\/v2\/product_tag?post=5979"}],"curies":[{"name":"wp","href":"https:\/\/api.w.org\/{rel}","templated":true}]}}