{"id":6664,"date":"2019-06-30T18:10:33","date_gmt":"2019-06-30T18:10:33","guid":{"rendered":"http:\/\/www.veinjapintsel.ee\/?post_type=product&#038;p=6664"},"modified":"2019-07-09T17:34:18","modified_gmt":"2019-07-09T17:34:18","slug":"tuulik-peetri-tuuliku-suvehoovis","status":"publish","type":"product","link":"https:\/\/www.veinjapintsel.ee\/en\/product\/tuulik-peetri-tuuliku-suvehoovis\/","title":{"rendered":"TUULIK &#8211; Peetri Tuuliku suvehoovis"},"content":{"rendered":"<div class=\"wpb-content-wrapper\" ><div class=\"vc_row wpb_row vc_row-fluid\"><div class=\"wpb_column vc_column_container vc_col-sm-12\"><div class=\"vc_column-inner vc_custom_1538015756293\"><div class=\"wpb_wrapper\">\n\t<div class=\"wpb_text_column wpb_content_element\" >\n\t\t<div class=\"wpb_wrapper\">\n\t\t\t<h5><strong><b>Registration information<\/b><\/strong><\/h5>\n<p>&nbsp;<\/p>\n<p>Registreerides luuakse sulle automaatselt Vein &amp; Pintsel kliendi konto, kus saad t\u00fchistada ja organiseerida oma registreeritud \u00fcritust \/ \u00fcritusi. Sisselogimiseks m\u00e4\u00e4ratakse sulle kasutajanimi ja parool.<\/p>\n<p><strong>Simple, fun and stress-free experience!<\/strong><\/p>\n\n\t\t<\/div>\n\t<\/div>\n<div class=\"vc_separator wpb_content_element vc_separator_align_center vc_sep_width_100 vc_sep_pos_align_center vc_separator_no_text vc_sep_color_grey vc_custom_1538006780345 wpb_content_element  vc_custom_1538006780345 wpb_content_element\" ><span class=\"vc_sep_holder vc_sep_holder_l\"><span class=\"vc_sep_line\"><\/span><\/span><span class=\"vc_sep_holder vc_sep_holder_r\"><span class=\"vc_sep_line\"><\/span><\/span>\n<\/div>\n\t<div class=\"wpb_text_column wpb_content_element\" >\n\t\t<div class=\"wpb_wrapper\">\n\t\t\t<h5><strong><b>\u00dcRITUSE NIMI:<\/b><\/strong><\/h5>\n<h3>TUULIK @Peetri Tuuliku suvehoovis<\/h3>\n<p>&nbsp;<\/p>\n<p><strong><b>Kuup\u00e4ev: <\/b><\/strong>Neljap\u00e4ev, 18 Juuli<\/p>\n<p><strong><b>Kellaaeg:\u00a0<\/b><\/strong>19.00-21.00<\/p>\n<p><strong><b>Hind<\/b><\/strong>: <span style=\"color: #ff0000;\">\u20ac38 kui registreerid enne 11.07.2019,<\/span> <strong>Tavahind:<\/strong> \u20ac40 (hind \u00fche inimese kohta)<\/p>\n<p><strong>Piletite kogus<\/strong>: 20<\/p>\n<p><strong><b>Kasutatavad v\u00e4rvid<\/b><\/strong>: Akr\u00fc\u00fclv\u00e4rvid<\/p>\n<p><strong><b>L\u00f5uendi suurus:<\/b><\/strong>\u00a040x50cm<\/p>\n<p><strong><b>Soovitatav vanus: 18+<\/b><\/strong><\/p>\n\n\t\t<\/div>\n\t<\/div>\n<div class=\"vc_separator wpb_content_element vc_separator_align_center vc_sep_width_100 vc_sep_pos_align_center vc_separator_no_text vc_sep_color_grey vc_custom_1538006780345 wpb_content_element  vc_custom_1538006780345 wpb_content_element\" ><span class=\"vc_sep_holder vc_sep_holder_l\"><span class=\"vc_sep_line\"><\/span><\/span><span class=\"vc_sep_holder vc_sep_holder_r\"><span class=\"vc_sep_line\"><\/span><\/span>\n<\/div>\n\t<div class=\"wpb_text_column wpb_content_element\" >\n\t\t<div class=\"wpb_wrapper\">\n\t\t\t<h5><strong><b>LISAINFO SELLE KLASSI KOHTA<\/b><\/strong><\/h5>\n<p>&nbsp;<\/p>\n<p><strong>HIND SISALDAB:<\/strong><\/p>\n<ul>\n<li>Hind sisaldab juhendajat, tervitusjooki, suupisteid, l\u00f5uendit, v\u00e4rve, pintsleid ja k\u00f5ike muid vajalikke kunstitarbeid.\u00a0 Valmis kunstiteose saab klient endaga kaasa. Orienteeruv kestus on 2-3 tundi.<\/li>\n<\/ul>\n<p>&nbsp;<\/p>\n<p><strong>ASUKOHT:<\/strong><\/p>\n<ul>\n<li>PEETRI TUULIK &#8211; Peetri tee 2, Rae vald, 75312 Harju maakond. Vaata asukohta kaardil <a href=\"https:\/\/www.google.com\/maps\/place\/Peetri+Tuulik\/@59.389854,24.8040884,17z\/data=!4m12!1m6!3m5!1s0x4692eb165339dd43:0xfb8b4e450db8a795!2sPeetri+Tuulik!8m2!3d59.389854!4d24.8062771!3m4!1s0x4692eb165339dd43:0xfb8b4e450db8a795!8m2!3d59.389854!4d24.8062771\">SIIT<\/a>.<\/li>\n<\/ul>\n<p>&nbsp;<\/p>\n<p><strong>EELNEV REGISTREERIMINE SOOVITATUD:<\/strong><\/p>\n<ul>\n<li>K\u00fclalised peavad enne saabumist internetis registreerima. Makstab saab internetis v\u00f5i arvega. Kontrollige e-posti kinnitust. Kohapeal saab tasuda ainult sularahas. Samuti saate registreerida kui helistate meile. (Kohapeal registreerimata k\u00fclaliste kohad on piiratud, seega registreeri ette)<\/li>\n<\/ul>\n<p>&nbsp;<\/p>\n<p><strong>SAABUMISE AEG:<\/strong><\/p>\n<ul>\n<li>Meie kunstitund algab \u00f5igel ajal! Soovitame kohale tulla kuni 10min varem, et leida oma koht ja restoranis ringi uudistada. Hilinenud saabujad j\u00e4\u00e4vad ilma t\u00e4htsatest juhenditest ja kui on hilinemine on enam kui 15min siis saabujal ei pruugi enam olla v\u00f5imalust v\u00e4rvida.<\/li>\n<\/ul>\n<p>&nbsp;<\/p>\n<p><strong>MIDA KAASA V\u00d5TTA:<\/strong><\/p>\n<ul>\n<li>V\u00f5ta kaasa hea tuju<\/li>\n<\/ul>\n<p>&nbsp;<\/p>\n<p><strong>REGISTREERIMISE T\u00dcHISTAMINE:<\/strong><\/p>\n<ul>\n<li>48 tundi v\u00f5i rohkem &#8211; klient saab raha tagasi.<\/li>\n<li>48 tundi v\u00f5i v\u00e4hem &#8211; klient saab stuudiokrediit.<\/li>\n<li>2 tundi v\u00f5i v\u00e4hem &#8211; puudub tagasimakse \/ krediit.<\/li>\n<\/ul>\n<p>&nbsp;<\/p>\n<p><em><span style=\"color: #ff0000;\" >Vein &amp; Pintsel omab \u00f5igust t\u00fchistada klassid etten\u00e4gematutel asjaoludel ja\/v\u00f5i v\u00e4hese registreerimisega \u00fcritused. Tagasimaksed t\u00f6\u00f6deldakse 4 kalendrip\u00e4eva jooksul.<\/span><\/em><\/p>\n\n\t\t<\/div>\n\t<\/div>\n<\/div><\/div><\/div><\/div>\n<\/div>","protected":false},"excerpt":{"rendered":"<h5><strong><b>\u00dcRITUSE NIMI:<\/b><\/strong><\/h5>\n<h3>TUULIK @Peetri Tuuliku suvehoovis<\/h3>\n<p>&nbsp;<\/p>\n<p><strong><b>Kuup\u00e4ev: <\/b><\/strong>Neljap\u00e4ev, 18 Juuli<\/p>\n<p><strong><b>Kellaaeg:\u00a0<\/b><\/strong>19.00-21.00<\/p>\n<p><strong><b>Hind<\/b><\/strong>: <span style=\"color: #ff0000;\">\u20ac38 kui registreerid enne 11.07.2019,<\/span> <strong>Tavahind:<\/strong> \u20ac40 (hind \u00fche inimese kohta)<\/p>\n<p><strong>Piletite kogus<\/strong>: 20<\/p>\n<p><strong><b>Kasutatavad v\u00e4rvid<\/b><\/strong>: Akr\u00fc\u00fclv\u00e4rvid<\/p>\n<p><strong><b>L\u00f5uendi suurus:<\/b><\/strong>\u00a040x50cm<\/p>\n<p><strong><b>Soovitatav vanus: 18+<\/b><\/strong><\/p>","protected":false},"featured_media":6663,"comment_status":"open","ping_status":"closed","template":"","meta":{"_exactmetrics_skip_tracking":false,"_exactmetrics_sitenote_active":false,"_exactmetrics_sitenote_note":"","_exactmetrics_sitenote_category":0},"product_brand":[],"product_cat":[92],"product_tag":[],"class_list":{"0":"post-6664","1":"product","2":"type-product","3":"status-publish","4":"has-post-thumbnail","6":"product_cat-uritused","8":"first","9":"instock","10":"sale","11":"downloadable","12":"virtual","13":"taxable","14":"purchasable","15":"product-type-simple"},"yoast_head":"<!-- This site is optimized with the Yoast SEO plugin v27.3 - https:\/\/yoast.com\/product\/yoast-seo-wordpress\/ -->\n<title>TUULIK - Peetri Tuuliku suvehoovis - Vein &amp; Pintsel<\/title>\n<meta name=\"robots\"  content=\"noindex, follow\" \/>\n<meta property=\"og:locale\"  content=\"en_US\" \/>\n<meta property=\"og:type\"  content=\"article\" \/>\n<meta property=\"og:title\"  content=\"TUULIK - Peetri Tuuliku suvehoovis - Vein &amp; Pintsel\" \/>\n<meta property=\"og:description\"  content=\"\u00dcRITUSE NIMI: TUULIK @Peetri Tuuliku suvehoovis &nbsp;  Kuup\u00e4ev: Neljap\u00e4ev, 18 Juuli  Kellaaeg:\u00a019.00-21.00  Hind: \u20ac38 kui registreerid enne 11.07.2019, Tavahind: \u20ac40 (hind \u00fche inimese kohta)  Piletite kogus: 20  Kasutatavad v\u00e4rvid: Akr\u00fc\u00fclv\u00e4rvid  L\u00f5uendi suurus:\u00a040x50cm  Soovitatav vanus: 18+\" \/>\n<meta property=\"og:url\"  content=\"https:\/\/veinjapintsel.ee\/toode\/tuulik-peetri-tuuliku-suvehoovis\/\" \/>\n<meta property=\"og:site_name\"  content=\"Vein &amp; Pintsel\" \/>\n<meta property=\"article:modified_time\"  content=\"2019-07-09T17:34:18+00:00\" \/>\n<meta property=\"og:image\"  content=\"https:\/\/veinjapintsel.ee\/wp-content\/uploads\/2019\/06\/14894_w.jpg\" \/>\n\t<meta property=\"og:image:width\" content=\"478\" \/>\n\t<meta property=\"og:image:height\" content=\"600\" \/>\n\t<meta property=\"og:image:type\" content=\"image\/jpeg\" \/>\n<meta name=\"twitter:card\" content=\"summary_large_image\" \/>\n<meta name=\"twitter:label1\" content=\"Est. reading time\" \/>\n\t<meta name=\"twitter:data1\" content=\"2 minutes\" \/>\n<script type=\"application\/ld+json\" class=\"yoast-schema-graph\">{\"@context\":\"https:\\\/\\\/schema.org\",\"@graph\":[{\"@type\":\"WebPage\",\"@id\":\"https:\\\/\\\/veinjapintsel.ee\\\/toode\\\/tuulik-peetri-tuuliku-suvehoovis\\\/\",\"url\":\"https:\\\/\\\/veinjapintsel.ee\\\/toode\\\/tuulik-peetri-tuuliku-suvehoovis\\\/\",\"name\":\"TUULIK - Peetri Tuuliku suvehoovis - Vein &amp; Pintsel\",\"isPartOf\":{\"@id\":\"https:\\\/\\\/www.veinjapintsel.ee\\\/en\\\/#website\"},\"primaryImageOfPage\":{\"@id\":\"https:\\\/\\\/veinjapintsel.ee\\\/toode\\\/tuulik-peetri-tuuliku-suvehoovis\\\/#primaryimage\"},\"image\":{\"@id\":\"https:\\\/\\\/veinjapintsel.ee\\\/toode\\\/tuulik-peetri-tuuliku-suvehoovis\\\/#primaryimage\"},\"thumbnailUrl\":\"https:\\\/\\\/www.veinjapintsel.ee\\\/wp-content\\\/uploads\\\/2019\\\/06\\\/14894_w.jpg\",\"datePublished\":\"2019-06-30T18:10:33+00:00\",\"dateModified\":\"2019-07-09T17:34:18+00:00\",\"breadcrumb\":{\"@id\":\"https:\\\/\\\/veinjapintsel.ee\\\/toode\\\/tuulik-peetri-tuuliku-suvehoovis\\\/#breadcrumb\"},\"inLanguage\":\"en-US\",\"potentialAction\":[{\"@type\":\"ReadAction\",\"target\":[\"https:\\\/\\\/veinjapintsel.ee\\\/toode\\\/tuulik-peetri-tuuliku-suvehoovis\\\/\"]}]},{\"@type\":\"ImageObject\",\"inLanguage\":\"en-US\",\"@id\":\"https:\\\/\\\/veinjapintsel.ee\\\/toode\\\/tuulik-peetri-tuuliku-suvehoovis\\\/#primaryimage\",\"url\":\"https:\\\/\\\/www.veinjapintsel.ee\\\/wp-content\\\/uploads\\\/2019\\\/06\\\/14894_w.jpg\",\"contentUrl\":\"https:\\\/\\\/www.veinjapintsel.ee\\\/wp-content\\\/uploads\\\/2019\\\/06\\\/14894_w.jpg\",\"width\":478,\"height\":600},{\"@type\":\"BreadcrumbList\",\"@id\":\"https:\\\/\\\/veinjapintsel.ee\\\/toode\\\/tuulik-peetri-tuuliku-suvehoovis\\\/#breadcrumb\",\"itemListElement\":[{\"@type\":\"ListItem\",\"position\":1,\"name\":\"Home\",\"item\":\"https:\\\/\\\/www.veinjapintsel.ee\\\/en\\\/\"},{\"@type\":\"ListItem\",\"position\":2,\"name\":\"\u00dcritused\",\"item\":\"https:\\\/\\\/www.veinjapintsel.ee\\\/en\\\/uritused\\\/\"},{\"@type\":\"ListItem\",\"position\":3,\"name\":\"TUULIK &#8211; Peetri Tuuliku suvehoovis\"}]},{\"@type\":\"WebSite\",\"@id\":\"https:\\\/\\\/www.veinjapintsel.ee\\\/en\\\/#website\",\"url\":\"https:\\\/\\\/www.veinjapintsel.ee\\\/en\\\/\",\"name\":\"Vein &amp; Pintsel\",\"description\":\"Lihtne, l\u00f5bus ja stressivaba elamus\",\"publisher\":{\"@id\":\"https:\\\/\\\/www.veinjapintsel.ee\\\/en\\\/#organization\"},\"potentialAction\":[{\"@type\":\"SearchAction\",\"target\":{\"@type\":\"EntryPoint\",\"urlTemplate\":\"https:\\\/\\\/www.veinjapintsel.ee\\\/en\\\/?s={search_term_string}\"},\"query-input\":{\"@type\":\"PropertyValueSpecification\",\"valueRequired\":true,\"valueName\":\"search_term_string\"}}],\"inLanguage\":\"en-US\"},{\"@type\":\"Organization\",\"@id\":\"https:\\\/\\\/www.veinjapintsel.ee\\\/en\\\/#organization\",\"name\":\"Vein & Pintsel\",\"url\":\"https:\\\/\\\/www.veinjapintsel.ee\\\/en\\\/\",\"logo\":{\"@type\":\"ImageObject\",\"inLanguage\":\"en-US\",\"@id\":\"https:\\\/\\\/www.veinjapintsel.ee\\\/en\\\/#\\\/schema\\\/logo\\\/image\\\/\",\"url\":\"http:\\\/\\\/www.veinjapintsel.ee\\\/wp-content\\\/uploads\\\/2017\\\/10\\\/veebisaidiikoon.jpg\",\"contentUrl\":\"http:\\\/\\\/www.veinjapintsel.ee\\\/wp-content\\\/uploads\\\/2017\\\/10\\\/veebisaidiikoon.jpg\",\"width\":512,\"height\":512,\"caption\":\"Vein & Pintsel\"},\"image\":{\"@id\":\"https:\\\/\\\/www.veinjapintsel.ee\\\/en\\\/#\\\/schema\\\/logo\\\/image\\\/\"}}]}<\/script>\n<!-- \/ Yoast SEO plugin. -->","yoast_head_json":{"title":"TUULIK - Peetri Tuuliku suvehoovis - Vein &amp; Pintsel","robots":{"index":"noindex","follow":"follow"},"og_locale":"en_US","og_type":"article","og_title":"TUULIK - Peetri Tuuliku suvehoovis - Vein &amp; Pintsel","og_description":"\u00dcRITUSE NIMI: TUULIK @Peetri Tuuliku suvehoovis &nbsp;  Kuup\u00e4ev: Neljap\u00e4ev, 18 Juuli  Kellaaeg:\u00a019.00-21.00  Hind: \u20ac38 kui registreerid enne 11.07.2019, Tavahind: \u20ac40 (hind \u00fche inimese kohta)  Piletite kogus: 20  Kasutatavad v\u00e4rvid: Akr\u00fc\u00fclv\u00e4rvid  L\u00f5uendi suurus:\u00a040x50cm  Soovitatav vanus: 18+","og_url":"https:\/\/veinjapintsel.ee\/toode\/tuulik-peetri-tuuliku-suvehoovis\/","og_site_name":"Vein &amp; Pintsel","article_modified_time":"2019-07-09T17:34:18+00:00","og_image":[{"width":478,"height":600,"url":"https:\/\/veinjapintsel.ee\/wp-content\/uploads\/2019\/06\/14894_w.jpg","type":"image\/jpeg"}],"twitter_card":"summary_large_image","twitter_misc":{"Est. reading time":"2 minutes"},"schema":{"@context":"https:\/\/schema.org","@graph":[{"@type":"WebPage","@id":"https:\/\/veinjapintsel.ee\/toode\/tuulik-peetri-tuuliku-suvehoovis\/","url":"https:\/\/veinjapintsel.ee\/toode\/tuulik-peetri-tuuliku-suvehoovis\/","name":"TUULIK - Peetri Tuuliku suvehoovis - Vein &amp; Pintsel","isPartOf":{"@id":"https:\/\/www.veinjapintsel.ee\/en\/#website"},"primaryImageOfPage":{"@id":"https:\/\/veinjapintsel.ee\/toode\/tuulik-peetri-tuuliku-suvehoovis\/#primaryimage"},"image":{"@id":"https:\/\/veinjapintsel.ee\/toode\/tuulik-peetri-tuuliku-suvehoovis\/#primaryimage"},"thumbnailUrl":"https:\/\/www.veinjapintsel.ee\/wp-content\/uploads\/2019\/06\/14894_w.jpg","datePublished":"2019-06-30T18:10:33+00:00","dateModified":"2019-07-09T17:34:18+00:00","breadcrumb":{"@id":"https:\/\/veinjapintsel.ee\/toode\/tuulik-peetri-tuuliku-suvehoovis\/#breadcrumb"},"inLanguage":"en-US","potentialAction":[{"@type":"ReadAction","target":["https:\/\/veinjapintsel.ee\/toode\/tuulik-peetri-tuuliku-suvehoovis\/"]}]},{"@type":"ImageObject","inLanguage":"en-US","@id":"https:\/\/veinjapintsel.ee\/toode\/tuulik-peetri-tuuliku-suvehoovis\/#primaryimage","url":"https:\/\/www.veinjapintsel.ee\/wp-content\/uploads\/2019\/06\/14894_w.jpg","contentUrl":"https:\/\/www.veinjapintsel.ee\/wp-content\/uploads\/2019\/06\/14894_w.jpg","width":478,"height":600},{"@type":"BreadcrumbList","@id":"https:\/\/veinjapintsel.ee\/toode\/tuulik-peetri-tuuliku-suvehoovis\/#breadcrumb","itemListElement":[{"@type":"ListItem","position":1,"name":"Home","item":"https:\/\/www.veinjapintsel.ee\/en\/"},{"@type":"ListItem","position":2,"name":"\u00dcritused","item":"https:\/\/www.veinjapintsel.ee\/en\/uritused\/"},{"@type":"ListItem","position":3,"name":"TUULIK &#8211; Peetri Tuuliku suvehoovis"}]},{"@type":"WebSite","@id":"https:\/\/www.veinjapintsel.ee\/en\/#website","url":"https:\/\/www.veinjapintsel.ee\/en\/","name":"Vein &amp; Pintsel","description":"SIMPLE, FUN AND STRESS-FREE EXPERIENCE!","publisher":{"@id":"https:\/\/www.veinjapintsel.ee\/en\/#organization"},"potentialAction":[{"@type":"SearchAction","target":{"@type":"EntryPoint","urlTemplate":"https:\/\/www.veinjapintsel.ee\/en\/?s={search_term_string}"},"query-input":{"@type":"PropertyValueSpecification","valueRequired":true,"valueName":"search_term_string"}}],"inLanguage":"en-US"},{"@type":"Organization","@id":"https:\/\/www.veinjapintsel.ee\/en\/#organization","name":"Vein & Pintsel","url":"https:\/\/www.veinjapintsel.ee\/en\/","logo":{"@type":"ImageObject","inLanguage":"en-US","@id":"https:\/\/www.veinjapintsel.ee\/en\/#\/schema\/logo\/image\/","url":"http:\/\/www.veinjapintsel.ee\/wp-content\/uploads\/2017\/10\/veebisaidiikoon.jpg","contentUrl":"http:\/\/www.veinjapintsel.ee\/wp-content\/uploads\/2017\/10\/veebisaidiikoon.jpg","width":512,"height":512,"caption":"Vein & Pintsel"},"image":{"@id":"https:\/\/www.veinjapintsel.ee\/en\/#\/schema\/logo\/image\/"}}]}},"_links":{"self":[{"href":"https:\/\/www.veinjapintsel.ee\/en\/wp-json\/wp\/v2\/product\/6664","targetHints":{"allow":["GET"]}}],"collection":[{"href":"https:\/\/www.veinjapintsel.ee\/en\/wp-json\/wp\/v2\/product"}],"about":[{"href":"https:\/\/www.veinjapintsel.ee\/en\/wp-json\/wp\/v2\/types\/product"}],"replies":[{"embeddable":true,"href":"https:\/\/www.veinjapintsel.ee\/en\/wp-json\/wp\/v2\/comments?post=6664"}],"wp:featuredmedia":[{"embeddable":true,"href":"https:\/\/www.veinjapintsel.ee\/en\/wp-json\/wp\/v2\/media\/6663"}],"wp:attachment":[{"href":"https:\/\/www.veinjapintsel.ee\/en\/wp-json\/wp\/v2\/media?parent=6664"}],"wp:term":[{"taxonomy":"product_brand","embeddable":true,"href":"https:\/\/www.veinjapintsel.ee\/en\/wp-json\/wp\/v2\/product_brand?post=6664"},{"taxonomy":"product_cat","embeddable":true,"href":"https:\/\/www.veinjapintsel.ee\/en\/wp-json\/wp\/v2\/product_cat?post=6664"},{"taxonomy":"product_tag","embeddable":true,"href":"https:\/\/www.veinjapintsel.ee\/en\/wp-json\/wp\/v2\/product_tag?post=6664"}],"curies":[{"name":"wp","href":"https:\/\/api.w.org\/{rel}","templated":true}]}}