{"id":7401,"date":"2019-08-04T05:17:36","date_gmt":"2019-08-04T05:17:36","guid":{"rendered":"http:\/\/www.veinjapintsel.ee\/?post_type=product&#038;p=7401"},"modified":"2019-09-11T09:48:01","modified_gmt":"2019-09-11T09:48:01","slug":"avalik-uritus-tahine-oo","status":"publish","type":"product","link":"https:\/\/www.veinjapintsel.ee\/en\/product\/avalik-uritus-tahine-oo\/","title":{"rendered":"Avalik \u00fcritus &#8211; T\u00c4HINE \u00d6\u00d6"},"content":{"rendered":"<div class=\"wpb-content-wrapper\" ><div class=\"vc_row wpb_row vc_row-fluid\"><div class=\"wpb_column vc_column_container vc_col-sm-12\"><div class=\"vc_column-inner\"><div class=\"wpb_wrapper\"><\/div><\/div><\/div><\/div>\n<\/div>","protected":false},"excerpt":{"rendered":"<h5><strong><b>\u00dcRITUSE NIMI:<\/b><\/strong><\/h5>\n<h3>Avalik \u00fcritus &#8211; T\u00c4HINE \u00d6\u00d6<\/h3>\n<p>&nbsp;<\/p>\n<p><strong><b>Kuup\u00e4ev: <\/b><\/strong>Neljap\u00e4ev, 12 September, 2019<\/p>\n<p><strong><b>Kellaaeg: <\/b><\/strong>18.00-20.00<\/p>\n<p><strong><b>Hind: <\/b><\/strong>\u20ac32 (hind \u00fche inimese kohta)<\/p>\n<p><strong><b>Kasutatavad v\u00e4rvid<\/b><\/strong>: Akr\u00fc\u00fclv\u00e4rvid<\/p>\n<p><strong><b>L\u00f5uendi suurus:<\/b><\/strong>\u00a040cmx50cm<\/p>\n<p><strong><b>Soovitatav vanus: 14+<\/b><\/strong><\/p>","protected":false},"featured_media":7400,"comment_status":"open","ping_status":"closed","template":"","meta":{"_exactmetrics_skip_tracking":false,"_exactmetrics_sitenote_active":false,"_exactmetrics_sitenote_note":"","_exactmetrics_sitenote_category":0},"product_brand":[],"product_cat":[92],"product_tag":[],"class_list":{"0":"post-7401","1":"product","2":"type-product","3":"status-publish","4":"has-post-thumbnail","6":"product_cat-uritused","8":"first","9":"outofstock","10":"downloadable","11":"virtual","12":"taxable","13":"purchasable","14":"product-type-simple"},"yoast_head":"<!-- This site is optimized with the Yoast SEO plugin v27.3 - https:\/\/yoast.com\/product\/yoast-seo-wordpress\/ -->\n<title>Avalik \u00fcritus - T\u00c4HINE \u00d6\u00d6 - Vein &amp; Pintsel<\/title>\n<meta name=\"robots\"  content=\"noindex, follow\" \/>\n<meta property=\"og:locale\"  content=\"en_US\" \/>\n<meta property=\"og:type\"  content=\"article\" \/>\n<meta property=\"og:title\"  content=\"Avalik \u00fcritus - T\u00c4HINE \u00d6\u00d6 - Vein &amp; Pintsel\" \/>\n<meta property=\"og:description\"  content=\"\u00dcRITUSE NIMI: Avalik \u00fcritus - T\u00c4HINE \u00d6\u00d6 &nbsp;  Kuup\u00e4ev: Neljap\u00e4ev, 12 September, 2019  Kellaaeg: 18.00-20.00  Hind: \u20ac32 (hind \u00fche inimese kohta)  Kasutatavad v\u00e4rvid: Akr\u00fc\u00fclv\u00e4rvid  L\u00f5uendi suurus:\u00a040cmx50cm  Soovitatav vanus: 14+\" \/>\n<meta property=\"og:url\"  content=\"https:\/\/www.veinjapintsel.ee\/en\/product\/avalik-uritus-tahine-oo\/\" \/>\n<meta property=\"og:site_name\"  content=\"Vein &amp; Pintsel\" \/>\n<meta property=\"article:modified_time\"  content=\"2019-09-11T09:48:01+00:00\" \/>\n<meta property=\"og:image\"  content=\"https:\/\/veinjapintsel.ee\/wp-content\/uploads\/2019\/08\/kh.jpg\" \/>\n\t<meta property=\"og:image:width\" content=\"366\" \/>\n\t<meta property=\"og:image:height\" content=\"458\" \/>\n\t<meta property=\"og:image:type\" content=\"image\/jpeg\" \/>\n<meta name=\"twitter:card\" content=\"summary_large_image\" \/>\n<script type=\"application\/ld+json\" class=\"yoast-schema-graph\">{\"@context\":\"https:\\\/\\\/schema.org\",\"@graph\":[{\"@type\":\"WebPage\",\"@id\":\"https:\\\/\\\/www.veinjapintsel.ee\\\/en\\\/product\\\/avalik-uritus-tahine-oo\\\/\",\"url\":\"https:\\\/\\\/www.veinjapintsel.ee\\\/en\\\/product\\\/avalik-uritus-tahine-oo\\\/\",\"name\":\"Avalik \u00fcritus - T\u00c4HINE \u00d6\u00d6 - Vein &amp; Pintsel\",\"isPartOf\":{\"@id\":\"https:\\\/\\\/veinjapintsel.ee\\\/#website\"},\"primaryImageOfPage\":{\"@id\":\"https:\\\/\\\/www.veinjapintsel.ee\\\/en\\\/product\\\/avalik-uritus-tahine-oo\\\/#primaryimage\"},\"image\":{\"@id\":\"https:\\\/\\\/www.veinjapintsel.ee\\\/en\\\/product\\\/avalik-uritus-tahine-oo\\\/#primaryimage\"},\"thumbnailUrl\":\"https:\\\/\\\/www.veinjapintsel.ee\\\/wp-content\\\/uploads\\\/2019\\\/08\\\/kh.jpg\",\"datePublished\":\"2019-08-04T05:17:36+00:00\",\"dateModified\":\"2019-09-11T09:48:01+00:00\",\"breadcrumb\":{\"@id\":\"https:\\\/\\\/www.veinjapintsel.ee\\\/en\\\/product\\\/avalik-uritus-tahine-oo\\\/#breadcrumb\"},\"inLanguage\":\"en-US\",\"potentialAction\":[{\"@type\":\"ReadAction\",\"target\":[\"https:\\\/\\\/www.veinjapintsel.ee\\\/en\\\/product\\\/avalik-uritus-tahine-oo\\\/\"]}]},{\"@type\":\"ImageObject\",\"inLanguage\":\"en-US\",\"@id\":\"https:\\\/\\\/www.veinjapintsel.ee\\\/en\\\/product\\\/avalik-uritus-tahine-oo\\\/#primaryimage\",\"url\":\"https:\\\/\\\/www.veinjapintsel.ee\\\/wp-content\\\/uploads\\\/2019\\\/08\\\/kh.jpg\",\"contentUrl\":\"https:\\\/\\\/www.veinjapintsel.ee\\\/wp-content\\\/uploads\\\/2019\\\/08\\\/kh.jpg\",\"width\":366,\"height\":458},{\"@type\":\"BreadcrumbList\",\"@id\":\"https:\\\/\\\/www.veinjapintsel.ee\\\/en\\\/product\\\/avalik-uritus-tahine-oo\\\/#breadcrumb\",\"itemListElement\":[{\"@type\":\"ListItem\",\"position\":1,\"name\":\"Home\",\"item\":\"https:\\\/\\\/veinjapintsel.ee\\\/\"},{\"@type\":\"ListItem\",\"position\":2,\"name\":\"\u00dcritused\",\"item\":\"https:\\\/\\\/www.veinjapintsel.ee\\\/en\\\/uritused\\\/\"},{\"@type\":\"ListItem\",\"position\":3,\"name\":\"Avalik \u00fcritus &#8211; T\u00c4HINE \u00d6\u00d6\"}]},{\"@type\":\"WebSite\",\"@id\":\"https:\\\/\\\/veinjapintsel.ee\\\/#website\",\"url\":\"https:\\\/\\\/veinjapintsel.ee\\\/\",\"name\":\"Vein &amp; Pintsel\",\"description\":\"Lihtne, l\u00f5bus ja stressivaba elamus\",\"publisher\":{\"@id\":\"https:\\\/\\\/veinjapintsel.ee\\\/#organization\"},\"potentialAction\":[{\"@type\":\"SearchAction\",\"target\":{\"@type\":\"EntryPoint\",\"urlTemplate\":\"https:\\\/\\\/veinjapintsel.ee\\\/?s={search_term_string}\"},\"query-input\":{\"@type\":\"PropertyValueSpecification\",\"valueRequired\":true,\"valueName\":\"search_term_string\"}}],\"inLanguage\":\"en-US\"},{\"@type\":\"Organization\",\"@id\":\"https:\\\/\\\/veinjapintsel.ee\\\/#organization\",\"name\":\"Vein & Pintsel\",\"url\":\"https:\\\/\\\/veinjapintsel.ee\\\/\",\"logo\":{\"@type\":\"ImageObject\",\"inLanguage\":\"en-US\",\"@id\":\"https:\\\/\\\/veinjapintsel.ee\\\/#\\\/schema\\\/logo\\\/image\\\/\",\"url\":\"http:\\\/\\\/www.veinjapintsel.ee\\\/wp-content\\\/uploads\\\/2017\\\/10\\\/veebisaidiikoon.jpg\",\"contentUrl\":\"http:\\\/\\\/www.veinjapintsel.ee\\\/wp-content\\\/uploads\\\/2017\\\/10\\\/veebisaidiikoon.jpg\",\"width\":512,\"height\":512,\"caption\":\"Vein & Pintsel\"},\"image\":{\"@id\":\"https:\\\/\\\/veinjapintsel.ee\\\/#\\\/schema\\\/logo\\\/image\\\/\"}}]}<\/script>\n<!-- \/ Yoast SEO plugin. -->","yoast_head_json":{"title":"Avalik \u00fcritus - T\u00c4HINE \u00d6\u00d6 - Vein &amp; Pintsel","robots":{"index":"noindex","follow":"follow"},"og_locale":"en_US","og_type":"article","og_title":"Avalik \u00fcritus - T\u00c4HINE \u00d6\u00d6 - Vein &amp; Pintsel","og_description":"\u00dcRITUSE NIMI: Avalik \u00fcritus - T\u00c4HINE \u00d6\u00d6 &nbsp;  Kuup\u00e4ev: Neljap\u00e4ev, 12 September, 2019  Kellaaeg: 18.00-20.00  Hind: \u20ac32 (hind \u00fche inimese kohta)  Kasutatavad v\u00e4rvid: Akr\u00fc\u00fclv\u00e4rvid  L\u00f5uendi suurus:\u00a040cmx50cm  Soovitatav vanus: 14+","og_url":"https:\/\/www.veinjapintsel.ee\/en\/product\/avalik-uritus-tahine-oo\/","og_site_name":"Vein &amp; Pintsel","article_modified_time":"2019-09-11T09:48:01+00:00","og_image":[{"width":366,"height":458,"url":"https:\/\/veinjapintsel.ee\/wp-content\/uploads\/2019\/08\/kh.jpg","type":"image\/jpeg"}],"twitter_card":"summary_large_image","schema":{"@context":"https:\/\/schema.org","@graph":[{"@type":"WebPage","@id":"https:\/\/www.veinjapintsel.ee\/en\/product\/avalik-uritus-tahine-oo\/","url":"https:\/\/www.veinjapintsel.ee\/en\/product\/avalik-uritus-tahine-oo\/","name":"Avalik \u00fcritus - T\u00c4HINE \u00d6\u00d6 - Vein &amp; Pintsel","isPartOf":{"@id":"https:\/\/veinjapintsel.ee\/#website"},"primaryImageOfPage":{"@id":"https:\/\/www.veinjapintsel.ee\/en\/product\/avalik-uritus-tahine-oo\/#primaryimage"},"image":{"@id":"https:\/\/www.veinjapintsel.ee\/en\/product\/avalik-uritus-tahine-oo\/#primaryimage"},"thumbnailUrl":"https:\/\/www.veinjapintsel.ee\/wp-content\/uploads\/2019\/08\/kh.jpg","datePublished":"2019-08-04T05:17:36+00:00","dateModified":"2019-09-11T09:48:01+00:00","breadcrumb":{"@id":"https:\/\/www.veinjapintsel.ee\/en\/product\/avalik-uritus-tahine-oo\/#breadcrumb"},"inLanguage":"en-US","potentialAction":[{"@type":"ReadAction","target":["https:\/\/www.veinjapintsel.ee\/en\/product\/avalik-uritus-tahine-oo\/"]}]},{"@type":"ImageObject","inLanguage":"en-US","@id":"https:\/\/www.veinjapintsel.ee\/en\/product\/avalik-uritus-tahine-oo\/#primaryimage","url":"https:\/\/www.veinjapintsel.ee\/wp-content\/uploads\/2019\/08\/kh.jpg","contentUrl":"https:\/\/www.veinjapintsel.ee\/wp-content\/uploads\/2019\/08\/kh.jpg","width":366,"height":458},{"@type":"BreadcrumbList","@id":"https:\/\/www.veinjapintsel.ee\/en\/product\/avalik-uritus-tahine-oo\/#breadcrumb","itemListElement":[{"@type":"ListItem","position":1,"name":"Home","item":"https:\/\/veinjapintsel.ee\/"},{"@type":"ListItem","position":2,"name":"\u00dcritused","item":"https:\/\/www.veinjapintsel.ee\/en\/uritused\/"},{"@type":"ListItem","position":3,"name":"Avalik \u00fcritus &#8211; T\u00c4HINE \u00d6\u00d6"}]},{"@type":"WebSite","@id":"https:\/\/veinjapintsel.ee\/#website","url":"https:\/\/veinjapintsel.ee\/","name":"Vein &amp; Pintsel","description":"SIMPLE, FUN AND STRESS-FREE EXPERIENCE!","publisher":{"@id":"https:\/\/veinjapintsel.ee\/#organization"},"potentialAction":[{"@type":"SearchAction","target":{"@type":"EntryPoint","urlTemplate":"https:\/\/veinjapintsel.ee\/?s={search_term_string}"},"query-input":{"@type":"PropertyValueSpecification","valueRequired":true,"valueName":"search_term_string"}}],"inLanguage":"en-US"},{"@type":"Organization","@id":"https:\/\/veinjapintsel.ee\/#organization","name":"Vein & Pintsel","url":"https:\/\/veinjapintsel.ee\/","logo":{"@type":"ImageObject","inLanguage":"en-US","@id":"https:\/\/veinjapintsel.ee\/#\/schema\/logo\/image\/","url":"http:\/\/www.veinjapintsel.ee\/wp-content\/uploads\/2017\/10\/veebisaidiikoon.jpg","contentUrl":"http:\/\/www.veinjapintsel.ee\/wp-content\/uploads\/2017\/10\/veebisaidiikoon.jpg","width":512,"height":512,"caption":"Vein & Pintsel"},"image":{"@id":"https:\/\/veinjapintsel.ee\/#\/schema\/logo\/image\/"}}]}},"_links":{"self":[{"href":"https:\/\/www.veinjapintsel.ee\/en\/wp-json\/wp\/v2\/product\/7401","targetHints":{"allow":["GET"]}}],"collection":[{"href":"https:\/\/www.veinjapintsel.ee\/en\/wp-json\/wp\/v2\/product"}],"about":[{"href":"https:\/\/www.veinjapintsel.ee\/en\/wp-json\/wp\/v2\/types\/product"}],"replies":[{"embeddable":true,"href":"https:\/\/www.veinjapintsel.ee\/en\/wp-json\/wp\/v2\/comments?post=7401"}],"wp:featuredmedia":[{"embeddable":true,"href":"https:\/\/www.veinjapintsel.ee\/en\/wp-json\/wp\/v2\/media\/7400"}],"wp:attachment":[{"href":"https:\/\/www.veinjapintsel.ee\/en\/wp-json\/wp\/v2\/media?parent=7401"}],"wp:term":[{"taxonomy":"product_brand","embeddable":true,"href":"https:\/\/www.veinjapintsel.ee\/en\/wp-json\/wp\/v2\/product_brand?post=7401"},{"taxonomy":"product_cat","embeddable":true,"href":"https:\/\/www.veinjapintsel.ee\/en\/wp-json\/wp\/v2\/product_cat?post=7401"},{"taxonomy":"product_tag","embeddable":true,"href":"https:\/\/www.veinjapintsel.ee\/en\/wp-json\/wp\/v2\/product_tag?post=7401"}],"curies":[{"name":"wp","href":"https:\/\/api.w.org\/{rel}","templated":true}]}}